{"id":160720,"date":"2026-03-01T00:04:29","date_gmt":"2026-03-01T00:04:29","guid":{"rendered":"https:\/\/modesthanim.com\/product\/efsun-jakar-dogal-sal-lacivert\/"},"modified":"2026-03-28T01:01:33","modified_gmt":"2026-03-28T01:01:33","slug":"efsun-jakar-dogal-sal-lacivert","status":"publish","type":"product","link":"https:\/\/mod.wisdar.net\/tr\/urun\/efsun-jakar-dogal-sal-lacivert\/","title":{"rendered":"Efsun Jakar Do\u011fal \u015eal \u2013 Lacivert"},"content":{"rendered":"<p>Efsun Jakar \u015eal, zarif desenleriyle sade zarafeti vurgular. Jakar dokumas\u0131 \u015fala hafif bir derinlik kazand\u0131r\u0131rken, mat biti\u015fi \u015f\u0131k bir g\u00f6r\u00fcn\u00fcm sunar.<\/p>\n<p>Kuma\u015f Bile\u015fimi: %70 Pamuk, %30 Polyester<\/p>\n<p>Desen: Jakar Desen<\/p>\n<p>\u00dcr\u00fcn Boyutlar\u0131: 100 x 100 cm<\/p>\n","protected":false},"excerpt":{"rendered":"<p>Efsun Jakar \u015eal, zarif desenleriyle sade zarafeti vurgular. Jakar dokumas\u0131 \u015fala hafif bir derinlik kazand\u0131r\u0131rken, mat biti\u015fi \u015f\u0131k bir g\u00f6r\u00fcn\u00fcm sunar. Kuma\u015f Bile\u015fimi: %70 Pamuk, %30 Polyester Desen: Jakar Desen \u00dcr\u00fcn Boyutlar\u0131: 100 x 100 cm<\/p>\n","protected":false},"featured_media":160711,"comment_status":"open","ping_status":"closed","template":"","meta":[],"product_brand":[],"product_cat":[11122],"product_tag":[],"class_list":{"0":"post-160720","1":"product","2":"type-product","3":"status-publish","4":"has-post-thumbnail","6":"product_cat-esarp-sal","7":"pa_color-navy-blue","8":"pa_size-std","10":"first","11":"instock","12":"shipping-taxable","13":"purchasable","14":"product-type-variable"},"_links":{"self":[{"href":"https:\/\/mod.wisdar.net\/tr\/wp-json\/wp\/v2\/product\/160720","targetHints":{"allow":["GET"]}}],"collection":[{"href":"https:\/\/mod.wisdar.net\/tr\/wp-json\/wp\/v2\/product"}],"about":[{"href":"https:\/\/mod.wisdar.net\/tr\/wp-json\/wp\/v2\/types\/product"}],"replies":[{"embeddable":true,"href":"https:\/\/mod.wisdar.net\/tr\/wp-json\/wp\/v2\/comments?post=160720"}],"wp:featuredmedia":[{"embeddable":true,"href":"https:\/\/mod.wisdar.net\/tr\/wp-json\/wp\/v2\/media\/160711"}],"wp:attachment":[{"href":"https:\/\/mod.wisdar.net\/tr\/wp-json\/wp\/v2\/media?parent=160720"}],"wp:term":[{"taxonomy":"product_brand","embeddable":true,"href":"https:\/\/mod.wisdar.net\/tr\/wp-json\/wp\/v2\/product_brand?post=160720"},{"taxonomy":"product_cat","embeddable":true,"href":"https:\/\/mod.wisdar.net\/tr\/wp-json\/wp\/v2\/product_cat?post=160720"},{"taxonomy":"product_tag","embeddable":true,"href":"https:\/\/mod.wisdar.net\/tr\/wp-json\/wp\/v2\/product_tag?post=160720"}],"curies":[{"name":"wp","href":"https:\/\/api.w.org\/{rel}","templated":true}]}}