{"id":160784,"date":"2026-03-01T00:06:34","date_gmt":"2026-03-01T00:06:34","guid":{"rendered":"https:\/\/modesthanim.com\/product\/efsun-jakarli-natural-esarp-siyah\/"},"modified":"2026-04-15T22:07:03","modified_gmt":"2026-04-15T22:07:03","slug":"efsun-jakarli-natural-esarp-siyah","status":"publish","type":"product","link":"https:\/\/mod.wisdar.net\/tr\/urun\/efsun-jakarli-natural-esarp-siyah\/","title":{"rendered":"Efsun Jakarl\u0131 Natural E\u015farp \u2013 Siyah"},"content":{"rendered":"<p>Efsun Jakar E\u015farp, dokusundaki ince desenlerle sade \u015f\u0131kl\u0131\u011f\u0131 \u00f6n plana \u00e7\u0131kar\u0131r. Jakar dokuma yap\u0131s\u0131, e\u015farba hafif bir derinlik kazand\u0131r\u0131rken mat g\u00f6r\u00fcn\u00fcm\u00fcyle duru bir duru\u015f sunar.<br \/>\nKuma\u015f \u0130\u00e7eri\u011fi: %70 Pamuk, %30 Polyester<br \/>\nDesen: Jakar Desen<br \/>\n\u00dcr\u00fcn Ebat\u0131: 100 x 100 cm<\/p>\n<p>\u2014 Technical Details \u2014<br \/>\ndesen: Jakar Desen<br \/>\nurun_ebati: 100 x 100 cm<\/p>\n","protected":false},"excerpt":{"rendered":"<p>Efsun Jakar E\u015farp, dokusundaki ince desenlerle sade \u015f\u0131kl\u0131\u011f\u0131 \u00f6n plana \u00e7\u0131kar\u0131r. Jakar dokuma yap\u0131s\u0131, e\u015farba hafif bir derinlik kazand\u0131r\u0131rken mat g\u00f6r\u00fcn\u00fcm\u00fcyle duru bir duru\u015f sunar. Kuma\u015f \u0130\u00e7eri\u011fi: %70 Pamuk, %30 Polyester Desen: Jakar Desen \u00dcr\u00fcn Ebat\u0131: 100 x 100 cm \u2014 Technical Details \u2014 desen: Jakar Desen urun_ebati: 100 x 100 cm<\/p>\n","protected":false},"featured_media":160772,"comment_status":"open","ping_status":"closed","template":"","meta":[],"product_brand":[],"product_cat":[11122],"product_tag":[6995],"class_list":{"0":"post-160784","1":"product","2":"type-product","3":"status-publish","4":"has-post-thumbnail","6":"product_cat-esarp-sal","7":"product_tag-moda-aksesuari","8":"pa_brand-tugba","9":"pa_color-siyah","10":"pa_size-std","12":"first","13":"outofstock","14":"shipping-taxable","15":"product-type-variable"},"_links":{"self":[{"href":"https:\/\/mod.wisdar.net\/tr\/wp-json\/wp\/v2\/product\/160784","targetHints":{"allow":["GET"]}}],"collection":[{"href":"https:\/\/mod.wisdar.net\/tr\/wp-json\/wp\/v2\/product"}],"about":[{"href":"https:\/\/mod.wisdar.net\/tr\/wp-json\/wp\/v2\/types\/product"}],"replies":[{"embeddable":true,"href":"https:\/\/mod.wisdar.net\/tr\/wp-json\/wp\/v2\/comments?post=160784"}],"wp:featuredmedia":[{"embeddable":true,"href":"https:\/\/mod.wisdar.net\/tr\/wp-json\/wp\/v2\/media\/160772"}],"wp:attachment":[{"href":"https:\/\/mod.wisdar.net\/tr\/wp-json\/wp\/v2\/media?parent=160784"}],"wp:term":[{"taxonomy":"product_brand","embeddable":true,"href":"https:\/\/mod.wisdar.net\/tr\/wp-json\/wp\/v2\/product_brand?post=160784"},{"taxonomy":"product_cat","embeddable":true,"href":"https:\/\/mod.wisdar.net\/tr\/wp-json\/wp\/v2\/product_cat?post=160784"},{"taxonomy":"product_tag","embeddable":true,"href":"https:\/\/mod.wisdar.net\/tr\/wp-json\/wp\/v2\/product_tag?post=160784"}],"curies":[{"name":"wp","href":"https:\/\/api.w.org\/{rel}","templated":true}]}}