{"id":160791,"date":"2026-03-01T00:06:59","date_gmt":"2026-03-01T00:06:59","guid":{"rendered":"https:\/\/modesthanim.com\/product\/verev-motifli-jakarli-sal-fume\/"},"modified":"2026-03-01T00:07:13","modified_gmt":"2026-03-01T00:07:13","slug":"verev-motifli-jakarli-sal-fume","status":"publish","type":"product","link":"https:\/\/mod.wisdar.net\/tr\/urun\/verev-motifli-jakarli-sal-fume\/","title":{"rendered":"Verev Motifli Jakarl\u0131 \u015eal F\u00fcme"},"content":{"rendered":"<p>\u2014 Technical Details \u2014<br \/>\nSezon: MEVS\u0130ML\u0130K<\/p>\n","protected":false},"excerpt":{"rendered":"<p>\u2014 Technical Details \u2014 Sezon: MEVS\u0130ML\u0130K<\/p>\n","protected":false},"featured_media":160787,"comment_status":"open","ping_status":"closed","template":"","meta":[],"product_brand":[],"product_cat":[11122],"product_tag":[8174,6995],"class_list":{"0":"post-160791","1":"product","2":"type-product","3":"status-publish","4":"has-post-thumbnail","6":"product_cat-esarp-sal","7":"product_tag-atki","8":"product_tag-moda-aksesuari","9":"pa_brand-minik-terzi","10":"pa_color-fume","11":"pa_size-standart","13":"first","14":"instock","15":"shipping-taxable","16":"purchasable","17":"product-type-variable"},"_links":{"self":[{"href":"https:\/\/mod.wisdar.net\/tr\/wp-json\/wp\/v2\/product\/160791","targetHints":{"allow":["GET"]}}],"collection":[{"href":"https:\/\/mod.wisdar.net\/tr\/wp-json\/wp\/v2\/product"}],"about":[{"href":"https:\/\/mod.wisdar.net\/tr\/wp-json\/wp\/v2\/types\/product"}],"replies":[{"embeddable":true,"href":"https:\/\/mod.wisdar.net\/tr\/wp-json\/wp\/v2\/comments?post=160791"}],"wp:featuredmedia":[{"embeddable":true,"href":"https:\/\/mod.wisdar.net\/tr\/wp-json\/wp\/v2\/media\/160787"}],"wp:attachment":[{"href":"https:\/\/mod.wisdar.net\/tr\/wp-json\/wp\/v2\/media?parent=160791"}],"wp:term":[{"taxonomy":"product_brand","embeddable":true,"href":"https:\/\/mod.wisdar.net\/tr\/wp-json\/wp\/v2\/product_brand?post=160791"},{"taxonomy":"product_cat","embeddable":true,"href":"https:\/\/mod.wisdar.net\/tr\/wp-json\/wp\/v2\/product_cat?post=160791"},{"taxonomy":"product_tag","embeddable":true,"href":"https:\/\/mod.wisdar.net\/tr\/wp-json\/wp\/v2\/product_tag?post=160791"}],"curies":[{"name":"wp","href":"https:\/\/api.w.org\/{rel}","templated":true}]}}