{"id":160835,"date":"2026-03-01T00:07:52","date_gmt":"2026-03-01T00:07:52","guid":{"rendered":"https:\/\/modesthanim.com\/product\/miray-jakarl-dogal-sal-lacivert\/"},"modified":"2026-04-15T22:14:11","modified_gmt":"2026-04-15T22:14:11","slug":"miray-jakarl-dogal-sal-lacivert","status":"publish","type":"product","link":"https:\/\/mod.wisdar.net\/tr\/urun\/miray-jakarl-dogal-sal-lacivert\/","title":{"rendered":"Miray Jakarl Do\u011fal \u015eal \u2013 Lacivert"},"content":{"rendered":"<p>Jakarl dokunun ince detaylar\u0131yla zenginle\u015ftirilmi\u015f Miray \u015fal, do\u011fal liflerin yumu\u015fak dokunu\u015fuyla g\u00fcn boyu konfor sunar. Hafif yap\u0131s\u0131 basit k\u0131yafetlere zarif bir dokunu\u015f katar, kuma\u015f\u0131n derinli\u011fi ise modern ve sofistike bir g\u00f6r\u00fcn\u00fcm yarat\u0131r.<\/p>\n<p>Kuma\u015f Bile\u015fimi: %55 Polar, %45 Pamuk<\/p>\n<p>Desen: Jakarl Desen<\/p>\n<p>\u00dcr\u00fcn \u00d6l\u00e7\u00fcleri: 76 x 206 cm<\/p>\n<p>\u2014 Teknik Detaylar \u2014<br \/>\ndesen: Jakarl Desen<br \/>\n\u00f6l\u00e7\u00fcler: 76 x 206 cm<\/p>\n","protected":false},"excerpt":{"rendered":"<p>Jakarl dokunun ince detaylar\u0131yla zenginle\u015ftirilmi\u015f Miray \u015fal, do\u011fal liflerin yumu\u015fak dokunu\u015fuyla g\u00fcn boyu konfor sunar. Hafif yap\u0131s\u0131 basit k\u0131yafetlere zarif bir dokunu\u015f katar, kuma\u015f\u0131n derinli\u011fi ise modern ve sofistike bir g\u00f6r\u00fcn\u00fcm yarat\u0131r. Kuma\u015f Bile\u015fimi: %55 Polar, %45 Pamuk Desen: Jakarl Desen \u00dcr\u00fcn \u00d6l\u00e7\u00fcleri: 76 x 206 cm \u2014 Teknik Detaylar \u2014 desen: Jakarl Desen \u00f6l\u00e7\u00fcler: [&hellip;]<\/p>\n","protected":false},"featured_media":160819,"comment_status":"open","ping_status":"closed","template":"","meta":[],"product_brand":[],"product_cat":[11122],"product_tag":[],"class_list":{"0":"post-160835","1":"product","2":"type-product","3":"status-publish","4":"has-post-thumbnail","6":"product_cat-esarp-sal","7":"pa_brand-tugba","8":"pa_color-navy-blue","9":"pa_size-std","11":"first","12":"instock","13":"shipping-taxable","14":"purchasable","15":"product-type-variable"},"_links":{"self":[{"href":"https:\/\/mod.wisdar.net\/tr\/wp-json\/wp\/v2\/product\/160835","targetHints":{"allow":["GET"]}}],"collection":[{"href":"https:\/\/mod.wisdar.net\/tr\/wp-json\/wp\/v2\/product"}],"about":[{"href":"https:\/\/mod.wisdar.net\/tr\/wp-json\/wp\/v2\/types\/product"}],"replies":[{"embeddable":true,"href":"https:\/\/mod.wisdar.net\/tr\/wp-json\/wp\/v2\/comments?post=160835"}],"wp:featuredmedia":[{"embeddable":true,"href":"https:\/\/mod.wisdar.net\/tr\/wp-json\/wp\/v2\/media\/160819"}],"wp:attachment":[{"href":"https:\/\/mod.wisdar.net\/tr\/wp-json\/wp\/v2\/media?parent=160835"}],"wp:term":[{"taxonomy":"product_brand","embeddable":true,"href":"https:\/\/mod.wisdar.net\/tr\/wp-json\/wp\/v2\/product_brand?post=160835"},{"taxonomy":"product_cat","embeddable":true,"href":"https:\/\/mod.wisdar.net\/tr\/wp-json\/wp\/v2\/product_cat?post=160835"},{"taxonomy":"product_tag","embeddable":true,"href":"https:\/\/mod.wisdar.net\/tr\/wp-json\/wp\/v2\/product_tag?post=160835"}],"curies":[{"name":"wp","href":"https:\/\/api.w.org\/{rel}","templated":true}]}}