{"id":160864,"date":"2026-03-01T00:08:42","date_gmt":"2026-03-01T00:08:42","guid":{"rendered":"https:\/\/modesthanim.com\/product\/miray-jakar-dogal-esarp-siyah\/"},"modified":"2026-04-15T22:12:59","modified_gmt":"2026-04-15T22:12:59","slug":"miray-jakar-dogal-esarp-siyah","status":"publish","type":"product","link":"https:\/\/mod.wisdar.net\/tr\/urun\/miray-jakar-dogal-esarp-siyah\/","title":{"rendered":"Miray Jakar Do\u011fal E\u015farp \u2013 Siyah"},"content":{"rendered":"<p>Jakar dokuman\u0131n zarif detaylar\u0131yla zenginle\u015ftirilmi\u015f Miray \u015fal, do\u011fal liflerin yumu\u015fak dokunu\u015fuyla t\u00fcm g\u00fcn konfor sunar. Hafif yap\u0131s\u0131 basit k\u0131yafetlere zarif bir dokunu\u015f katar, kuma\u015f\u0131n derinli\u011fi ise modern ve sofistike bir g\u00f6r\u00fcn\u00fcm olu\u015fturur.<\/p>\n<p>Kuma\u015f Kompozisyonu: %55 Polar, %45 Pamuk<\/p>\n<p>Desen: Jakar Desen<\/p>\n<p>\u00dcr\u00fcn Boyutlar\u0131: 76 x 206 cm<\/p>\n","protected":false},"excerpt":{"rendered":"<p>Jakar dokuman\u0131n zarif detaylar\u0131yla zenginle\u015ftirilmi\u015f Miray \u015fal, do\u011fal liflerin yumu\u015fak dokunu\u015fuyla t\u00fcm g\u00fcn konfor sunar. Hafif yap\u0131s\u0131 basit k\u0131yafetlere zarif bir dokunu\u015f katar, kuma\u015f\u0131n derinli\u011fi ise modern ve sofistike bir g\u00f6r\u00fcn\u00fcm olu\u015fturur. Kuma\u015f Kompozisyonu: %55 Polar, %45 Pamuk Desen: Jakar Desen \u00dcr\u00fcn Boyutlar\u0131: 76 x 206 cm<\/p>\n","protected":false},"featured_media":160855,"comment_status":"open","ping_status":"closed","template":"","meta":[],"product_brand":[],"product_cat":[11122],"product_tag":[],"class_list":{"0":"post-160864","1":"product","2":"type-product","3":"status-publish","4":"has-post-thumbnail","6":"product_cat-esarp-sal","7":"pa_brand-tugba","8":"pa_color-siyah","9":"pa_size-std","11":"first","12":"outofstock","13":"shipping-taxable","14":"product-type-variable"},"_links":{"self":[{"href":"https:\/\/mod.wisdar.net\/tr\/wp-json\/wp\/v2\/product\/160864","targetHints":{"allow":["GET"]}}],"collection":[{"href":"https:\/\/mod.wisdar.net\/tr\/wp-json\/wp\/v2\/product"}],"about":[{"href":"https:\/\/mod.wisdar.net\/tr\/wp-json\/wp\/v2\/types\/product"}],"replies":[{"embeddable":true,"href":"https:\/\/mod.wisdar.net\/tr\/wp-json\/wp\/v2\/comments?post=160864"}],"wp:featuredmedia":[{"embeddable":true,"href":"https:\/\/mod.wisdar.net\/tr\/wp-json\/wp\/v2\/media\/160855"}],"wp:attachment":[{"href":"https:\/\/mod.wisdar.net\/tr\/wp-json\/wp\/v2\/media?parent=160864"}],"wp:term":[{"taxonomy":"product_brand","embeddable":true,"href":"https:\/\/mod.wisdar.net\/tr\/wp-json\/wp\/v2\/product_brand?post=160864"},{"taxonomy":"product_cat","embeddable":true,"href":"https:\/\/mod.wisdar.net\/tr\/wp-json\/wp\/v2\/product_cat?post=160864"},{"taxonomy":"product_tag","embeddable":true,"href":"https:\/\/mod.wisdar.net\/tr\/wp-json\/wp\/v2\/product_tag?post=160864"}],"curies":[{"name":"wp","href":"https:\/\/api.w.org\/{rel}","templated":true}]}}