{"id":160872,"date":"2026-03-01T00:08:53","date_gmt":"2026-03-01T00:08:53","guid":{"rendered":"https:\/\/modesthanim.com\/product\/miray-jakar-dogal-sal-gumus\/"},"modified":"2026-04-04T02:51:18","modified_gmt":"2026-04-04T02:51:18","slug":"miray-jakar-dogal-sal-gumus","status":"publish","type":"product","link":"https:\/\/mod.wisdar.net\/tr\/urun\/miray-jakar-dogal-sal-gumus\/","title":{"rendered":"Miray Jakar Do\u011fal \u015eal \u2013 G\u00fcm\u00fc\u015f"},"content":{"rendered":"<p>Jakar dokunun ince detaylar\u0131yla zenginle\u015ftirilmi\u015f Miray \u015fal, do\u011fal liflerin yumu\u015fak dokunu\u015fuyla g\u00fcn boyu konfor sunar. Hafif yap\u0131s\u0131 basit k\u0131yafetlere \u015f\u0131k bir dokunu\u015f katar, kuma\u015f\u0131n derinli\u011fi ise modern ve sofistike bir g\u00f6r\u00fcn\u00fcm olu\u015fturur.<\/p>\n<p>Kuma\u015f Bile\u015fimi: %55 Polar, %45 Pamuk<\/p>\n<p>Desen: Jakar Desen<\/p>\n<p>\u00dcr\u00fcn Boyutlar\u0131: 76 x 206 cm<\/p>\n","protected":false},"excerpt":{"rendered":"<p>Jakar dokunun ince detaylar\u0131yla zenginle\u015ftirilmi\u015f Miray \u015fal, do\u011fal liflerin yumu\u015fak dokunu\u015fuyla g\u00fcn boyu konfor sunar. Hafif yap\u0131s\u0131 basit k\u0131yafetlere \u015f\u0131k bir dokunu\u015f katar, kuma\u015f\u0131n derinli\u011fi ise modern ve sofistike bir g\u00f6r\u00fcn\u00fcm olu\u015fturur. Kuma\u015f Bile\u015fimi: %55 Polar, %45 Pamuk Desen: Jakar Desen \u00dcr\u00fcn Boyutlar\u0131: 76 x 206 cm<\/p>\n","protected":false},"featured_media":160863,"comment_status":"open","ping_status":"closed","template":"","meta":[],"product_brand":[],"product_cat":[11122],"product_tag":[],"class_list":{"0":"post-160872","1":"product","2":"type-product","3":"status-publish","4":"has-post-thumbnail","6":"product_cat-esarp-sal","7":"pa_brand-tugba","8":"pa_color-silver","9":"pa_size-std","11":"first","12":"instock","13":"shipping-taxable","14":"purchasable","15":"product-type-variable"},"_links":{"self":[{"href":"https:\/\/mod.wisdar.net\/tr\/wp-json\/wp\/v2\/product\/160872","targetHints":{"allow":["GET"]}}],"collection":[{"href":"https:\/\/mod.wisdar.net\/tr\/wp-json\/wp\/v2\/product"}],"about":[{"href":"https:\/\/mod.wisdar.net\/tr\/wp-json\/wp\/v2\/types\/product"}],"replies":[{"embeddable":true,"href":"https:\/\/mod.wisdar.net\/tr\/wp-json\/wp\/v2\/comments?post=160872"}],"wp:featuredmedia":[{"embeddable":true,"href":"https:\/\/mod.wisdar.net\/tr\/wp-json\/wp\/v2\/media\/160863"}],"wp:attachment":[{"href":"https:\/\/mod.wisdar.net\/tr\/wp-json\/wp\/v2\/media?parent=160872"}],"wp:term":[{"taxonomy":"product_brand","embeddable":true,"href":"https:\/\/mod.wisdar.net\/tr\/wp-json\/wp\/v2\/product_brand?post=160872"},{"taxonomy":"product_cat","embeddable":true,"href":"https:\/\/mod.wisdar.net\/tr\/wp-json\/wp\/v2\/product_cat?post=160872"},{"taxonomy":"product_tag","embeddable":true,"href":"https:\/\/mod.wisdar.net\/tr\/wp-json\/wp\/v2\/product_tag?post=160872"}],"curies":[{"name":"wp","href":"https:\/\/api.w.org\/{rel}","templated":true}]}}