{"id":160905,"date":"2026-03-01T00:10:00","date_gmt":"2026-03-01T00:10:00","guid":{"rendered":"https:\/\/modesthanim.com\/product\/tulin-jakar-sal-gri\/"},"modified":"2026-03-01T00:10:27","modified_gmt":"2026-03-01T00:10:27","slug":"tulin-jakar-sal-gri","status":"publish","type":"product","link":"https:\/\/mod.wisdar.net\/tr\/urun\/tulin-jakar-sal-gri\/","title":{"rendered":"T\u00fclin Jakar \u015eal \u2013 Gri"},"content":{"rendered":"<p>Yumu\u015fak dokusu ve zarif jakar i\u015f\u00e7ili\u011fiyle \u00f6ne \u00e7\u0131kan T\u00fclin Jakar \u015eal, sade \u015f\u0131kl\u0131\u011f\u0131 zarif detaylarla birle\u015ftirir. Y\u00fczeydeki desenin hafif hareketi, \u015fala hem derinlik hem de do\u011fal bir par\u0131lt\u0131 katar.<\/p>\n<p>Kuma\u015f Bile\u015fimi: %54 Polyester, %46 Flos<\/p>\n<p>Desen: \u00c7i\u00e7ek Deseni<\/p>\n<p>\u00dcr\u00fcn \u00d6l\u00e7\u00fcleri: 74 x 208 cm<\/p>\n<p>\u2014 Teknik Detaylar \u2014<br \/>\ndesen: \u00c7i\u00e7ek Deseni<br \/>\n\u00f6l\u00e7\u00fcler: 74 x 208 cm<\/p>\n","protected":false},"excerpt":{"rendered":"<p>Yumu\u015fak dokusu ve zarif jakar i\u015f\u00e7ili\u011fiyle \u00f6ne \u00e7\u0131kan T\u00fclin Jakar \u015eal, sade \u015f\u0131kl\u0131\u011f\u0131 zarif detaylarla birle\u015ftirir. Y\u00fczeydeki desenin hafif hareketi, \u015fala hem derinlik hem de do\u011fal bir par\u0131lt\u0131 katar. Kuma\u015f Bile\u015fimi: %54 Polyester, %46 Flos Desen: \u00c7i\u00e7ek Deseni \u00dcr\u00fcn \u00d6l\u00e7\u00fcleri: 74 x 208 cm \u2014 Teknik Detaylar \u2014 desen: \u00c7i\u00e7ek Deseni \u00f6l\u00e7\u00fcler: 74 x 208 [&hellip;]<\/p>\n","protected":false},"featured_media":160899,"comment_status":"open","ping_status":"closed","template":"","meta":[],"product_brand":[],"product_cat":[11122],"product_tag":[],"class_list":{"0":"post-160905","1":"product","2":"type-product","3":"status-publish","4":"has-post-thumbnail","6":"product_cat-esarp-sal","7":"pa_color-grey","8":"pa_size-std","10":"first","11":"instock","12":"shipping-taxable","13":"purchasable","14":"product-type-variable"},"_links":{"self":[{"href":"https:\/\/mod.wisdar.net\/tr\/wp-json\/wp\/v2\/product\/160905","targetHints":{"allow":["GET"]}}],"collection":[{"href":"https:\/\/mod.wisdar.net\/tr\/wp-json\/wp\/v2\/product"}],"about":[{"href":"https:\/\/mod.wisdar.net\/tr\/wp-json\/wp\/v2\/types\/product"}],"replies":[{"embeddable":true,"href":"https:\/\/mod.wisdar.net\/tr\/wp-json\/wp\/v2\/comments?post=160905"}],"wp:featuredmedia":[{"embeddable":true,"href":"https:\/\/mod.wisdar.net\/tr\/wp-json\/wp\/v2\/media\/160899"}],"wp:attachment":[{"href":"https:\/\/mod.wisdar.net\/tr\/wp-json\/wp\/v2\/media?parent=160905"}],"wp:term":[{"taxonomy":"product_brand","embeddable":true,"href":"https:\/\/mod.wisdar.net\/tr\/wp-json\/wp\/v2\/product_brand?post=160905"},{"taxonomy":"product_cat","embeddable":true,"href":"https:\/\/mod.wisdar.net\/tr\/wp-json\/wp\/v2\/product_cat?post=160905"},{"taxonomy":"product_tag","embeddable":true,"href":"https:\/\/mod.wisdar.net\/tr\/wp-json\/wp\/v2\/product_tag?post=160905"}],"curies":[{"name":"wp","href":"https:\/\/api.w.org\/{rel}","templated":true}]}}