{"id":160911,"date":"2026-03-01T00:10:06","date_gmt":"2026-03-01T00:10:06","guid":{"rendered":"https:\/\/modesthanim.com\/product\/tulin-jakar-sal-krem\/"},"modified":"2026-03-28T01:42:21","modified_gmt":"2026-03-28T01:42:21","slug":"tulin-jakar-sal-krem","status":"publish","type":"product","link":"https:\/\/mod.wisdar.net\/tr\/urun\/tulin-jakar-sal-krem\/","title":{"rendered":"T\u00fclin Jakar \u015eal \u2013 Krem"},"content":{"rendered":"<p>Yumu\u015fak dokusu ve ince jakar i\u015f\u00e7ili\u011fiyle \u00f6ne \u00e7\u0131kan T\u00fclin Jakar \u015eal, sade \u015f\u0131kl\u0131\u011f\u0131 zarif detaylarla bulu\u015fturur. Desenin y\u00fczeye katt\u0131\u011f\u0131 hafif hareket, \u015fala hem derinlik hem de do\u011fal bir \u0131\u015f\u0131lt\u0131 kazand\u0131r\u0131r.<br \/>\nKuma\u015f \u0130\u00e7eri\u011fi: %54 Polyester, %46 Flo\u015f<br \/>\nDesen: \u00c7i\u00e7ek Desen<br \/>\n\u00dcr\u00fcn Ebat\u0131: 74 x 208 cm<\/p>\n<p>\u2014 Technical Details \u2014<br \/>\npattern: \u00c7i\u00e7ek Desen<br \/>\ndimensions: 74 x 208 cm<\/p>\n","protected":false},"excerpt":{"rendered":"<p>Yumu\u015fak dokusu ve ince jakar i\u015f\u00e7ili\u011fiyle \u00f6ne \u00e7\u0131kan T\u00fclin Jakar \u015eal, sade \u015f\u0131kl\u0131\u011f\u0131 zarif detaylarla bulu\u015fturur. Desenin y\u00fczeye katt\u0131\u011f\u0131 hafif hareket, \u015fala hem derinlik hem de do\u011fal bir \u0131\u015f\u0131lt\u0131 kazand\u0131r\u0131r. Kuma\u015f \u0130\u00e7eri\u011fi: %54 Polyester, %46 Flo\u015f Desen: \u00c7i\u00e7ek Desen \u00dcr\u00fcn Ebat\u0131: 74 x 208 cm \u2014 Technical Details \u2014 pattern: \u00c7i\u00e7ek Desen dimensions: 74 x [&hellip;]<\/p>\n","protected":false},"featured_media":160902,"comment_status":"open","ping_status":"closed","template":"","meta":[],"product_brand":[],"product_cat":[11122],"product_tag":[6744],"class_list":{"0":"post-160911","1":"product","2":"type-product","3":"status-publish","4":"has-post-thumbnail","6":"product_cat-esarp-sal","7":"product_tag-kadin-modasi","8":"pa_size-std","10":"first","11":"outofstock","12":"shipping-taxable","13":"product-type-variable"},"_links":{"self":[{"href":"https:\/\/mod.wisdar.net\/tr\/wp-json\/wp\/v2\/product\/160911","targetHints":{"allow":["GET"]}}],"collection":[{"href":"https:\/\/mod.wisdar.net\/tr\/wp-json\/wp\/v2\/product"}],"about":[{"href":"https:\/\/mod.wisdar.net\/tr\/wp-json\/wp\/v2\/types\/product"}],"replies":[{"embeddable":true,"href":"https:\/\/mod.wisdar.net\/tr\/wp-json\/wp\/v2\/comments?post=160911"}],"wp:featuredmedia":[{"embeddable":true,"href":"https:\/\/mod.wisdar.net\/tr\/wp-json\/wp\/v2\/media\/160902"}],"wp:attachment":[{"href":"https:\/\/mod.wisdar.net\/tr\/wp-json\/wp\/v2\/media?parent=160911"}],"wp:term":[{"taxonomy":"product_brand","embeddable":true,"href":"https:\/\/mod.wisdar.net\/tr\/wp-json\/wp\/v2\/product_brand?post=160911"},{"taxonomy":"product_cat","embeddable":true,"href":"https:\/\/mod.wisdar.net\/tr\/wp-json\/wp\/v2\/product_cat?post=160911"},{"taxonomy":"product_tag","embeddable":true,"href":"https:\/\/mod.wisdar.net\/tr\/wp-json\/wp\/v2\/product_tag?post=160911"}],"curies":[{"name":"wp","href":"https:\/\/api.w.org\/{rel}","templated":true}]}}