{"id":160938,"date":"2026-03-01T00:11:11","date_gmt":"2026-03-01T00:11:11","guid":{"rendered":"https:\/\/modesthanim.com\/product\/miray-jakar-dogal-atki-kamel\/"},"modified":"2026-03-01T00:11:35","modified_gmt":"2026-03-01T00:11:35","slug":"miray-jakar-dogal-atki-kamel","status":"publish","type":"product","link":"https:\/\/mod.wisdar.net\/tr\/urun\/miray-jakar-dogal-atki-kamel\/","title":{"rendered":"Miray Jakar Do\u011fal Atk\u0131 \u2013 Kamel"},"content":{"rendered":"<p>Jakar dokumas\u0131n\u0131n ince detaylar\u0131yla zenginle\u015ftirilen Miray \u015fal, do\u011fal liflerin yumu\u015fak dokunu\u015fuyla g\u00fcn boyu konfor sunar. Hafif yap\u0131s\u0131 basit k\u0131yafetlere zarif bir dokunu\u015f katar, kuma\u015f\u0131n derinli\u011fi ise modern ve sofistike bir g\u00f6r\u00fcn\u00fcm yarat\u0131r.<\/p>\n<p>Kuma\u015f Bile\u015fimi: %55 Polar, %45 Pamuk<\/p>\n<p>Desen: Jakar Deseni<\/p>\n<p>\u00dcr\u00fcn \u00d6l\u00e7\u00fcleri: 76 x 206 cm<\/p>\n<p>\u2014 Teknik Detaylar \u2014<br \/>\ndesen: Jakar Deseni<br \/>\n\u00f6l\u00e7\u00fcler: 76 x 206 cm<\/p>\n","protected":false},"excerpt":{"rendered":"<p>Jakar dokumas\u0131n\u0131n ince detaylar\u0131yla zenginle\u015ftirilen Miray \u015fal, do\u011fal liflerin yumu\u015fak dokunu\u015fuyla g\u00fcn boyu konfor sunar. Hafif yap\u0131s\u0131 basit k\u0131yafetlere zarif bir dokunu\u015f katar, kuma\u015f\u0131n derinli\u011fi ise modern ve sofistike bir g\u00f6r\u00fcn\u00fcm yarat\u0131r. Kuma\u015f Bile\u015fimi: %55 Polar, %45 Pamuk Desen: Jakar Deseni \u00dcr\u00fcn \u00d6l\u00e7\u00fcleri: 76 x 206 cm \u2014 Teknik Detaylar \u2014 desen: Jakar Deseni \u00f6l\u00e7\u00fcler: [&hellip;]<\/p>\n","protected":false},"featured_media":160933,"comment_status":"open","ping_status":"closed","template":"","meta":[],"product_brand":[],"product_cat":[11122],"product_tag":[],"class_list":{"0":"post-160938","1":"product","2":"type-product","3":"status-publish","4":"has-post-thumbnail","6":"product_cat-esarp-sal","7":"pa_color-camel","8":"pa_size-std","10":"first","11":"instock","12":"shipping-taxable","13":"purchasable","14":"product-type-variable"},"_links":{"self":[{"href":"https:\/\/mod.wisdar.net\/tr\/wp-json\/wp\/v2\/product\/160938","targetHints":{"allow":["GET"]}}],"collection":[{"href":"https:\/\/mod.wisdar.net\/tr\/wp-json\/wp\/v2\/product"}],"about":[{"href":"https:\/\/mod.wisdar.net\/tr\/wp-json\/wp\/v2\/types\/product"}],"replies":[{"embeddable":true,"href":"https:\/\/mod.wisdar.net\/tr\/wp-json\/wp\/v2\/comments?post=160938"}],"wp:featuredmedia":[{"embeddable":true,"href":"https:\/\/mod.wisdar.net\/tr\/wp-json\/wp\/v2\/media\/160933"}],"wp:attachment":[{"href":"https:\/\/mod.wisdar.net\/tr\/wp-json\/wp\/v2\/media?parent=160938"}],"wp:term":[{"taxonomy":"product_brand","embeddable":true,"href":"https:\/\/mod.wisdar.net\/tr\/wp-json\/wp\/v2\/product_brand?post=160938"},{"taxonomy":"product_cat","embeddable":true,"href":"https:\/\/mod.wisdar.net\/tr\/wp-json\/wp\/v2\/product_cat?post=160938"},{"taxonomy":"product_tag","embeddable":true,"href":"https:\/\/mod.wisdar.net\/tr\/wp-json\/wp\/v2\/product_tag?post=160938"}],"curies":[{"name":"wp","href":"https:\/\/api.w.org\/{rel}","templated":true}]}}