{"id":161119,"date":"2026-03-01T06:31:12","date_gmt":"2026-03-01T06:31:12","guid":{"rendered":"https:\/\/modesthanim.com\/product\/kahverengi-dik-yaka-oversize-kadin-sweatshirt-tunik\/"},"modified":"2026-04-15T21:49:30","modified_gmt":"2026-04-15T21:49:30","slug":"kahverengi-dik-yaka-oversize-kadin-sweatshirt-tunik","status":"publish","type":"product","link":"https:\/\/mod.wisdar.net\/tr\/urun\/kahverengi-dik-yaka-oversize-kadin-sweatshirt-tunik\/","title":{"rendered":"Kahverengi Dik Yaka Oversize Kad\u0131n Sweatshirt Tunik"},"content":{"rendered":"<p>LCW Modest Kahverengi Dik Yaka Oversize Kad\u0131n Sweatshirt Tunik size \u00f6zel indirim, taksit ve kap\u0131da \u00f6deme avantajlar\u0131yla LCW&#8217;de! Hemen online al\u0131\u015fveri\u015f yap, \u00fcr\u00fcn kap\u0131na gelsin! \u2013 S6MO64Z8-HMK<\/p>\n<p>\u2014 Technical Details \u2014<br \/>\nDesen: D\u00fcz<br \/>\nKal\u0131nl\u0131k: Orta Kal\u0131nl\u0131k<br \/>\nKal\u0131p: Oversize<br \/>\nKol Boyu: Uzun Kollu<br \/>\nKoleksiyon: Tesett\u00fcr Giyim<br \/>\nKuma\u015f: \u0130nterlok<br \/>\nUzunluk: Basen Boy<br \/>\nYaka: Dik Yaka<br \/>\nKol Tipi: Geni\u015f Kol<br \/>\nV\u00fccut Tipi: B\u00fcy\u00fck Beden<\/p>\n","protected":false},"excerpt":{"rendered":"<p>LCW Modest Kahverengi Dik Yaka Oversize Kad\u0131n Sweatshirt Tunik size \u00f6zel indirim, taksit ve kap\u0131da \u00f6deme avantajlar\u0131yla LCW&#8217;de! Hemen online al\u0131\u015fveri\u015f yap, \u00fcr\u00fcn kap\u0131na gelsin! \u2013 S6MO64Z8-HMK \u2014 Technical Details \u2014 Desen: D\u00fcz Kal\u0131nl\u0131k: Orta Kal\u0131nl\u0131k Kal\u0131p: Oversize Kol Boyu: Uzun Kollu Koleksiyon: Tesett\u00fcr Giyim Kuma\u015f: \u0130nterlok Uzunluk: Basen Boy Yaka: Dik Yaka Kol Tipi: [&hellip;]<\/p>\n","protected":false},"featured_media":161106,"comment_status":"open","ping_status":"closed","template":"","meta":[],"product_brand":[],"product_cat":[1927],"product_tag":[7350,4908,7563,6744,7423,7422,7803],"class_list":{"0":"post-161119","1":"product","2":"type-product","3":"status-publish","4":"has-post-thumbnail","6":"product_cat-hoodies-sweatshirtler","7":"product_tag-balikci-yaka","8":"product_tag-brown","9":"product_tag-buyuk-beden","10":"product_tag-kadin-modasi","11":"product_tag-oversize-2","12":"product_tag-sweatshirt","13":"product_tag-tesettur-giyim","14":"pa_brand-lcw-modest","15":"pa_color-dark-brown-2","16":"pa_size-2xl","17":"pa_size-3xl","18":"pa_size-l","19":"pa_size-m","20":"pa_size-s","21":"pa_size-xl","23":"first","24":"instock","25":"shipping-taxable","26":"purchasable","27":"product-type-variable"},"_links":{"self":[{"href":"https:\/\/mod.wisdar.net\/tr\/wp-json\/wp\/v2\/product\/161119","targetHints":{"allow":["GET"]}}],"collection":[{"href":"https:\/\/mod.wisdar.net\/tr\/wp-json\/wp\/v2\/product"}],"about":[{"href":"https:\/\/mod.wisdar.net\/tr\/wp-json\/wp\/v2\/types\/product"}],"replies":[{"embeddable":true,"href":"https:\/\/mod.wisdar.net\/tr\/wp-json\/wp\/v2\/comments?post=161119"}],"wp:featuredmedia":[{"embeddable":true,"href":"https:\/\/mod.wisdar.net\/tr\/wp-json\/wp\/v2\/media\/161106"}],"wp:attachment":[{"href":"https:\/\/mod.wisdar.net\/tr\/wp-json\/wp\/v2\/media?parent=161119"}],"wp:term":[{"taxonomy":"product_brand","embeddable":true,"href":"https:\/\/mod.wisdar.net\/tr\/wp-json\/wp\/v2\/product_brand?post=161119"},{"taxonomy":"product_cat","embeddable":true,"href":"https:\/\/mod.wisdar.net\/tr\/wp-json\/wp\/v2\/product_cat?post=161119"},{"taxonomy":"product_tag","embeddable":true,"href":"https:\/\/mod.wisdar.net\/tr\/wp-json\/wp\/v2\/product_tag?post=161119"}],"curies":[{"name":"wp","href":"https:\/\/api.w.org\/{rel}","templated":true}]}}