{"id":161345,"date":"2026-03-01T06:33:32","date_gmt":"2026-03-01T06:33:32","guid":{"rendered":"https:\/\/modesthanim.com\/product\/ekru-kacik-yaka-bluz\/"},"modified":"2026-04-11T02:53:45","modified_gmt":"2026-04-11T02:53:45","slug":"ekru-kacik-yaka-bluz","status":"publish","type":"product","link":"https:\/\/mod.wisdar.net\/tr\/urun\/ekru-kacik-yaka-bluz\/","title":{"rendered":"Ekru Ka\u00e7\u0131k Yaka Bluz"},"content":{"rendered":"<p>LCW STUDIO Ekru Ka\u00e7\u0131k Yaka Bluz size \u00f6zel indirim, taksit ve kap\u0131da \u00f6deme avantajlar\u0131yla LCW&#8217;de! Hemen online al\u0131\u015fveri\u015f yap, \u00fcr\u00fcn kap\u0131na gelsin! \u2013 S68972Z8-FEW<\/p>\n<p>\u2014 Technical Details \u2014<br \/>\nmaterial: Aerobin<br \/>\npattern: D\u00fcz<br \/>\ncollar: Ka\u00e7\u0131k Yaka<br \/>\nsleeve_length: Truvakar Kol<br \/>\nfit: Loose &amp; Bol<br \/>\norigin: Turk\u0131ye<br \/>\ncollection: Bayram Koleksiyonu<br \/>\ngender: Kad\u0131n<br \/>\nproduct_type: Bluz<\/p>\n","protected":false},"excerpt":{"rendered":"<p>LCW STUDIO Ekru Ka\u00e7\u0131k Yaka Bluz size \u00f6zel indirim, taksit ve kap\u0131da \u00f6deme avantajlar\u0131yla LCW&#8217;de! Hemen online al\u0131\u015fveri\u015f yap, \u00fcr\u00fcn kap\u0131na gelsin! \u2013 S68972Z8-FEW \u2014 Technical Details \u2014 material: Aerobin pattern: D\u00fcz collar: Ka\u00e7\u0131k Yaka sleeve_length: Truvakar Kol fit: Loose &amp; Bol origin: Turk\u0131ye collection: Bayram Koleksiyonu gender: Kad\u0131n product_type: Bluz<\/p>\n","protected":false},"featured_media":161338,"comment_status":"open","ping_status":"closed","template":"","meta":[],"product_brand":[],"product_cat":[1909],"product_tag":[7326,6744],"class_list":{"0":"post-161345","1":"product","2":"type-product","3":"status-publish","4":"has-post-thumbnail","6":"product_cat-bluzlar-ve-gomlekler","7":"product_tag-bol-kesim","8":"product_tag-kadin-modasi","9":"pa_brand-lcw-studio","10":"pa_color-ekru","11":"pa_size-4698","12":"pa_size-4701","13":"pa_size-4706","14":"pa_size-4711","15":"pa_size-4713","16":"pa_size-4751","17":"pa_size-4749","19":"first","20":"instock","21":"shipping-taxable","22":"purchasable","23":"product-type-variable"},"_links":{"self":[{"href":"https:\/\/mod.wisdar.net\/tr\/wp-json\/wp\/v2\/product\/161345","targetHints":{"allow":["GET"]}}],"collection":[{"href":"https:\/\/mod.wisdar.net\/tr\/wp-json\/wp\/v2\/product"}],"about":[{"href":"https:\/\/mod.wisdar.net\/tr\/wp-json\/wp\/v2\/types\/product"}],"replies":[{"embeddable":true,"href":"https:\/\/mod.wisdar.net\/tr\/wp-json\/wp\/v2\/comments?post=161345"}],"wp:featuredmedia":[{"embeddable":true,"href":"https:\/\/mod.wisdar.net\/tr\/wp-json\/wp\/v2\/media\/161338"}],"wp:attachment":[{"href":"https:\/\/mod.wisdar.net\/tr\/wp-json\/wp\/v2\/media?parent=161345"}],"wp:term":[{"taxonomy":"product_brand","embeddable":true,"href":"https:\/\/mod.wisdar.net\/tr\/wp-json\/wp\/v2\/product_brand?post=161345"},{"taxonomy":"product_cat","embeddable":true,"href":"https:\/\/mod.wisdar.net\/tr\/wp-json\/wp\/v2\/product_cat?post=161345"},{"taxonomy":"product_tag","embeddable":true,"href":"https:\/\/mod.wisdar.net\/tr\/wp-json\/wp\/v2\/product_tag?post=161345"}],"curies":[{"name":"wp","href":"https:\/\/api.w.org\/{rel}","templated":true}]}}