{"id":161679,"date":"2026-03-01T14:16:22","date_gmt":"2026-03-01T14:16:22","guid":{"rendered":"https:\/\/modesthanim.com\/product\/mama-before-after-kusakli-elbise\/"},"modified":"2026-04-11T04:03:42","modified_gmt":"2026-04-11T04:03:42","slug":"mama-before-after-kusakli-elbise","status":"publish","type":"product","link":"https:\/\/mod.wisdar.net\/tr\/urun\/mama-before-after-kusakli-elbise\/","title":{"rendered":"MAMA Before &amp; After Ku\u015fakl\u0131 Elbise"},"content":{"rendered":"<p>Viskoz dokuma kuma\u015ftan, V yakal\u0131, \u00f6n\u00fc d\u00fc\u011fmeli bilek boyu elbise. Belinin arkas\u0131 lastikli, g\u00f6\u011f\u00fcs alt\u0131nda \u00e7\u0131kar\u0131labilir ince ku\u015fakl\u0131. K\u0131sa kollu, ho\u015f bir sil\u00fcet i\u00e7in \u00f6n\u00fc ve arkas\u0131 prenses diki\u015fli. Hem gebelikte hem de sonras\u0131nda kullan\u0131labilir. Astars\u0131z.<\/p>\n<p>\u2014 Technical Details \u2014<br \/>\nmaterial: Viskoz<br \/>\npattern: \u00c7i\u00e7ekli<br \/>\nconcept: MAMA<br \/>\ndescription_detail: Lacivert\/Beyaz, \u00c7i\u00e7ekli<br \/>\nmodel_size: Modelin boyu: 176cm\/5&#8217;9&#8243; Bedeni: M<br \/>\ngarment_length: Uzun<br \/>\nsleeve_length: K\u0131sa kollu<br \/>\nfit: Normal kesim<br \/>\nneck_line: V yakal\u0131<br \/>\nquantity: Tek<br \/>\nadditional_materials: 55% LENZING\u2122 ECOVERO\u2122 viskoz<\/p>\n","protected":false},"excerpt":{"rendered":"<p>Viskoz dokuma kuma\u015ftan, V yakal\u0131, \u00f6n\u00fc d\u00fc\u011fmeli bilek boyu elbise. Belinin arkas\u0131 lastikli, g\u00f6\u011f\u00fcs alt\u0131nda \u00e7\u0131kar\u0131labilir ince ku\u015fakl\u0131. K\u0131sa kollu, ho\u015f bir sil\u00fcet i\u00e7in \u00f6n\u00fc ve arkas\u0131 prenses diki\u015fli. Hem gebelikte hem de sonras\u0131nda kullan\u0131labilir. Astars\u0131z. \u2014 Technical Details \u2014 material: Viskoz pattern: \u00c7i\u00e7ekli concept: MAMA description_detail: Lacivert\/Beyaz, \u00c7i\u00e7ekli model_size: Modelin boyu: 176cm\/5&#8217;9&#8243; Bedeni: M [&hellip;]<\/p>\n","protected":false},"featured_media":161669,"comment_status":"open","ping_status":"closed","template":"","meta":[],"product_brand":[],"product_cat":[8766,8763],"product_tag":[9379],"class_list":{"0":"post-161679","1":"product","2":"type-product","3":"status-publish","4":"has-post-thumbnail","6":"product_cat-hamile-elbiseleri","7":"product_cat-hamilelik-urunleri","8":"product_tag-mama","9":"pa_brand-hm","10":"pa_color-beyaz-mavi-cicekli","11":"pa_size-l","12":"pa_size-m","13":"pa_size-s","14":"pa_size-xl","15":"pa_size-xs","16":"pa_size-xxl","18":"first","19":"instock","20":"shipping-taxable","21":"purchasable","22":"product-type-variable"},"_links":{"self":[{"href":"https:\/\/mod.wisdar.net\/tr\/wp-json\/wp\/v2\/product\/161679","targetHints":{"allow":["GET"]}}],"collection":[{"href":"https:\/\/mod.wisdar.net\/tr\/wp-json\/wp\/v2\/product"}],"about":[{"href":"https:\/\/mod.wisdar.net\/tr\/wp-json\/wp\/v2\/types\/product"}],"replies":[{"embeddable":true,"href":"https:\/\/mod.wisdar.net\/tr\/wp-json\/wp\/v2\/comments?post=161679"}],"wp:featuredmedia":[{"embeddable":true,"href":"https:\/\/mod.wisdar.net\/tr\/wp-json\/wp\/v2\/media\/161669"}],"wp:attachment":[{"href":"https:\/\/mod.wisdar.net\/tr\/wp-json\/wp\/v2\/media?parent=161679"}],"wp:term":[{"taxonomy":"product_brand","embeddable":true,"href":"https:\/\/mod.wisdar.net\/tr\/wp-json\/wp\/v2\/product_brand?post=161679"},{"taxonomy":"product_cat","embeddable":true,"href":"https:\/\/mod.wisdar.net\/tr\/wp-json\/wp\/v2\/product_cat?post=161679"},{"taxonomy":"product_tag","embeddable":true,"href":"https:\/\/mod.wisdar.net\/tr\/wp-json\/wp\/v2\/product_tag?post=161679"}],"curies":[{"name":"wp","href":"https:\/\/api.w.org\/{rel}","templated":true}]}}