{"id":161696,"date":"2026-03-01T14:16:15","date_gmt":"2026-03-01T14:16:15","guid":{"rendered":"https:\/\/modesthanim.com\/product\/mama-katli-ve-pamuklu-elbise\/"},"modified":"2026-04-15T22:18:04","modified_gmt":"2026-04-15T22:18:04","slug":"mama-katli-ve-pamuklu-elbise","status":"publish","type":"product","link":"https:\/\/mod.wisdar.net\/tr\/urun\/mama-katli-ve-pamuklu-elbise\/","title":{"rendered":"MAMA Katl\u0131 ve Pamuklu Elbise"},"content":{"rendered":"<p>Pamuklu dokuma kuma\u015ftan, bant yakal\u0131, \u00f6n\u00fc gizli d\u00fc\u011fmeli bilek boyu elbise. K\u0131sa balon kollu, g\u00f6\u011f\u00fcs alt\u0131nda \u00e7\u0131kar\u0131labilir ince ku\u015fakl\u0131, klo\u015f etekli, ekstra hacim i\u00e7in b\u00fczg\u00fcl\u00fc katl\u0131.<\/p>\n<p>\u2014 Technical Details \u2014<br \/>\nKonsept: MAMA<br \/>\nA\u00e7\u0131klama: Siyah\/A\u00e7\u0131k ye\u015fil\/Beyaz\/A\u00e7\u0131k mavi\/A\u00e7\u0131k sar\u0131\/A\u00e7\u0131k turuncu, \u00c7i\u00e7ekli<br \/>\nModel bedeni: Modelin boyu: 175cm\/5&#8217;9&#8243; Bedeni: S<br \/>\nBeden: [&#8216;Kol: Uzunluk: 32.5 cm (boyut S)&#8217;, &#8216;Omuz: Geni\u015flik: 34 cm (boyut S)&#8217;, &#8216;Arka: Uzunluk: 132 cm (boyut S)&#8217;]<br \/>\nUzunluk: Uzun<br \/>\nKol Uzunlu\u011fu: K\u0131sa kollu<br \/>\nKes\u0130m: Normal kesim<br \/>\nYaka: Bant yaka<br \/>\nStil: G\u00f6mlek Elbise, Uca do\u011fru bolla\u015fan<br \/>\nBoyun: V yakal\u0131<br \/>\nKol Stili: Balon kollu<br \/>\nAdet: Tek<br \/>\nMateryal: Pamuk<\/p>\n","protected":false},"excerpt":{"rendered":"<p>Pamuklu dokuma kuma\u015ftan, bant yakal\u0131, \u00f6n\u00fc gizli d\u00fc\u011fmeli bilek boyu elbise. K\u0131sa balon kollu, g\u00f6\u011f\u00fcs alt\u0131nda \u00e7\u0131kar\u0131labilir ince ku\u015fakl\u0131, klo\u015f etekli, ekstra hacim i\u00e7in b\u00fczg\u00fcl\u00fc katl\u0131. \u2014 Technical Details \u2014 Konsept: MAMA A\u00e7\u0131klama: Siyah\/A\u00e7\u0131k ye\u015fil\/Beyaz\/A\u00e7\u0131k mavi\/A\u00e7\u0131k sar\u0131\/A\u00e7\u0131k turuncu, \u00c7i\u00e7ekli Model bedeni: Modelin boyu: 175cm\/5&#8217;9&#8243; Bedeni: S Beden: [&#8216;Kol: Uzunluk: 32.5 cm (boyut S)&#8217;, &#8216;Omuz: Geni\u015flik: [&hellip;]<\/p>\n","protected":false},"featured_media":161672,"comment_status":"open","ping_status":"closed","template":"","meta":[],"product_brand":[],"product_cat":[8766,8763],"product_tag":[7508,7564,7488],"class_list":{"0":"post-161696","1":"product","2":"type-product","3":"status-publish","4":"has-post-thumbnail","6":"product_cat-hamile-elbiseleri","7":"product_cat-hamilelik-urunleri","8":"product_tag-cicekli","9":"product_tag-gomlek-elbise","10":"product_tag-pamuk","11":"pa_brand-hm","12":"pa_color-acik-bej-cicekli","13":"pa_color-acik-mavi","14":"pa_size-l","15":"pa_size-m","16":"pa_size-s","17":"pa_size-xl","18":"pa_size-xs","19":"pa_size-xxl","21":"first","22":"outofstock","23":"shipping-taxable","24":"product-type-variable"},"_links":{"self":[{"href":"https:\/\/mod.wisdar.net\/tr\/wp-json\/wp\/v2\/product\/161696","targetHints":{"allow":["GET"]}}],"collection":[{"href":"https:\/\/mod.wisdar.net\/tr\/wp-json\/wp\/v2\/product"}],"about":[{"href":"https:\/\/mod.wisdar.net\/tr\/wp-json\/wp\/v2\/types\/product"}],"replies":[{"embeddable":true,"href":"https:\/\/mod.wisdar.net\/tr\/wp-json\/wp\/v2\/comments?post=161696"}],"wp:featuredmedia":[{"embeddable":true,"href":"https:\/\/mod.wisdar.net\/tr\/wp-json\/wp\/v2\/media\/161672"}],"wp:attachment":[{"href":"https:\/\/mod.wisdar.net\/tr\/wp-json\/wp\/v2\/media?parent=161696"}],"wp:term":[{"taxonomy":"product_brand","embeddable":true,"href":"https:\/\/mod.wisdar.net\/tr\/wp-json\/wp\/v2\/product_brand?post=161696"},{"taxonomy":"product_cat","embeddable":true,"href":"https:\/\/mod.wisdar.net\/tr\/wp-json\/wp\/v2\/product_cat?post=161696"},{"taxonomy":"product_tag","embeddable":true,"href":"https:\/\/mod.wisdar.net\/tr\/wp-json\/wp\/v2\/product_tag?post=161696"}],"curies":[{"name":"wp","href":"https:\/\/api.w.org\/{rel}","templated":true}]}}