{"id":161810,"date":"2026-03-01T14:21:41","date_gmt":"2026-03-01T14:21:41","guid":{"rendered":"https:\/\/modesthanim.com\/product\/mama-muslin-gomlek-elbise\/"},"modified":"2026-04-04T12:06:02","modified_gmt":"2026-04-04T12:06:02","slug":"mama-muslin-gomlek-elbise","status":"publish","type":"product","link":"https:\/\/mod.wisdar.net\/tr\/urun\/mama-muslin-gomlek-elbise\/","title":{"rendered":"MAMA Muslin G\u00f6mlek Elbise"},"content":{"rendered":"<p>Pamuklu yumu\u015fak muslinden, yakal\u0131, \u00f6n\u00fc d\u00fc\u011fmeli diz boyu elbise. Diki\u015fle d\u0131\u015fa k\u0131vr\u0131k k\u0131sa kollu, g\u00f6\u011f\u00fcs alt\u0131nda \u00e7\u0131kar\u0131labilir ku\u015fakl\u0131. Etek ucu d\u00fcz. Astars\u0131z.<\/p>\n<p>\u2014 Technical Details \u2014<br \/>\nconcept: MAMA<br \/>\ndescription: Mavi\/Beyaz, \u00c7izgili<br \/>\nsize_details: Kol: Uzunluk: 30.5 cm (boyut M), Arka: Uzunluk: 115 cm (boyut M)<br \/>\ngarment_length: Midi<br \/>\nsleeve_length: K\u0131sa kollu<br \/>\nfit: Normal kesim<br \/>\ncollar_style: Klasik yakal\u0131<br \/>\nclothing_style: G\u00f6mlek Elbise<br \/>\nquantity_sales_mode: Tek<br \/>\nmaterial: Pamuk, Muslin<\/p>\n","protected":false},"excerpt":{"rendered":"<p>Pamuklu yumu\u015fak muslinden, yakal\u0131, \u00f6n\u00fc d\u00fc\u011fmeli diz boyu elbise. Diki\u015fle d\u0131\u015fa k\u0131vr\u0131k k\u0131sa kollu, g\u00f6\u011f\u00fcs alt\u0131nda \u00e7\u0131kar\u0131labilir ku\u015fakl\u0131. Etek ucu d\u00fcz. Astars\u0131z. \u2014 Technical Details \u2014 concept: MAMA description: Mavi\/Beyaz, \u00c7izgili size_details: Kol: Uzunluk: 30.5 cm (boyut M), Arka: Uzunluk: 115 cm (boyut M) garment_length: Midi sleeve_length: K\u0131sa kollu fit: Normal kesim collar_style: Klasik yakal\u0131 [&hellip;]<\/p>\n","protected":false},"featured_media":161804,"comment_status":"open","ping_status":"closed","template":"","meta":[],"product_brand":[],"product_cat":[8766,8763],"product_tag":[7564,7575,6744,7578,7576,7488,6877],"class_list":{"0":"post-161810","1":"product","2":"type-product","3":"status-publish","4":"has-post-thumbnail","6":"product_cat-hamile-elbiseleri","7":"product_cat-hamilelik-urunleri","8":"product_tag-gomlek-elbise","9":"product_tag-gunluk-elbise","10":"product_tag-kadin-modasi","11":"product_tag-midi-elbise","12":"product_tag-muslin","13":"product_tag-pamuk","14":"product_tag-yaz-elbisesi","15":"pa_brand-hm","16":"pa_color-beyaz","17":"pa_color-haki","18":"pa_size-l","19":"pa_size-m","20":"pa_size-s","21":"pa_size-xl","22":"pa_size-xs","23":"pa_size-xxl","25":"first","26":"outofstock","27":"shipping-taxable","28":"product-type-variable"},"_links":{"self":[{"href":"https:\/\/mod.wisdar.net\/tr\/wp-json\/wp\/v2\/product\/161810","targetHints":{"allow":["GET"]}}],"collection":[{"href":"https:\/\/mod.wisdar.net\/tr\/wp-json\/wp\/v2\/product"}],"about":[{"href":"https:\/\/mod.wisdar.net\/tr\/wp-json\/wp\/v2\/types\/product"}],"replies":[{"embeddable":true,"href":"https:\/\/mod.wisdar.net\/tr\/wp-json\/wp\/v2\/comments?post=161810"}],"wp:featuredmedia":[{"embeddable":true,"href":"https:\/\/mod.wisdar.net\/tr\/wp-json\/wp\/v2\/media\/161804"}],"wp:attachment":[{"href":"https:\/\/mod.wisdar.net\/tr\/wp-json\/wp\/v2\/media?parent=161810"}],"wp:term":[{"taxonomy":"product_brand","embeddable":true,"href":"https:\/\/mod.wisdar.net\/tr\/wp-json\/wp\/v2\/product_brand?post=161810"},{"taxonomy":"product_cat","embeddable":true,"href":"https:\/\/mod.wisdar.net\/tr\/wp-json\/wp\/v2\/product_cat?post=161810"},{"taxonomy":"product_tag","embeddable":true,"href":"https:\/\/mod.wisdar.net\/tr\/wp-json\/wp\/v2\/product_tag?post=161810"}],"curies":[{"name":"wp","href":"https:\/\/api.w.org\/{rel}","templated":true}]}}