{"id":161896,"date":"2026-03-01T14:25:07","date_gmt":"2026-03-01T14:25:07","guid":{"rendered":"https:\/\/modesthanim.com\/product\/mama-kirisik-sarim-elbise\/"},"modified":"2026-04-04T12:08:18","modified_gmt":"2026-04-04T12:08:18","slug":"mama-kirisik-sarim-elbise","status":"publish","type":"product","link":"https:\/\/mod.wisdar.net\/tr\/urun\/mama-kirisik-sarim-elbise\/","title":{"rendered":"MAMA K\u0131r\u0131\u015f\u0131k Sar\u0131m Elbise"},"content":{"rendered":"<p>Bald\u0131r uzunlu\u011funda k\u0131r\u0131\u015f\u0131k jarse elbise, k\u0131sa kollu, V yaka ve \u00f6nde bir yanda ba\u011fc\u0131kl\u0131, di\u011fer yanda gizli d\u00fc\u011fmeli sar\u0131m tasar\u0131m\u0131. K\u0131smen astarl\u0131.<\/p>\n<p>\u2014 Teknik Detaylar \u2014<br \/>\nMateryal: Jarse<br \/>\nDesen: D\u00fcz renkli<br \/>\nKonsept: MAMA<br \/>\nDetayl\u0131 a\u00e7\u0131klama: Krem\/Siyah, Desenli<br \/>\nModel bedeni: Modelin boyu: 179cm\/5&#8217;10\u201d Bedeni: S<br \/>\nElbise uzunlu\u011fu: K\u0131sa<br \/>\nKol uzunlu\u011fu: K\u0131sa kollu<br \/>\nKesim: Normal kesim<br \/>\nStil: Sar\u0131m<br \/>\nYaka: V yakal\u0131<br \/>\nAdet: Tek<br \/>\n\u00d6l\u00e7\u00fcler: {&#8216;s\u0131rt uzunlu\u011fu&#8217;: &#8216;119 cm (M beden)&#8217;, &#8216;omuz geni\u015fli\u011fi&#8217;: &#8216;42.5 cm (M beden)&#8217;, &#8216;kol uzunlu\u011fu_cm&#8217;: &#8216;23.5 cm (M beden)&#8217;}<br \/>\nBak\u0131m talimatlar\u0131: [&#8216;Gerekti\u011finde sadece a\u011fart\u0131c\u0131s\u0131z \u00e7ama\u015f\u0131r suyu kullan\u0131labilir&#8217;, &#8216;Asarak kurutma&#8217;, &#8216;\u00dct\u00fclenmez&#8217;, &#8217;40\u00b0C makinede y\u0131kama&#8217;, &#8216;Kuru temizleme yap\u0131labilir&#8217;]<\/p>\n","protected":false},"excerpt":{"rendered":"<p>Bald\u0131r uzunlu\u011funda k\u0131r\u0131\u015f\u0131k jarse elbise, k\u0131sa kollu, V yaka ve \u00f6nde bir yanda ba\u011fc\u0131kl\u0131, di\u011fer yanda gizli d\u00fc\u011fmeli sar\u0131m tasar\u0131m\u0131. K\u0131smen astarl\u0131. \u2014 Teknik Detaylar \u2014 Materyal: Jarse Desen: D\u00fcz renkli Konsept: MAMA Detayl\u0131 a\u00e7\u0131klama: Krem\/Siyah, Desenli Model bedeni: Modelin boyu: 179cm\/5&#8217;10\u201d Bedeni: S Elbise uzunlu\u011fu: K\u0131sa Kol uzunlu\u011fu: K\u0131sa kollu Kesim: Normal kesim Stil: [&hellip;]<\/p>\n","protected":false},"featured_media":161880,"comment_status":"open","ping_status":"closed","template":"","meta":[],"product_brand":[],"product_cat":[8766,8763],"product_tag":[7444,7021],"class_list":{"0":"post-161896","1":"product","2":"type-product","3":"status-publish","4":"has-post-thumbnail","6":"product_cat-hamile-elbiseleri","7":"product_cat-hamilelik-urunleri","8":"product_tag-jarse","9":"product_tag-polyester","10":"pa_brand-hm","11":"pa_color-krem-siyah-desenli","12":"pa_size-l","13":"pa_size-m","14":"pa_size-s","15":"pa_size-xl","16":"pa_size-xs","18":"first","19":"outofstock","20":"shipping-taxable","21":"product-type-variable"},"_links":{"self":[{"href":"https:\/\/mod.wisdar.net\/tr\/wp-json\/wp\/v2\/product\/161896","targetHints":{"allow":["GET"]}}],"collection":[{"href":"https:\/\/mod.wisdar.net\/tr\/wp-json\/wp\/v2\/product"}],"about":[{"href":"https:\/\/mod.wisdar.net\/tr\/wp-json\/wp\/v2\/types\/product"}],"replies":[{"embeddable":true,"href":"https:\/\/mod.wisdar.net\/tr\/wp-json\/wp\/v2\/comments?post=161896"}],"wp:featuredmedia":[{"embeddable":true,"href":"https:\/\/mod.wisdar.net\/tr\/wp-json\/wp\/v2\/media\/161880"}],"wp:attachment":[{"href":"https:\/\/mod.wisdar.net\/tr\/wp-json\/wp\/v2\/media?parent=161896"}],"wp:term":[{"taxonomy":"product_brand","embeddable":true,"href":"https:\/\/mod.wisdar.net\/tr\/wp-json\/wp\/v2\/product_brand?post=161896"},{"taxonomy":"product_cat","embeddable":true,"href":"https:\/\/mod.wisdar.net\/tr\/wp-json\/wp\/v2\/product_cat?post=161896"},{"taxonomy":"product_tag","embeddable":true,"href":"https:\/\/mod.wisdar.net\/tr\/wp-json\/wp\/v2\/product_tag?post=161896"}],"curies":[{"name":"wp","href":"https:\/\/api.w.org\/{rel}","templated":true}]}}