{"id":161925,"date":"2026-03-01T14:25:44","date_gmt":"2026-03-01T14:25:44","guid":{"rendered":"https:\/\/modesthanim.com\/product\/mama-katli-ve-pamuklu-elbise-2\/"},"modified":"2026-04-15T21:04:13","modified_gmt":"2026-04-15T21:04:13","slug":"mama-katli-ve-pamuklu-elbise-2","status":"publish","type":"product","link":"https:\/\/mod.wisdar.net\/tr\/urun\/mama-katli-ve-pamuklu-elbise-2\/","title":{"rendered":"MAMA Katl\u0131 ve Pamuklu Elbise"},"content":{"rendered":"<p>Pamuklu dokuma kuma\u015ftan, bant yakal\u0131, \u00f6n\u00fc gizli d\u00fc\u011fmeli bilek boyu elbise. K\u0131sa balon kollu, g\u00f6\u011f\u00fcs alt\u0131nda \u00e7\u0131kar\u0131labilir ince ku\u015fakl\u0131, klo\u015f etekli, ekstra hacim i\u00e7in b\u00fczg\u00fcl\u00fc katl\u0131.<\/p>\n<p>\u2014 Technical Details \u2014<br \/>\nconcept: MAMA<br \/>\ndescription: A\u00e7\u0131k bej\/Tozlu ye\u015fil\/Kahverengi, \u00c7i\u00e7ekli<br \/>\nsize_details: Kol: Uzunluk: 32.5 cm (boyut S), Omuz: Geni\u015flik: 34 cm (boyut S), Arka: Uzunluk: 132 cm (boyut S)<br \/>\ngarment_length: Uzun<br \/>\nsleeve_length: K\u0131sa kollu<br \/>\nfit: Normal kesim<br \/>\ncollar_style: Bant yaka<br \/>\nclothing_style: G\u00f6mlek Elbise, Uca do\u011fru bolla\u015fan<br \/>\nneck_line_style: V yakal\u0131<br \/>\nsleeve_style: Balon kollu<br \/>\nquantity_sales_mode: Tek<br \/>\nmaterial: Pamuk<br \/>\npattern: \u00c7i\u00e7ekli<\/p>\n","protected":false},"excerpt":{"rendered":"<p>Pamuklu dokuma kuma\u015ftan, bant yakal\u0131, \u00f6n\u00fc gizli d\u00fc\u011fmeli bilek boyu elbise. K\u0131sa balon kollu, g\u00f6\u011f\u00fcs alt\u0131nda \u00e7\u0131kar\u0131labilir ince ku\u015fakl\u0131, klo\u015f etekli, ekstra hacim i\u00e7in b\u00fczg\u00fcl\u00fc katl\u0131. \u2014 Technical Details \u2014 concept: MAMA description: A\u00e7\u0131k bej\/Tozlu ye\u015fil\/Kahverengi, \u00c7i\u00e7ekli size_details: Kol: Uzunluk: 32.5 cm (boyut S), Omuz: Geni\u015flik: 34 cm (boyut S), Arka: Uzunluk: 132 cm (boyut [&hellip;]<\/p>\n","protected":false},"featured_media":161918,"comment_status":"open","ping_status":"closed","template":"","meta":[],"product_brand":[],"product_cat":[8766,8763],"product_tag":[7549,7508,8247,7488,6747],"class_list":{"0":"post-161925","1":"product","2":"type-product","3":"status-publish","4":"has-post-thumbnail","6":"product_cat-hamile-elbiseleri","7":"product_cat-hamilelik-urunleri","8":"product_tag-balon-kol","9":"product_tag-cicekli","10":"product_tag-klos-etek","11":"product_tag-pamuk","12":"product_tag-pile-detayli","13":"pa_brand-hm","14":"pa_color-acik-bej-cicekli","15":"pa_size-l","16":"pa_size-m","17":"pa_size-s","18":"pa_size-xl","19":"pa_size-xs","20":"pa_size-xxl","22":"first","23":"outofstock","24":"shipping-taxable","25":"product-type-variable"},"_links":{"self":[{"href":"https:\/\/mod.wisdar.net\/tr\/wp-json\/wp\/v2\/product\/161925","targetHints":{"allow":["GET"]}}],"collection":[{"href":"https:\/\/mod.wisdar.net\/tr\/wp-json\/wp\/v2\/product"}],"about":[{"href":"https:\/\/mod.wisdar.net\/tr\/wp-json\/wp\/v2\/types\/product"}],"replies":[{"embeddable":true,"href":"https:\/\/mod.wisdar.net\/tr\/wp-json\/wp\/v2\/comments?post=161925"}],"wp:featuredmedia":[{"embeddable":true,"href":"https:\/\/mod.wisdar.net\/tr\/wp-json\/wp\/v2\/media\/161918"}],"wp:attachment":[{"href":"https:\/\/mod.wisdar.net\/tr\/wp-json\/wp\/v2\/media?parent=161925"}],"wp:term":[{"taxonomy":"product_brand","embeddable":true,"href":"https:\/\/mod.wisdar.net\/tr\/wp-json\/wp\/v2\/product_brand?post=161925"},{"taxonomy":"product_cat","embeddable":true,"href":"https:\/\/mod.wisdar.net\/tr\/wp-json\/wp\/v2\/product_cat?post=161925"},{"taxonomy":"product_tag","embeddable":true,"href":"https:\/\/mod.wisdar.net\/tr\/wp-json\/wp\/v2\/product_tag?post=161925"}],"curies":[{"name":"wp","href":"https:\/\/api.w.org\/{rel}","templated":true}]}}