{"id":161967,"date":"2026-03-01T14:27:13","date_gmt":"2026-03-01T14:27:13","guid":{"rendered":"https:\/\/modesthanim.com\/product\/on-cep-detayli-pamuklu-kot-takim-kahve\/"},"modified":"2026-03-03T07:33:04","modified_gmt":"2026-03-03T07:33:04","slug":"on-cep-detayli-pamuklu-kot-takim-kahve","status":"publish","type":"product","link":"https:\/\/mod.wisdar.net\/tr\/urun\/on-cep-detayli-pamuklu-kot-takim-kahve\/","title":{"rendered":"\u00d6n Cep Detayl\u0131 Pamuklu Kot Tak\u0131m \u2013 Kahve"},"content":{"rendered":"<p>28 \u015eUBAT PER\u015eEMBE G\u00dcN\u00dc KARGOLANACAKTIR.<\/p>\n<p>KUMA\u015e: %80 PAMUK KUMA\u015eTAN \u00dcRET\u0130LM\u0130\u015eT\u0130R.<\/p>\n","protected":false},"excerpt":{"rendered":"<p>28 \u015eUBAT PER\u015eEMBE G\u00dcN\u00dc KARGOLANACAKTIR. KUMA\u015e: %80 PAMUK KUMA\u015eTAN \u00dcRET\u0130LM\u0130\u015eT\u0130R.<\/p>\n","protected":false},"featured_media":161963,"comment_status":"open","ping_status":"closed","template":"","meta":[],"product_brand":[],"product_cat":[8721,8715,8694],"product_tag":[],"class_list":{"0":"post-161967","1":"product","2":"type-product","3":"status-publish","4":"has-post-thumbnail","6":"product_cat-kiz-cocuk-takimlari","7":"product_cat-kiz-cocuklari-2-14-yas","8":"product_cat-cocuklar","9":"pa_color-kahve","11":"first","12":"instock","13":"sale","14":"shipping-taxable","15":"purchasable","16":"product-type-variable"},"_links":{"self":[{"href":"https:\/\/mod.wisdar.net\/tr\/wp-json\/wp\/v2\/product\/161967","targetHints":{"allow":["GET"]}}],"collection":[{"href":"https:\/\/mod.wisdar.net\/tr\/wp-json\/wp\/v2\/product"}],"about":[{"href":"https:\/\/mod.wisdar.net\/tr\/wp-json\/wp\/v2\/types\/product"}],"replies":[{"embeddable":true,"href":"https:\/\/mod.wisdar.net\/tr\/wp-json\/wp\/v2\/comments?post=161967"}],"wp:featuredmedia":[{"embeddable":true,"href":"https:\/\/mod.wisdar.net\/tr\/wp-json\/wp\/v2\/media\/161963"}],"wp:attachment":[{"href":"https:\/\/mod.wisdar.net\/tr\/wp-json\/wp\/v2\/media?parent=161967"}],"wp:term":[{"taxonomy":"product_brand","embeddable":true,"href":"https:\/\/mod.wisdar.net\/tr\/wp-json\/wp\/v2\/product_brand?post=161967"},{"taxonomy":"product_cat","embeddable":true,"href":"https:\/\/mod.wisdar.net\/tr\/wp-json\/wp\/v2\/product_cat?post=161967"},{"taxonomy":"product_tag","embeddable":true,"href":"https:\/\/mod.wisdar.net\/tr\/wp-json\/wp\/v2\/product_tag?post=161967"}],"curies":[{"name":"wp","href":"https:\/\/api.w.org\/{rel}","templated":true}]}}