{"id":162030,"date":"2026-03-01T22:01:56","date_gmt":"2026-03-01T22:01:56","guid":{"rendered":"https:\/\/modesthanim.com\/product\/klasik-trenckot-tas\/"},"modified":"2026-03-28T03:01:40","modified_gmt":"2026-03-28T03:01:40","slug":"klasik-trenckot-tas","status":"publish","type":"product","link":"https:\/\/mod.wisdar.net\/tr\/urun\/klasik-trenckot-tas\/","title":{"rendered":"Klasik Tren\u00e7kot Ta\u015f"},"content":{"rendered":"<p>%100 pamuk kanvas kuma\u015ftan \u00fcretilmi\u015f ,\u00f6nden d\u00fc\u011fmeli, yakal\u0131, r\u00fczgarl\u0131kl\u0131, arkas\u0131 y\u0131rtma\u00e7l\u0131, seyyar kemerli, astarl\u0131, kruvaze klasik tren\u00e7kot. \u00dcr\u00fcn tam kal\u0131ba sahiptir. Mankendeki gibi bir duru\u015f i\u00e7in tam ya\u015f aral\u0131\u011f\u0131n\u0131 tercih edebilirsiniz. 2-3 Ya\u015f: Arka ortadan boy: 53cm 3-4 Ya\u015f: Arka ortadan boy: 56cm 4-5 Ya\u015f: Arka ortadan boy: 59cm 5-6 Ya\u015f: Arka ortadan boy: 62cm 7-8Ya\u015f:  Arka ortadan boy: 68cm<\/p>\n","protected":false},"excerpt":{"rendered":"<p>%100 pamuk kanvas kuma\u015ftan \u00fcretilmi\u015f ,\u00f6nden d\u00fc\u011fmeli, yakal\u0131, r\u00fczgarl\u0131kl\u0131, arkas\u0131 y\u0131rtma\u00e7l\u0131, seyyar kemerli, astarl\u0131, kruvaze klasik tren\u00e7kot. \u00dcr\u00fcn tam kal\u0131ba sahiptir. Mankendeki gibi bir duru\u015f i\u00e7in tam ya\u015f aral\u0131\u011f\u0131n\u0131 tercih edebilirsiniz. 2-3 Ya\u015f: Arka ortadan boy: 53cm 3-4 Ya\u015f: Arka ortadan boy: 56cm 4-5 Ya\u015f: Arka ortadan boy: 59cm 5-6 Ya\u015f: Arka ortadan boy: 62cm [&hellip;]<\/p>\n","protected":false},"featured_media":162020,"comment_status":"open","ping_status":"closed","template":"","meta":[],"product_brand":[],"product_cat":[10823,8739,10820,8715,8694],"product_tag":[],"class_list":{"0":"post-162030","1":"product","2":"type-product","3":"status-publish","4":"has-post-thumbnail","6":"product_cat-erkek-cocuk-ceket-yelek","7":"product_cat-erkek-cocuklar-2-14-yas","8":"product_cat-kiz-cocuk-ceket-yelek","9":"product_cat-kiz-cocuklari-2-14-yas","10":"product_cat-cocuklar","11":"pa_color-tas","12":"pa_size-2-3-yas","13":"pa_size-3-4-yas","14":"pa_size-4-5-yas","15":"pa_size-5-6-yas","16":"pa_size-7-8-yas","18":"first","19":"outofstock","20":"shipping-taxable","21":"product-type-variable"},"_links":{"self":[{"href":"https:\/\/mod.wisdar.net\/tr\/wp-json\/wp\/v2\/product\/162030","targetHints":{"allow":["GET"]}}],"collection":[{"href":"https:\/\/mod.wisdar.net\/tr\/wp-json\/wp\/v2\/product"}],"about":[{"href":"https:\/\/mod.wisdar.net\/tr\/wp-json\/wp\/v2\/types\/product"}],"replies":[{"embeddable":true,"href":"https:\/\/mod.wisdar.net\/tr\/wp-json\/wp\/v2\/comments?post=162030"}],"wp:featuredmedia":[{"embeddable":true,"href":"https:\/\/mod.wisdar.net\/tr\/wp-json\/wp\/v2\/media\/162020"}],"wp:attachment":[{"href":"https:\/\/mod.wisdar.net\/tr\/wp-json\/wp\/v2\/media?parent=162030"}],"wp:term":[{"taxonomy":"product_brand","embeddable":true,"href":"https:\/\/mod.wisdar.net\/tr\/wp-json\/wp\/v2\/product_brand?post=162030"},{"taxonomy":"product_cat","embeddable":true,"href":"https:\/\/mod.wisdar.net\/tr\/wp-json\/wp\/v2\/product_cat?post=162030"},{"taxonomy":"product_tag","embeddable":true,"href":"https:\/\/mod.wisdar.net\/tr\/wp-json\/wp\/v2\/product_tag?post=162030"}],"curies":[{"name":"wp","href":"https:\/\/api.w.org\/{rel}","templated":true}]}}