{"id":162080,"date":"2026-03-01T22:09:00","date_gmt":"2026-03-01T22:09:00","guid":{"rendered":"https:\/\/modesthanim.com\/product\/ispanyol-paca-tayt-pembe\/"},"modified":"2026-04-04T03:22:33","modified_gmt":"2026-04-04T03:22:33","slug":"ispanyol-paca-tayt-pembe","status":"publish","type":"product","link":"https:\/\/mod.wisdar.net\/tr\/urun\/ispanyol-paca-tayt-pembe\/","title":{"rendered":"\u0130spanyol Pa\u00e7a Tayt Pembe"},"content":{"rendered":"<p>%100 Pamuk kuma\u015ftan \u00fcretilmi\u015f, beli lastikli, etiket detayl\u0131, ispanyol pa\u00e7a tayt.<\/p>\n","protected":false},"excerpt":{"rendered":"<p>%100 Pamuk kuma\u015ftan \u00fcretilmi\u015f, beli lastikli, etiket detayl\u0131, ispanyol pa\u00e7a tayt.<\/p>\n","protected":false},"featured_media":162076,"comment_status":"open","ping_status":"closed","template":"","meta":[],"product_brand":[],"product_cat":[8715,8694,8727],"product_tag":[6765],"class_list":{"0":"post-162080","1":"product","2":"type-product","3":"status-publish","4":"has-post-thumbnail","6":"product_cat-kiz-cocuklari-2-14-yas","7":"product_cat-cocuklar","8":"product_cat-pantolon","9":"product_tag-lastikli-bel","10":"pa_brand-mioma-kids","11":"pa_color-pembe","12":"pa_size-12-18-ay","13":"pa_size-18-24-ay","14":"pa_size-2-3-yas","15":"pa_size-3-4-yas","16":"pa_size-4-5-yas","18":"first","19":"instock","20":"sale","21":"shipping-taxable","22":"purchasable","23":"product-type-variable"},"_links":{"self":[{"href":"https:\/\/mod.wisdar.net\/tr\/wp-json\/wp\/v2\/product\/162080","targetHints":{"allow":["GET"]}}],"collection":[{"href":"https:\/\/mod.wisdar.net\/tr\/wp-json\/wp\/v2\/product"}],"about":[{"href":"https:\/\/mod.wisdar.net\/tr\/wp-json\/wp\/v2\/types\/product"}],"replies":[{"embeddable":true,"href":"https:\/\/mod.wisdar.net\/tr\/wp-json\/wp\/v2\/comments?post=162080"}],"wp:featuredmedia":[{"embeddable":true,"href":"https:\/\/mod.wisdar.net\/tr\/wp-json\/wp\/v2\/media\/162076"}],"wp:attachment":[{"href":"https:\/\/mod.wisdar.net\/tr\/wp-json\/wp\/v2\/media?parent=162080"}],"wp:term":[{"taxonomy":"product_brand","embeddable":true,"href":"https:\/\/mod.wisdar.net\/tr\/wp-json\/wp\/v2\/product_brand?post=162080"},{"taxonomy":"product_cat","embeddable":true,"href":"https:\/\/mod.wisdar.net\/tr\/wp-json\/wp\/v2\/product_cat?post=162080"},{"taxonomy":"product_tag","embeddable":true,"href":"https:\/\/mod.wisdar.net\/tr\/wp-json\/wp\/v2\/product_tag?post=162080"}],"curies":[{"name":"wp","href":"https:\/\/api.w.org\/{rel}","templated":true}]}}