{"id":162166,"date":"2026-03-01T22:09:56","date_gmt":"2026-03-01T22:09:56","guid":{"rendered":"https:\/\/modesthanim.com\/product\/yakali-muslin-takim-camel\/"},"modified":"2026-04-11T04:01:38","modified_gmt":"2026-04-11T04:01:38","slug":"yakali-muslin-takim-camel","status":"publish","type":"product","link":"https:\/\/mod.wisdar.net\/tr\/urun\/yakali-muslin-takim-camel\/","title":{"rendered":"Yakal\u0131 M\u00fcslin Tak\u0131m Camel"},"content":{"rendered":"<p>%100 Pamuk m\u00fcslin kuma\u015ftan \u00fcretilmi\u015f tak\u0131m.G\u00f6mlek, yakal\u0131, \u00f6n\u00fc d\u00fc\u011fmeli, iki adet torba cepli. Pantolon beli lastikli, yan cepli. \u00dcr\u00fcnlerimiz bol kal\u0131plara sahiptir. Mankendeki gibi bir duru\u015f i\u00e7in tam ya\u015f aral\u0131\u011f\u0131n\u0131 tercih edebilirsiniz. 1-2 Ya\u015f: G\u00f6mlek arka ortadan uzunluk : 36 cm Pantolon boyu: 50 cm 2-3 Ya\u015f: G\u00f6mlek arka ortadan uzunluk : 37 cm Pantolon boyu: 54 cm 3-4 Ya\u015f: G\u00f6mlek arka ortadan uzunluk : 38 cm Pantolon boyu: 58 cm 4-5 Ya\u015f: G\u00f6mlek arka ortadan uzunluk : 40 cm Pantolon boyu: 62 cm 5-6 Ya\u015f: G\u00f6mlek arka ortadan uzunluk : 41 cm Pantolon boyu: 66 cm 7-8 Ya\u015f: G\u00f6mlek arka ortadan uzunluk : 44 cm Pantolon boyu: 74cm Manken 3 ya\u015f\u0131ndad\u0131r. \u00dczerindeki beden 3-4 ya\u015ft\u0131r.<\/p>\n","protected":false},"excerpt":{"rendered":"<p>%100 Pamuk m\u00fcslin kuma\u015ftan \u00fcretilmi\u015f tak\u0131m.G\u00f6mlek, yakal\u0131, \u00f6n\u00fc d\u00fc\u011fmeli, iki adet torba cepli. Pantolon beli lastikli, yan cepli. \u00dcr\u00fcnlerimiz bol kal\u0131plara sahiptir. Mankendeki gibi bir duru\u015f i\u00e7in tam ya\u015f aral\u0131\u011f\u0131n\u0131 tercih edebilirsiniz. 1-2 Ya\u015f: G\u00f6mlek arka ortadan uzunluk : 36 cm Pantolon boyu: 50 cm 2-3 Ya\u015f: G\u00f6mlek arka ortadan uzunluk : 37 cm Pantolon [&hellip;]<\/p>\n","protected":false},"featured_media":162147,"comment_status":"open","ping_status":"closed","template":"","meta":[],"product_brand":[],"product_cat":[8745,8739,8694],"product_tag":[],"class_list":{"0":"post-162166","1":"product","2":"type-product","3":"status-publish","4":"has-post-thumbnail","6":"product_cat-erkek-cocuk-takimlari","7":"product_cat-erkek-cocuklar-2-14-yas","8":"product_cat-cocuklar","9":"pa_brand-mioma-kids","10":"pa_color-camel","11":"pa_size-1-2-yas","12":"pa_size-2-3-yas","13":"pa_size-3-4-yas","14":"pa_size-4-5-yas","15":"pa_size-5-6-yas","16":"pa_size-7-8-yas","18":"first","19":"instock","20":"sale","21":"shipping-taxable","22":"purchasable","23":"product-type-variable"},"_links":{"self":[{"href":"https:\/\/mod.wisdar.net\/tr\/wp-json\/wp\/v2\/product\/162166","targetHints":{"allow":["GET"]}}],"collection":[{"href":"https:\/\/mod.wisdar.net\/tr\/wp-json\/wp\/v2\/product"}],"about":[{"href":"https:\/\/mod.wisdar.net\/tr\/wp-json\/wp\/v2\/types\/product"}],"replies":[{"embeddable":true,"href":"https:\/\/mod.wisdar.net\/tr\/wp-json\/wp\/v2\/comments?post=162166"}],"wp:featuredmedia":[{"embeddable":true,"href":"https:\/\/mod.wisdar.net\/tr\/wp-json\/wp\/v2\/media\/162147"}],"wp:attachment":[{"href":"https:\/\/mod.wisdar.net\/tr\/wp-json\/wp\/v2\/media?parent=162166"}],"wp:term":[{"taxonomy":"product_brand","embeddable":true,"href":"https:\/\/mod.wisdar.net\/tr\/wp-json\/wp\/v2\/product_brand?post=162166"},{"taxonomy":"product_cat","embeddable":true,"href":"https:\/\/mod.wisdar.net\/tr\/wp-json\/wp\/v2\/product_cat?post=162166"},{"taxonomy":"product_tag","embeddable":true,"href":"https:\/\/mod.wisdar.net\/tr\/wp-json\/wp\/v2\/product_tag?post=162166"}],"curies":[{"name":"wp","href":"https:\/\/api.w.org\/{rel}","templated":true}]}}