{"id":162369,"date":"2026-03-02T18:00:16","date_gmt":"2026-03-02T18:00:16","guid":{"rendered":"https:\/\/modesthanim.com\/product\/kravat-detayli-pamuk-saten-gomlek-bebek-mavisi\/"},"modified":"2026-03-02T18:00:49","modified_gmt":"2026-03-02T18:00:49","slug":"kravat-detayli-pamuk-saten-gomlek-bebek-mavisi","status":"publish","type":"product","link":"https:\/\/mod.wisdar.net\/tr\/urun\/kravat-detayli-pamuk-saten-gomlek-bebek-mavisi\/","title":{"rendered":"Kravat Detayl\u0131 Pamuk Saten G\u00f6mlek \u2013 Bebek Mavisi"},"content":{"rendered":"<p>\u015e\u0131k ve rahat kravat detayl\u0131 pamuk saten g\u00f6mlek. %100 pamuk kuma\u015f\u0131 ile \u00fcst\u00fcn konfor sunar. Ofis ve \u00f6zel g\u00fcnler i\u00e7in ideal se\u00e7im.<\/p>\n","protected":false},"excerpt":{"rendered":"<p>\u015e\u0131k ve rahat kravat detayl\u0131 pamuk saten g\u00f6mlek. %100 pamuk kuma\u015f\u0131 ile \u00fcst\u00fcn konfor sunar. Ofis ve \u00f6zel g\u00fcnler i\u00e7in ideal se\u00e7im.<\/p>\n","protected":false},"featured_media":162361,"comment_status":"open","ping_status":"closed","template":"","meta":[],"product_brand":[],"product_cat":[1909],"product_tag":[],"class_list":{"0":"post-162369","1":"product","2":"type-product","3":"status-publish","4":"has-post-thumbnail","6":"product_cat-bluzlar-ve-gomlekler","7":"pa_brand-ahel","8":"pa_color-bebe-mavisi","9":"pa_size-4446","10":"pa_size-4463","12":"first","13":"instock","14":"sale","15":"shipping-taxable","16":"purchasable","17":"product-type-variable"},"_links":{"self":[{"href":"https:\/\/mod.wisdar.net\/tr\/wp-json\/wp\/v2\/product\/162369","targetHints":{"allow":["GET"]}}],"collection":[{"href":"https:\/\/mod.wisdar.net\/tr\/wp-json\/wp\/v2\/product"}],"about":[{"href":"https:\/\/mod.wisdar.net\/tr\/wp-json\/wp\/v2\/types\/product"}],"replies":[{"embeddable":true,"href":"https:\/\/mod.wisdar.net\/tr\/wp-json\/wp\/v2\/comments?post=162369"}],"wp:featuredmedia":[{"embeddable":true,"href":"https:\/\/mod.wisdar.net\/tr\/wp-json\/wp\/v2\/media\/162361"}],"wp:attachment":[{"href":"https:\/\/mod.wisdar.net\/tr\/wp-json\/wp\/v2\/media?parent=162369"}],"wp:term":[{"taxonomy":"product_brand","embeddable":true,"href":"https:\/\/mod.wisdar.net\/tr\/wp-json\/wp\/v2\/product_brand?post=162369"},{"taxonomy":"product_cat","embeddable":true,"href":"https:\/\/mod.wisdar.net\/tr\/wp-json\/wp\/v2\/product_cat?post=162369"},{"taxonomy":"product_tag","embeddable":true,"href":"https:\/\/mod.wisdar.net\/tr\/wp-json\/wp\/v2\/product_tag?post=162369"}],"curies":[{"name":"wp","href":"https:\/\/api.w.org\/{rel}","templated":true}]}}