{"id":162423,"date":"2026-03-02T18:01:39","date_gmt":"2026-03-02T18:01:39","guid":{"rendered":"https:\/\/modesthanim.com\/product\/kravat-detayli-pamuk-saten-gomlek-bordo\/"},"modified":"2026-04-15T22:32:54","modified_gmt":"2026-04-15T22:32:54","slug":"kravat-detayli-pamuk-saten-gomlek-bordo","status":"publish","type":"product","link":"https:\/\/mod.wisdar.net\/tr\/urun\/kravat-detayli-pamuk-saten-gomlek-bordo\/","title":{"rendered":"Kravat Detayl\u0131 Pamuk Saten G\u00f6mlek \u2013 Bordo"},"content":{"rendered":"<p>Kravat detay\u0131 ile \u015f\u0131k bir dokunu\u015f kazanan bu pamuk saten g\u00f6mlek, hem i\u015f hem de \u00f6zel g\u00fcnlerde zarif bir g\u00f6r\u00fcn\u00fcm sunar. Y\u00fcksek kaliteli pamuk kuma\u015f\u0131 ve saten dokusu ile konforu \u00f6n planda tutarken, bordo rengi ile tarz\u0131n\u0131z\u0131 tamamlar. M\u00fckemmel kesimi ve kaliteli dikimi ile gard\u0131robunuzun vazge\u00e7ilmez par\u00e7alar\u0131ndan biri olacak.<\/p>\n","protected":false},"excerpt":{"rendered":"<p>Kravat detay\u0131 ile \u015f\u0131k bir dokunu\u015f kazanan bu pamuk saten g\u00f6mlek, hem i\u015f hem de \u00f6zel g\u00fcnlerde zarif bir g\u00f6r\u00fcn\u00fcm sunar. Y\u00fcksek kaliteli pamuk kuma\u015f\u0131 ve saten dokusu ile konforu \u00f6n planda tutarken, bordo rengi ile tarz\u0131n\u0131z\u0131 tamamlar. M\u00fckemmel kesimi ve kaliteli dikimi ile gard\u0131robunuzun vazge\u00e7ilmez par\u00e7alar\u0131ndan biri olacak.<\/p>\n","protected":false},"featured_media":162410,"comment_status":"open","ping_status":"closed","template":"","meta":[],"product_brand":[],"product_cat":[1909],"product_tag":[],"class_list":{"0":"post-162423","1":"product","2":"type-product","3":"status-publish","4":"has-post-thumbnail","6":"product_cat-bluzlar-ve-gomlekler","7":"pa_brand-ahel","8":"pa_color-bordo","9":"pa_size-4446","10":"pa_size-4463","12":"first","13":"instock","14":"sale","15":"shipping-taxable","16":"purchasable","17":"product-type-variable"},"_links":{"self":[{"href":"https:\/\/mod.wisdar.net\/tr\/wp-json\/wp\/v2\/product\/162423","targetHints":{"allow":["GET"]}}],"collection":[{"href":"https:\/\/mod.wisdar.net\/tr\/wp-json\/wp\/v2\/product"}],"about":[{"href":"https:\/\/mod.wisdar.net\/tr\/wp-json\/wp\/v2\/types\/product"}],"replies":[{"embeddable":true,"href":"https:\/\/mod.wisdar.net\/tr\/wp-json\/wp\/v2\/comments?post=162423"}],"wp:featuredmedia":[{"embeddable":true,"href":"https:\/\/mod.wisdar.net\/tr\/wp-json\/wp\/v2\/media\/162410"}],"wp:attachment":[{"href":"https:\/\/mod.wisdar.net\/tr\/wp-json\/wp\/v2\/media?parent=162423"}],"wp:term":[{"taxonomy":"product_brand","embeddable":true,"href":"https:\/\/mod.wisdar.net\/tr\/wp-json\/wp\/v2\/product_brand?post=162423"},{"taxonomy":"product_cat","embeddable":true,"href":"https:\/\/mod.wisdar.net\/tr\/wp-json\/wp\/v2\/product_cat?post=162423"},{"taxonomy":"product_tag","embeddable":true,"href":"https:\/\/mod.wisdar.net\/tr\/wp-json\/wp\/v2\/product_tag?post=162423"}],"curies":[{"name":"wp","href":"https:\/\/api.w.org\/{rel}","templated":true}]}}