{"id":162484,"date":"2026-03-02T18:03:16","date_gmt":"2026-03-02T18:03:16","guid":{"rendered":"https:\/\/modesthanim.com\/product\/nervur-detayli-pantolon-takim-fume\/"},"modified":"2026-04-15T22:17:40","modified_gmt":"2026-04-15T22:17:40","slug":"nervur-detayli-pantolon-takim-fume","status":"publish","type":"product","link":"https:\/\/mod.wisdar.net\/tr\/urun\/nervur-detayli-pantolon-takim-fume\/","title":{"rendered":"Nerv\u00fcr Detayl\u0131 Pantolon Tak\u0131m \u2013 F\u00fcme"},"content":{"rendered":"","protected":false},"excerpt":{"rendered":"","protected":false},"featured_media":162470,"comment_status":"open","ping_status":"closed","template":"","meta":[],"product_brand":[],"product_cat":[1900],"product_tag":[6744,8275],"class_list":{"0":"post-162484","1":"product","2":"type-product","3":"status-publish","4":"has-post-thumbnail","6":"product_cat-koordinatlar-setler","7":"product_tag-kadin-modasi","8":"product_tag-terzi-dikimi-takim-elbise","9":"pa_brand-ahel","10":"pa_color-fume","11":"pa_size-4446","12":"pa_size-4463","14":"first","15":"outofstock","16":"shipping-taxable","17":"product-type-variable"},"_links":{"self":[{"href":"https:\/\/mod.wisdar.net\/tr\/wp-json\/wp\/v2\/product\/162484","targetHints":{"allow":["GET"]}}],"collection":[{"href":"https:\/\/mod.wisdar.net\/tr\/wp-json\/wp\/v2\/product"}],"about":[{"href":"https:\/\/mod.wisdar.net\/tr\/wp-json\/wp\/v2\/types\/product"}],"replies":[{"embeddable":true,"href":"https:\/\/mod.wisdar.net\/tr\/wp-json\/wp\/v2\/comments?post=162484"}],"wp:featuredmedia":[{"embeddable":true,"href":"https:\/\/mod.wisdar.net\/tr\/wp-json\/wp\/v2\/media\/162470"}],"wp:attachment":[{"href":"https:\/\/mod.wisdar.net\/tr\/wp-json\/wp\/v2\/media?parent=162484"}],"wp:term":[{"taxonomy":"product_brand","embeddable":true,"href":"https:\/\/mod.wisdar.net\/tr\/wp-json\/wp\/v2\/product_brand?post=162484"},{"taxonomy":"product_cat","embeddable":true,"href":"https:\/\/mod.wisdar.net\/tr\/wp-json\/wp\/v2\/product_cat?post=162484"},{"taxonomy":"product_tag","embeddable":true,"href":"https:\/\/mod.wisdar.net\/tr\/wp-json\/wp\/v2\/product_tag?post=162484"}],"curies":[{"name":"wp","href":"https:\/\/api.w.org\/{rel}","templated":true}]}}