{"id":162531,"date":"2026-03-02T18:04:38","date_gmt":"2026-03-02T18:04:38","guid":{"rendered":"https:\/\/modesthanim.com\/product\/ters-manset-detayli-kot-etek-takim-kahve\/"},"modified":"2026-04-11T03:34:39","modified_gmt":"2026-04-11T03:34:39","slug":"ters-manset-detayli-kot-etek-takim-kahve","status":"publish","type":"product","link":"https:\/\/mod.wisdar.net\/tr\/urun\/ters-manset-detayli-kot-etek-takim-kahve\/","title":{"rendered":"Ters Man\u015fet Detayl\u0131 Kot Etek Tak\u0131m \u2013 Kahve"},"content":{"rendered":"","protected":false},"excerpt":{"rendered":"","protected":false},"featured_media":162525,"comment_status":"open","ping_status":"closed","template":"","meta":[],"product_brand":[],"product_cat":[1900],"product_tag":[8406,7547],"class_list":{"0":"post-162531","1":"product","2":"type-product","3":"status-publish","4":"has-post-thumbnail","6":"product_cat-koordinatlar-setler","7":"product_tag-denim-etek-takim","8":"product_tag-kadin-giyim","9":"pa_brand-ahel","10":"pa_color-kahve","11":"pa_size-4446","12":"pa_size-4463","14":"first","15":"instock","16":"sale","17":"shipping-taxable","18":"purchasable","19":"product-type-variable"},"_links":{"self":[{"href":"https:\/\/mod.wisdar.net\/tr\/wp-json\/wp\/v2\/product\/162531","targetHints":{"allow":["GET"]}}],"collection":[{"href":"https:\/\/mod.wisdar.net\/tr\/wp-json\/wp\/v2\/product"}],"about":[{"href":"https:\/\/mod.wisdar.net\/tr\/wp-json\/wp\/v2\/types\/product"}],"replies":[{"embeddable":true,"href":"https:\/\/mod.wisdar.net\/tr\/wp-json\/wp\/v2\/comments?post=162531"}],"wp:featuredmedia":[{"embeddable":true,"href":"https:\/\/mod.wisdar.net\/tr\/wp-json\/wp\/v2\/media\/162525"}],"wp:attachment":[{"href":"https:\/\/mod.wisdar.net\/tr\/wp-json\/wp\/v2\/media?parent=162531"}],"wp:term":[{"taxonomy":"product_brand","embeddable":true,"href":"https:\/\/mod.wisdar.net\/tr\/wp-json\/wp\/v2\/product_brand?post=162531"},{"taxonomy":"product_cat","embeddable":true,"href":"https:\/\/mod.wisdar.net\/tr\/wp-json\/wp\/v2\/product_cat?post=162531"},{"taxonomy":"product_tag","embeddable":true,"href":"https:\/\/mod.wisdar.net\/tr\/wp-json\/wp\/v2\/product_tag?post=162531"}],"curies":[{"name":"wp","href":"https:\/\/api.w.org\/{rel}","templated":true}]}}