{"id":162539,"date":"2026-03-02T18:04:44","date_gmt":"2026-03-02T18:04:44","guid":{"rendered":"https:\/\/modesthanim.com\/product\/nervur-detayli-pantolon-takim-haki\/"},"modified":"2026-03-18T21:35:57","modified_gmt":"2026-03-18T21:35:57","slug":"nervur-detayli-pantolon-takim-haki","status":"publish","type":"product","link":"https:\/\/mod.wisdar.net\/tr\/urun\/nervur-detayli-pantolon-takim-haki\/","title":{"rendered":"Nerv\u00fcr Detayl\u0131 Pantolon Tak\u0131m \u2013 Haki"},"content":{"rendered":"","protected":false},"excerpt":{"rendered":"","protected":false},"featured_media":162532,"comment_status":"open","ping_status":"closed","template":"","meta":[],"product_brand":[],"product_cat":[1900],"product_tag":[6744,6754,6918],"class_list":{"0":"post-162539","1":"product","2":"type-product","3":"status-publish","4":"has-post-thumbnail","6":"product_cat-koordinatlar-setler","7":"product_tag-kadin-modasi","8":"product_tag-ofis-kiyafeti","9":"product_tag-sik-kiyafet","10":"pa_brand-ahel","11":"pa_color-haki","12":"pa_size-4446","13":"pa_size-4463","15":"first","16":"outofstock","17":"shipping-taxable","18":"product-type-variable"},"_links":{"self":[{"href":"https:\/\/mod.wisdar.net\/tr\/wp-json\/wp\/v2\/product\/162539","targetHints":{"allow":["GET"]}}],"collection":[{"href":"https:\/\/mod.wisdar.net\/tr\/wp-json\/wp\/v2\/product"}],"about":[{"href":"https:\/\/mod.wisdar.net\/tr\/wp-json\/wp\/v2\/types\/product"}],"replies":[{"embeddable":true,"href":"https:\/\/mod.wisdar.net\/tr\/wp-json\/wp\/v2\/comments?post=162539"}],"wp:featuredmedia":[{"embeddable":true,"href":"https:\/\/mod.wisdar.net\/tr\/wp-json\/wp\/v2\/media\/162532"}],"wp:attachment":[{"href":"https:\/\/mod.wisdar.net\/tr\/wp-json\/wp\/v2\/media?parent=162539"}],"wp:term":[{"taxonomy":"product_brand","embeddable":true,"href":"https:\/\/mod.wisdar.net\/tr\/wp-json\/wp\/v2\/product_brand?post=162539"},{"taxonomy":"product_cat","embeddable":true,"href":"https:\/\/mod.wisdar.net\/tr\/wp-json\/wp\/v2\/product_cat?post=162539"},{"taxonomy":"product_tag","embeddable":true,"href":"https:\/\/mod.wisdar.net\/tr\/wp-json\/wp\/v2\/product_tag?post=162539"}],"curies":[{"name":"wp","href":"https:\/\/api.w.org\/{rel}","templated":true}]}}