{"id":162862,"date":"2026-03-02T19:08:36","date_gmt":"2026-03-02T19:08:36","guid":{"rendered":"https:\/\/modesthanim.com\/product\/misty-desenli-sifon-elbise-haki\/"},"modified":"2026-04-11T03:54:00","modified_gmt":"2026-04-11T03:54:00","slug":"misty-desenli-sifon-elbise-haki","status":"publish","type":"product","link":"https:\/\/mod.wisdar.net\/tr\/urun\/misty-desenli-sifon-elbise-haki\/","title":{"rendered":"Misty Desenli \u015eifon Elbise \u2013 Haki"},"content":{"rendered":"<p>Haki rengindeki Misty desenli \u015fifon elbise, zarif ve \u015f\u0131k bir g\u00f6r\u00fcn\u00fcm sunar. Yumu\u015fak \u015fifon kuma\u015f\u0131 ve \u00f6zel deseniyle g\u00fcnl\u00fck kullan\u0131ma uygun olan bu elbise, rahat kesimiyle \u00fcst\u00fcn konfor sa\u011flar. Her mevsim kombinlerinize kolayl\u0131kla uyum sa\u011flayan bu model, gard\u0131robunuzun vazge\u00e7ilmez par\u00e7alar\u0131ndan biri olacak.<\/p>\n","protected":false},"excerpt":{"rendered":"<p>Haki rengindeki Misty desenli \u015fifon elbise, zarif ve \u015f\u0131k bir g\u00f6r\u00fcn\u00fcm sunar. Yumu\u015fak \u015fifon kuma\u015f\u0131 ve \u00f6zel deseniyle g\u00fcnl\u00fck kullan\u0131ma uygun olan bu elbise, rahat kesimiyle \u00fcst\u00fcn konfor sa\u011flar. Her mevsim kombinlerinize kolayl\u0131kla uyum sa\u011flayan bu model, gard\u0131robunuzun vazge\u00e7ilmez par\u00e7alar\u0131ndan biri olacak.<\/p>\n","protected":false},"featured_media":162846,"comment_status":"open","ping_status":"closed","template":"","meta":[],"product_brand":[],"product_cat":[6249,1933],"product_tag":[],"class_list":{"0":"post-162862","1":"product","2":"type-product","3":"status-publish","4":"has-post-thumbnail","6":"product_cat-elbiseler","7":"product_cat-gunluk-ve-gunduz-elbiseleri","8":"pa_brand-ahel","9":"pa_color-haki","10":"pa_size-4701","11":"pa_size-4706","12":"pa_size-4711","13":"pa_size-4713","15":"first","16":"instock","17":"sale","18":"shipping-taxable","19":"purchasable","20":"product-type-variable"},"_links":{"self":[{"href":"https:\/\/mod.wisdar.net\/tr\/wp-json\/wp\/v2\/product\/162862","targetHints":{"allow":["GET"]}}],"collection":[{"href":"https:\/\/mod.wisdar.net\/tr\/wp-json\/wp\/v2\/product"}],"about":[{"href":"https:\/\/mod.wisdar.net\/tr\/wp-json\/wp\/v2\/types\/product"}],"replies":[{"embeddable":true,"href":"https:\/\/mod.wisdar.net\/tr\/wp-json\/wp\/v2\/comments?post=162862"}],"wp:featuredmedia":[{"embeddable":true,"href":"https:\/\/mod.wisdar.net\/tr\/wp-json\/wp\/v2\/media\/162846"}],"wp:attachment":[{"href":"https:\/\/mod.wisdar.net\/tr\/wp-json\/wp\/v2\/media?parent=162862"}],"wp:term":[{"taxonomy":"product_brand","embeddable":true,"href":"https:\/\/mod.wisdar.net\/tr\/wp-json\/wp\/v2\/product_brand?post=162862"},{"taxonomy":"product_cat","embeddable":true,"href":"https:\/\/mod.wisdar.net\/tr\/wp-json\/wp\/v2\/product_cat?post=162862"},{"taxonomy":"product_tag","embeddable":true,"href":"https:\/\/mod.wisdar.net\/tr\/wp-json\/wp\/v2\/product_tag?post=162862"}],"curies":[{"name":"wp","href":"https:\/\/api.w.org\/{rel}","templated":true}]}}