{"id":162923,"date":"2026-03-02T19:10:07","date_gmt":"2026-03-02T19:10:07","guid":{"rendered":"https:\/\/modesthanim.com\/product\/misty-desenli-sifon-elbise-lacivert\/"},"modified":"2026-04-15T22:26:01","modified_gmt":"2026-04-15T22:26:01","slug":"misty-desenli-sifon-elbise-lacivert","status":"publish","type":"product","link":"https:\/\/mod.wisdar.net\/tr\/urun\/misty-desenli-sifon-elbise-lacivert\/","title":{"rendered":"Misty Desenli \u015eifon Elbise \u2013 Lacivert"},"content":{"rendered":"<p>Bu zarif Misty desenli \u015fifon elbise, rahat kesimi ve kaliteli kuma\u015f\u0131yla g\u00fcnl\u00fck kullan\u0131m i\u00e7in ideal bir se\u00e7imdir. Lacivert rengi ile \u015f\u0131kl\u0131\u011f\u0131n\u0131z\u0131 tamamlay\u0131n.<\/p>\n","protected":false},"excerpt":{"rendered":"<p>Bu zarif Misty desenli \u015fifon elbise, rahat kesimi ve kaliteli kuma\u015f\u0131yla g\u00fcnl\u00fck kullan\u0131m i\u00e7in ideal bir se\u00e7imdir. Lacivert rengi ile \u015f\u0131kl\u0131\u011f\u0131n\u0131z\u0131 tamamlay\u0131n.<\/p>\n","protected":false},"featured_media":162916,"comment_status":"open","ping_status":"closed","template":"","meta":[],"product_brand":[],"product_cat":[6249,1933],"product_tag":[],"class_list":{"0":"post-162923","1":"product","2":"type-product","3":"status-publish","4":"has-post-thumbnail","6":"product_cat-elbiseler","7":"product_cat-gunluk-ve-gunduz-elbiseleri","8":"pa_brand-ahel","9":"pa_color-lacivert","10":"pa_size-4701","11":"pa_size-4706","12":"pa_size-4711","13":"pa_size-4713","15":"first","16":"instock","17":"sale","18":"shipping-taxable","19":"purchasable","20":"product-type-variable"},"_links":{"self":[{"href":"https:\/\/mod.wisdar.net\/tr\/wp-json\/wp\/v2\/product\/162923","targetHints":{"allow":["GET"]}}],"collection":[{"href":"https:\/\/mod.wisdar.net\/tr\/wp-json\/wp\/v2\/product"}],"about":[{"href":"https:\/\/mod.wisdar.net\/tr\/wp-json\/wp\/v2\/types\/product"}],"replies":[{"embeddable":true,"href":"https:\/\/mod.wisdar.net\/tr\/wp-json\/wp\/v2\/comments?post=162923"}],"wp:featuredmedia":[{"embeddable":true,"href":"https:\/\/mod.wisdar.net\/tr\/wp-json\/wp\/v2\/media\/162916"}],"wp:attachment":[{"href":"https:\/\/mod.wisdar.net\/tr\/wp-json\/wp\/v2\/media?parent=162923"}],"wp:term":[{"taxonomy":"product_brand","embeddable":true,"href":"https:\/\/mod.wisdar.net\/tr\/wp-json\/wp\/v2\/product_brand?post=162923"},{"taxonomy":"product_cat","embeddable":true,"href":"https:\/\/mod.wisdar.net\/tr\/wp-json\/wp\/v2\/product_cat?post=162923"},{"taxonomy":"product_tag","embeddable":true,"href":"https:\/\/mod.wisdar.net\/tr\/wp-json\/wp\/v2\/product_tag?post=162923"}],"curies":[{"name":"wp","href":"https:\/\/api.w.org\/{rel}","templated":true}]}}