{"id":163030,"date":"2026-03-02T19:13:01","date_gmt":"2026-03-02T19:13:01","guid":{"rendered":"https:\/\/modesthanim.com\/product\/misty-desenli-sifon-elbise-kahverengi\/"},"modified":"2026-04-11T03:53:16","modified_gmt":"2026-04-11T03:53:16","slug":"misty-desenli-sifon-elbise-kahverengi","status":"publish","type":"product","link":"https:\/\/mod.wisdar.net\/tr\/urun\/misty-desenli-sifon-elbise-kahverengi\/","title":{"rendered":"Misty Desenli \u015eifon Elbise \u2013 Kahverengi"},"content":{"rendered":"<p>Bu zarif Misty desenli \u015fifon elbise, modern tasar\u0131m\u0131 ve hafif kuma\u015f\u0131yla gard\u0131robunuzun vazge\u00e7ilmez par\u00e7alar\u0131ndan biri olacak. Kahverengi tonu, her mevsim ve her kombin i\u00e7in m\u00fckemmel bir uyum sa\u011flar. \u00d6zel g\u00fcnlerde veya g\u00fcnl\u00fck kullan\u0131mda \u015f\u0131kl\u0131\u011f\u0131n\u0131z\u0131 tamamlayacak bu elbise, konfor ve stil bir arada sunuyor.<\/p>\n","protected":false},"excerpt":{"rendered":"<p>Bu zarif Misty desenli \u015fifon elbise, modern tasar\u0131m\u0131 ve hafif kuma\u015f\u0131yla gard\u0131robunuzun vazge\u00e7ilmez par\u00e7alar\u0131ndan biri olacak. Kahverengi tonu, her mevsim ve her kombin i\u00e7in m\u00fckemmel bir uyum sa\u011flar. \u00d6zel g\u00fcnlerde veya g\u00fcnl\u00fck kullan\u0131mda \u015f\u0131kl\u0131\u011f\u0131n\u0131z\u0131 tamamlayacak bu elbise, konfor ve stil bir arada sunuyor.<\/p>\n","protected":false},"featured_media":163017,"comment_status":"open","ping_status":"closed","template":"","meta":[],"product_brand":[],"product_cat":[6249,1933],"product_tag":[],"class_list":{"0":"post-163030","1":"product","2":"type-product","3":"status-publish","4":"has-post-thumbnail","6":"product_cat-elbiseler","7":"product_cat-gunluk-ve-gunduz-elbiseleri","8":"pa_brand-ahel","9":"pa_color-kahverengi","10":"pa_size-4701","11":"pa_size-4706","12":"pa_size-4711","13":"pa_size-4713","15":"first","16":"instock","17":"sale","18":"shipping-taxable","19":"purchasable","20":"product-type-variable"},"_links":{"self":[{"href":"https:\/\/mod.wisdar.net\/tr\/wp-json\/wp\/v2\/product\/163030","targetHints":{"allow":["GET"]}}],"collection":[{"href":"https:\/\/mod.wisdar.net\/tr\/wp-json\/wp\/v2\/product"}],"about":[{"href":"https:\/\/mod.wisdar.net\/tr\/wp-json\/wp\/v2\/types\/product"}],"replies":[{"embeddable":true,"href":"https:\/\/mod.wisdar.net\/tr\/wp-json\/wp\/v2\/comments?post=163030"}],"wp:featuredmedia":[{"embeddable":true,"href":"https:\/\/mod.wisdar.net\/tr\/wp-json\/wp\/v2\/media\/163017"}],"wp:attachment":[{"href":"https:\/\/mod.wisdar.net\/tr\/wp-json\/wp\/v2\/media?parent=163030"}],"wp:term":[{"taxonomy":"product_brand","embeddable":true,"href":"https:\/\/mod.wisdar.net\/tr\/wp-json\/wp\/v2\/product_brand?post=163030"},{"taxonomy":"product_cat","embeddable":true,"href":"https:\/\/mod.wisdar.net\/tr\/wp-json\/wp\/v2\/product_cat?post=163030"},{"taxonomy":"product_tag","embeddable":true,"href":"https:\/\/mod.wisdar.net\/tr\/wp-json\/wp\/v2\/product_tag?post=163030"}],"curies":[{"name":"wp","href":"https:\/\/api.w.org\/{rel}","templated":true}]}}