{"id":163158,"date":"2026-03-02T19:17:17","date_gmt":"2026-03-02T19:17:17","guid":{"rendered":"https:\/\/modesthanim.com\/product\/ciel-kemer-firfirli-sifon-elbise-mavi\/"},"modified":"2026-03-16T19:57:30","modified_gmt":"2026-03-16T19:57:30","slug":"ciel-kemer-firfirli-sifon-elbise-mavi","status":"publish","type":"product","link":"https:\/\/mod.wisdar.net\/tr\/urun\/ciel-kemer-firfirli-sifon-elbise-mavi\/","title":{"rendered":"Ciel Kemer F\u0131rf\u0131rl\u0131 \u015eifon Elbise \u2013 Mavi"},"content":{"rendered":"<p>\u00dcR\u00dcN TANIMI<\/p>\n<p>Zarif dokusu ve derin renk se\u00e7enekleri ile dikkat \u00e7eken bu elbise, volanl\u0131 kollar\u0131 ve \u00fc\u00e7 boyutlu \u00e7i\u00e7ek detaylar\u0131yla feminen bir g\u00f6r\u00fcn\u00fcm sunar. Belden ba\u011flamal\u0131 yap\u0131s\u0131yla v\u00fccut formunu zarif\u00e7e vurgulayan tasar\u0131m, \u00f6zel davetlerde sofistike bir \u015f\u0131kl\u0131k yarat\u0131r.<\/p>\n<p>\u00dcR\u00dcN \u00d6ZELL\u0130KLER\u0130<\/p>\n<p>\tElbise Boy : 145 cm<br \/>\n\t\u015eifon Kuma\u015ft\u0131r.<br \/>\n\tKu\u015fakl\u0131d\u0131r.<br \/>\n\tAstarl\u0131d\u0131r.<br \/>\n\tRahat kal\u0131pt\u0131r.<\/p>\n<p>\u0130\u00c7ER\u0130K VE BAKIM<\/p>\n<p>%100 Pes<br \/>\nYaln\u0131zca kuru temizleme yap\u0131n\u0131z.<br \/>\nD\u00fc\u015f\u00fck \u0131s\u0131da tersten \u00fct\u00fclenebilir elle \u00f6l\u00e7\u00fcmlerde 2-3 cm de\u011fi\u015fiklik g\u00f6sterebilir.<\/p>\n","protected":false},"excerpt":{"rendered":"<p>\u00dcR\u00dcN TANIMI Zarif dokusu ve derin renk se\u00e7enekleri ile dikkat \u00e7eken bu elbise, volanl\u0131 kollar\u0131 ve \u00fc\u00e7 boyutlu \u00e7i\u00e7ek detaylar\u0131yla feminen bir g\u00f6r\u00fcn\u00fcm sunar. Belden ba\u011flamal\u0131 yap\u0131s\u0131yla v\u00fccut formunu zarif\u00e7e vurgulayan tasar\u0131m, \u00f6zel davetlerde sofistike bir \u015f\u0131kl\u0131k yarat\u0131r. \u00dcR\u00dcN \u00d6ZELL\u0130KLER\u0130 Elbise Boy : 145 cm \u015eifon Kuma\u015ft\u0131r. Ku\u015fakl\u0131d\u0131r. Astarl\u0131d\u0131r. Rahat kal\u0131pt\u0131r. \u0130\u00c7ER\u0130K VE BAKIM %100 [&hellip;]<\/p>\n","protected":false},"featured_media":163142,"comment_status":"open","ping_status":"closed","template":"","meta":[],"product_brand":[],"product_cat":[6249,1933],"product_tag":[6925,8427,8299,7562,6772,6911],"class_list":{"0":"post-163158","1":"product","2":"type-product","3":"status-publish","4":"has-post-thumbnail","6":"product_cat-elbiseler","7":"product_cat-gunluk-ve-gunduz-elbiseleri","8":"product_tag-firfirli-kollar","9":"product_tag-gece-elbisesi","10":"product_tag-kemerli-elbise","11":"product_tag-mavi-elbise","12":"product_tag-ozel-gun","13":"product_tag-sifon-elbise","14":"pa_brand-ahel","15":"pa_color-mavi","16":"pa_size-4446","17":"pa_size-4463","18":"pa_size-std","20":"first","21":"outofstock","22":"shipping-taxable","23":"product-type-variable"},"_links":{"self":[{"href":"https:\/\/mod.wisdar.net\/tr\/wp-json\/wp\/v2\/product\/163158","targetHints":{"allow":["GET"]}}],"collection":[{"href":"https:\/\/mod.wisdar.net\/tr\/wp-json\/wp\/v2\/product"}],"about":[{"href":"https:\/\/mod.wisdar.net\/tr\/wp-json\/wp\/v2\/types\/product"}],"replies":[{"embeddable":true,"href":"https:\/\/mod.wisdar.net\/tr\/wp-json\/wp\/v2\/comments?post=163158"}],"wp:featuredmedia":[{"embeddable":true,"href":"https:\/\/mod.wisdar.net\/tr\/wp-json\/wp\/v2\/media\/163142"}],"wp:attachment":[{"href":"https:\/\/mod.wisdar.net\/tr\/wp-json\/wp\/v2\/media?parent=163158"}],"wp:term":[{"taxonomy":"product_brand","embeddable":true,"href":"https:\/\/mod.wisdar.net\/tr\/wp-json\/wp\/v2\/product_brand?post=163158"},{"taxonomy":"product_cat","embeddable":true,"href":"https:\/\/mod.wisdar.net\/tr\/wp-json\/wp\/v2\/product_cat?post=163158"},{"taxonomy":"product_tag","embeddable":true,"href":"https:\/\/mod.wisdar.net\/tr\/wp-json\/wp\/v2\/product_tag?post=163158"}],"curies":[{"name":"wp","href":"https:\/\/api.w.org\/{rel}","templated":true}]}}