{"id":163284,"date":"2026-03-02T19:22:13","date_gmt":"2026-03-02T19:22:13","guid":{"rendered":"https:\/\/modesthanim.com\/product\/vera-trenc-elbise-lacivert\/"},"modified":"2026-03-28T02:24:33","modified_gmt":"2026-03-28T02:24:33","slug":"vera-trenc-elbise-lacivert","status":"publish","type":"product","link":"https:\/\/mod.wisdar.net\/tr\/urun\/vera-trenc-elbise-lacivert\/","title":{"rendered":"Vera Tren\u00e7 Elbise \u2013 Lacivert"},"content":{"rendered":"<p>Zarif tasar\u0131m\u0131 ve \u015f\u0131k lacivert rengiyle Vera Tren\u00e7 Elbise, modern gard\u0131robunuzun vazge\u00e7ilmez par\u00e7as\u0131d\u0131r. Y\u00fcksek kaliteli kuma\u015f\u0131 ve m\u00fckemmel i\u015f\u00e7ili\u011fi ile her mevsim rahatl\u0131kla kullanabilece\u011finiz bu elbise, g\u00fcnl\u00fck ya\u015famda \u015f\u0131kl\u0131\u011f\u0131n\u0131z\u0131 tamamlayacak.<\/p>\n","protected":false},"excerpt":{"rendered":"<p>Zarif tasar\u0131m\u0131 ve \u015f\u0131k lacivert rengiyle Vera Tren\u00e7 Elbise, modern gard\u0131robunuzun vazge\u00e7ilmez par\u00e7as\u0131d\u0131r. Y\u00fcksek kaliteli kuma\u015f\u0131 ve m\u00fckemmel i\u015f\u00e7ili\u011fi ile her mevsim rahatl\u0131kla kullanabilece\u011finiz bu elbise, g\u00fcnl\u00fck ya\u015famda \u015f\u0131kl\u0131\u011f\u0131n\u0131z\u0131 tamamlayacak.<\/p>\n","protected":false},"featured_media":163278,"comment_status":"open","ping_status":"closed","template":"","meta":[],"product_brand":[],"product_cat":[6249,1933],"product_tag":[],"class_list":{"0":"post-163284","1":"product","2":"type-product","3":"status-publish","4":"has-post-thumbnail","6":"product_cat-elbiseler","7":"product_cat-gunluk-ve-gunduz-elbiseleri","8":"pa_brand-ahel","9":"pa_color-lacivert","10":"pa_size-4446","11":"pa_size-4463","13":"first","14":"outofstock","15":"shipping-taxable","16":"product-type-variable"},"_links":{"self":[{"href":"https:\/\/mod.wisdar.net\/tr\/wp-json\/wp\/v2\/product\/163284","targetHints":{"allow":["GET"]}}],"collection":[{"href":"https:\/\/mod.wisdar.net\/tr\/wp-json\/wp\/v2\/product"}],"about":[{"href":"https:\/\/mod.wisdar.net\/tr\/wp-json\/wp\/v2\/types\/product"}],"replies":[{"embeddable":true,"href":"https:\/\/mod.wisdar.net\/tr\/wp-json\/wp\/v2\/comments?post=163284"}],"wp:featuredmedia":[{"embeddable":true,"href":"https:\/\/mod.wisdar.net\/tr\/wp-json\/wp\/v2\/media\/163278"}],"wp:attachment":[{"href":"https:\/\/mod.wisdar.net\/tr\/wp-json\/wp\/v2\/media?parent=163284"}],"wp:term":[{"taxonomy":"product_brand","embeddable":true,"href":"https:\/\/mod.wisdar.net\/tr\/wp-json\/wp\/v2\/product_brand?post=163284"},{"taxonomy":"product_cat","embeddable":true,"href":"https:\/\/mod.wisdar.net\/tr\/wp-json\/wp\/v2\/product_cat?post=163284"},{"taxonomy":"product_tag","embeddable":true,"href":"https:\/\/mod.wisdar.net\/tr\/wp-json\/wp\/v2\/product_tag?post=163284"}],"curies":[{"name":"wp","href":"https:\/\/api.w.org\/{rel}","templated":true}]}}