{"id":163420,"date":"2026-03-02T19:27:03","date_gmt":"2026-03-02T19:27:03","guid":{"rendered":"https:\/\/modesthanim.com\/product\/vera-trenc-elbise-kahverengi\/"},"modified":"2026-04-12T00:21:20","modified_gmt":"2026-04-12T00:21:20","slug":"vera-trenc-elbise-kahverengi","status":"publish","type":"product","link":"https:\/\/mod.wisdar.net\/tr\/urun\/vera-trenc-elbise-kahverengi\/","title":{"rendered":"Vera Tren\u00e7 Elbise \u2013 Kahverengi"},"content":{"rendered":"<p>Bu zarif Vera tren\u00e7 elbise, klasik ve modern tarz\u0131 bir araya getiriyor. Kaliteli kuma\u015f\u0131 ve \u00f6zenli dikimiyle hem g\u00fcnl\u00fck hem de \u00f6zel g\u00fcnler i\u00e7in m\u00fckemmel bir se\u00e7im. Kahverengi rengiyle her mevsim \u015f\u0131kl\u0131\u011f\u0131n\u0131z\u0131 tamamlayacak.<\/p>\n","protected":false},"excerpt":{"rendered":"<p>Bu zarif Vera tren\u00e7 elbise, klasik ve modern tarz\u0131 bir araya getiriyor. Kaliteli kuma\u015f\u0131 ve \u00f6zenli dikimiyle hem g\u00fcnl\u00fck hem de \u00f6zel g\u00fcnler i\u00e7in m\u00fckemmel bir se\u00e7im. Kahverengi rengiyle her mevsim \u015f\u0131kl\u0131\u011f\u0131n\u0131z\u0131 tamamlayacak.<\/p>\n","protected":false},"featured_media":163415,"comment_status":"open","ping_status":"closed","template":"","meta":[],"product_brand":[],"product_cat":[6249,1933],"product_tag":[],"class_list":{"0":"post-163420","1":"product","2":"type-product","3":"status-publish","4":"has-post-thumbnail","6":"product_cat-elbiseler","7":"product_cat-gunluk-ve-gunduz-elbiseleri","8":"pa_brand-ahel","9":"pa_color-kahverengi","10":"pa_size-4446","11":"pa_size-4463","13":"first","14":"outofstock","15":"shipping-taxable","16":"product-type-variable"},"_links":{"self":[{"href":"https:\/\/mod.wisdar.net\/tr\/wp-json\/wp\/v2\/product\/163420","targetHints":{"allow":["GET"]}}],"collection":[{"href":"https:\/\/mod.wisdar.net\/tr\/wp-json\/wp\/v2\/product"}],"about":[{"href":"https:\/\/mod.wisdar.net\/tr\/wp-json\/wp\/v2\/types\/product"}],"replies":[{"embeddable":true,"href":"https:\/\/mod.wisdar.net\/tr\/wp-json\/wp\/v2\/comments?post=163420"}],"wp:featuredmedia":[{"embeddable":true,"href":"https:\/\/mod.wisdar.net\/tr\/wp-json\/wp\/v2\/media\/163415"}],"wp:attachment":[{"href":"https:\/\/mod.wisdar.net\/tr\/wp-json\/wp\/v2\/media?parent=163420"}],"wp:term":[{"taxonomy":"product_brand","embeddable":true,"href":"https:\/\/mod.wisdar.net\/tr\/wp-json\/wp\/v2\/product_brand?post=163420"},{"taxonomy":"product_cat","embeddable":true,"href":"https:\/\/mod.wisdar.net\/tr\/wp-json\/wp\/v2\/product_cat?post=163420"},{"taxonomy":"product_tag","embeddable":true,"href":"https:\/\/mod.wisdar.net\/tr\/wp-json\/wp\/v2\/product_tag?post=163420"}],"curies":[{"name":"wp","href":"https:\/\/api.w.org\/{rel}","templated":true}]}}