{"id":163546,"date":"2026-03-02T19:30:45","date_gmt":"2026-03-02T19:30:45","guid":{"rendered":"https:\/\/modesthanim.com\/product\/dary-onu-pileli-double-takim-siyah\/"},"modified":"2026-03-28T03:33:06","modified_gmt":"2026-03-28T03:33:06","slug":"dary-onu-pileli-double-takim-siyah","status":"publish","type":"product","link":"https:\/\/mod.wisdar.net\/tr\/urun\/dary-onu-pileli-double-takim-siyah\/","title":{"rendered":"Dary \u00d6n\u00fc Pileli Double Tak\u0131m \u2013 Siyah"},"content":{"rendered":"<p>\u00dcr\u00fcn Tan\u0131m\u0131:<\/p>\n<p>Do\u011fal zarafet ve sade \u015f\u0131kl\u0131\u011f\u0131n bulu\u015ftu\u011fu bu tak\u0131m, \u015fehirli kad\u0131n\u0131n modern stil anlay\u0131\u015f\u0131n\u0131 yans\u0131t\u0131r. G\u00fcn boyu konfor sunarken, zamans\u0131z \u00e7izgileriyle her d\u00f6nemde gard\u0131robun vazge\u00e7ilmezi olur. Ceket formundaki \u00fcst par\u00e7a, bel k\u0131sm\u0131ndaki zarif kemer detay\u0131yla v\u00fccut hatlar\u0131n\u0131 nazik\u00e7e vurgular. Uzun etek tasar\u0131m\u0131 ise ak\u0131c\u0131 duru\u015fuyla sofistike bir siluet olu\u015fturur.<\/p>\n<p>\u00dcr\u00fcn \u00d6zellikleri:<\/p>\n<p>    \u2022    Ceket boy  56 cm, etek boy 96 cm   (El ile \u00f6l\u00e7\u00fcmlerde farkl\u0131l\u0131k g\u00f6sterebilir)<br \/>\n    \u2022    Double kuma\u015ft\u0131r.<br \/>\n    \u2022    Ceket ve etek astarl\u0131d\u0131r<br \/>\n    \u2022    G\u00fcnl\u00fck ve \u015f\u0131k kombinlere uyumlu<br \/>\n    \u2022    \u0130nce biye ku\u015fak mevcut<\/p>\n<p>Kullan\u0131m Alan\u0131:<\/p>\n<p>G\u00fcnl\u00fck \u015f\u0131kl\u0131k, ofis kombinleri ve \u00f6zel davetler i\u00e7in ideal.<\/p>\n<p>\u0130\u00c7ER\u0130K BAKIM<\/p>\n<p>%100 Pes<\/p>\n<p>Y\u0131kama ve Kullan\u0131m Talimat\u0131:<br \/>\n    \u2022    K\u0131sa programda tersten 30 derecede y\u0131kay\u0131n\u0131z.<br \/>\n                Sererek kurutunuz. Kurutma makinas\u0131 kullanmay\u0131n\u0131z.<br \/>\n    \u2022        \u00dct\u00fc gerekiyorsa d\u00fc\u015f\u00fck \u0131s\u0131da, tersten \u00fct\u00fcleyiniz<\/p>\n<p>Manken \u00d6l\u00e7\u00fcleri:<br \/>\n176 cm 53 kilo \u2013 36 beden kullan\u0131lm\u0131\u015ft\u0131r<\/p>\n","protected":false},"excerpt":{"rendered":"<p>\u00dcr\u00fcn Tan\u0131m\u0131: Do\u011fal zarafet ve sade \u015f\u0131kl\u0131\u011f\u0131n bulu\u015ftu\u011fu bu tak\u0131m, \u015fehirli kad\u0131n\u0131n modern stil anlay\u0131\u015f\u0131n\u0131 yans\u0131t\u0131r. G\u00fcn boyu konfor sunarken, zamans\u0131z \u00e7izgileriyle her d\u00f6nemde gard\u0131robun vazge\u00e7ilmezi olur. Ceket formundaki \u00fcst par\u00e7a, bel k\u0131sm\u0131ndaki zarif kemer detay\u0131yla v\u00fccut hatlar\u0131n\u0131 nazik\u00e7e vurgular. Uzun etek tasar\u0131m\u0131 ise ak\u0131c\u0131 duru\u015fuyla sofistike bir siluet olu\u015fturur. \u00dcr\u00fcn \u00d6zellikleri: \u2022 Ceket boy [&hellip;]<\/p>\n","protected":false},"featured_media":163534,"comment_status":"open","ping_status":"closed","template":"","meta":[],"product_brand":[],"product_cat":[1900],"product_tag":[6744,6754,6772],"class_list":{"0":"post-163546","1":"product","2":"type-product","3":"status-publish","4":"has-post-thumbnail","6":"product_cat-koordinatlar-setler","7":"product_tag-kadin-modasi","8":"product_tag-ofis-kiyafeti","9":"product_tag-ozel-gun","10":"pa_brand-ahel","11":"pa_color-siyah","12":"pa_size-4701","13":"pa_size-4706","14":"pa_size-4711","15":"pa_size-4713","17":"first","18":"instock","19":"sale","20":"shipping-taxable","21":"purchasable","22":"product-type-variable"},"_links":{"self":[{"href":"https:\/\/mod.wisdar.net\/tr\/wp-json\/wp\/v2\/product\/163546","targetHints":{"allow":["GET"]}}],"collection":[{"href":"https:\/\/mod.wisdar.net\/tr\/wp-json\/wp\/v2\/product"}],"about":[{"href":"https:\/\/mod.wisdar.net\/tr\/wp-json\/wp\/v2\/types\/product"}],"replies":[{"embeddable":true,"href":"https:\/\/mod.wisdar.net\/tr\/wp-json\/wp\/v2\/comments?post=163546"}],"wp:featuredmedia":[{"embeddable":true,"href":"https:\/\/mod.wisdar.net\/tr\/wp-json\/wp\/v2\/media\/163534"}],"wp:attachment":[{"href":"https:\/\/mod.wisdar.net\/tr\/wp-json\/wp\/v2\/media?parent=163546"}],"wp:term":[{"taxonomy":"product_brand","embeddable":true,"href":"https:\/\/mod.wisdar.net\/tr\/wp-json\/wp\/v2\/product_brand?post=163546"},{"taxonomy":"product_cat","embeddable":true,"href":"https:\/\/mod.wisdar.net\/tr\/wp-json\/wp\/v2\/product_cat?post=163546"},{"taxonomy":"product_tag","embeddable":true,"href":"https:\/\/mod.wisdar.net\/tr\/wp-json\/wp\/v2\/product_tag?post=163546"}],"curies":[{"name":"wp","href":"https:\/\/api.w.org\/{rel}","templated":true}]}}