{"id":164000,"date":"2026-03-03T20:14:05","date_gmt":"2026-03-03T20:14:05","guid":{"rendered":"https:\/\/modesthanim.com\/product\/auren-salli-takim-krem\/"},"modified":"2026-03-03T20:14:31","modified_gmt":"2026-03-03T20:14:31","slug":"auren-salli-takim-krem","status":"publish","type":"product","link":"https:\/\/mod.wisdar.net\/tr\/urun\/auren-salli-takim-krem\/","title":{"rendered":"Auren \u015eall\u0131 Tak\u0131m \u2013 Krem"},"content":{"rendered":"","protected":false},"excerpt":{"rendered":"","protected":false},"featured_media":163990,"comment_status":"open","ping_status":"closed","template":"","meta":[],"product_brand":[],"product_cat":[1900],"product_tag":[6744],"class_list":{"0":"post-164000","1":"product","2":"type-product","3":"status-publish","4":"has-post-thumbnail","6":"product_cat-koordinatlar-setler","7":"product_tag-kadin-modasi","8":"pa_brand-ahel","9":"pa_color-krem","10":"pa_size-4446","11":"pa_size-4463","13":"first","14":"instock","15":"sale","16":"shipping-taxable","17":"purchasable","18":"product-type-variable"},"_links":{"self":[{"href":"https:\/\/mod.wisdar.net\/tr\/wp-json\/wp\/v2\/product\/164000","targetHints":{"allow":["GET"]}}],"collection":[{"href":"https:\/\/mod.wisdar.net\/tr\/wp-json\/wp\/v2\/product"}],"about":[{"href":"https:\/\/mod.wisdar.net\/tr\/wp-json\/wp\/v2\/types\/product"}],"replies":[{"embeddable":true,"href":"https:\/\/mod.wisdar.net\/tr\/wp-json\/wp\/v2\/comments?post=164000"}],"wp:featuredmedia":[{"embeddable":true,"href":"https:\/\/mod.wisdar.net\/tr\/wp-json\/wp\/v2\/media\/163990"}],"wp:attachment":[{"href":"https:\/\/mod.wisdar.net\/tr\/wp-json\/wp\/v2\/media?parent=164000"}],"wp:term":[{"taxonomy":"product_brand","embeddable":true,"href":"https:\/\/mod.wisdar.net\/tr\/wp-json\/wp\/v2\/product_brand?post=164000"},{"taxonomy":"product_cat","embeddable":true,"href":"https:\/\/mod.wisdar.net\/tr\/wp-json\/wp\/v2\/product_cat?post=164000"},{"taxonomy":"product_tag","embeddable":true,"href":"https:\/\/mod.wisdar.net\/tr\/wp-json\/wp\/v2\/product_tag?post=164000"}],"curies":[{"name":"wp","href":"https:\/\/api.w.org\/{rel}","templated":true}]}}