{"id":164054,"date":"2026-03-03T20:15:49","date_gmt":"2026-03-03T20:15:49","guid":{"rendered":"https:\/\/modesthanim.com\/product\/auren-salli-takim-yag-yesili\/"},"modified":"2026-03-16T20:46:44","modified_gmt":"2026-03-16T20:46:44","slug":"auren-salli-takim-yag-yesili","status":"publish","type":"product","link":"https:\/\/mod.wisdar.net\/tr\/urun\/auren-salli-takim-yag-yesili\/","title":{"rendered":"Auren \u015eall\u0131 Tak\u0131m \u2013 Ya\u011f Ye\u015fili"},"content":{"rendered":"","protected":false},"excerpt":{"rendered":"","protected":false},"featured_media":164046,"comment_status":"open","ping_status":"closed","template":"","meta":[],"product_brand":[],"product_cat":[1900],"product_tag":[6936,5012],"class_list":{"0":"post-164054","1":"product","2":"type-product","3":"status-publish","4":"has-post-thumbnail","6":"product_cat-koordinatlar-setler","7":"product_tag-cok-yonlu","8":"product_tag-elegant","9":"pa_brand-ahel","10":"pa_color-yag-yesili","11":"pa_size-4446","12":"pa_size-4463","14":"first","15":"outofstock","16":"shipping-taxable","17":"product-type-variable"},"_links":{"self":[{"href":"https:\/\/mod.wisdar.net\/tr\/wp-json\/wp\/v2\/product\/164054","targetHints":{"allow":["GET"]}}],"collection":[{"href":"https:\/\/mod.wisdar.net\/tr\/wp-json\/wp\/v2\/product"}],"about":[{"href":"https:\/\/mod.wisdar.net\/tr\/wp-json\/wp\/v2\/types\/product"}],"replies":[{"embeddable":true,"href":"https:\/\/mod.wisdar.net\/tr\/wp-json\/wp\/v2\/comments?post=164054"}],"wp:featuredmedia":[{"embeddable":true,"href":"https:\/\/mod.wisdar.net\/tr\/wp-json\/wp\/v2\/media\/164046"}],"wp:attachment":[{"href":"https:\/\/mod.wisdar.net\/tr\/wp-json\/wp\/v2\/media?parent=164054"}],"wp:term":[{"taxonomy":"product_brand","embeddable":true,"href":"https:\/\/mod.wisdar.net\/tr\/wp-json\/wp\/v2\/product_brand?post=164054"},{"taxonomy":"product_cat","embeddable":true,"href":"https:\/\/mod.wisdar.net\/tr\/wp-json\/wp\/v2\/product_cat?post=164054"},{"taxonomy":"product_tag","embeddable":true,"href":"https:\/\/mod.wisdar.net\/tr\/wp-json\/wp\/v2\/product_tag?post=164054"}],"curies":[{"name":"wp","href":"https:\/\/api.w.org\/{rel}","templated":true}]}}