{"id":164061,"date":"2026-03-03T20:15:56","date_gmt":"2026-03-03T20:15:56","guid":{"rendered":"https:\/\/modesthanim.com\/product\/auren-salli-takim-siyah\/"},"modified":"2026-03-16T20:46:52","modified_gmt":"2026-03-16T20:46:52","slug":"auren-salli-takim-siyah","status":"publish","type":"product","link":"https:\/\/mod.wisdar.net\/tr\/urun\/auren-salli-takim-siyah\/","title":{"rendered":"Auren \u015eall\u0131 Tak\u0131m \u2013 Siyah"},"content":{"rendered":"","protected":false},"excerpt":{"rendered":"","protected":false},"featured_media":164050,"comment_status":"open","ping_status":"closed","template":"","meta":[],"product_brand":[],"product_cat":[1900],"product_tag":[7547,6844],"class_list":{"0":"post-164061","1":"product","2":"type-product","3":"status-publish","4":"has-post-thumbnail","6":"product_cat-koordinatlar-setler","7":"product_tag-kadin-giyim","8":"product_tag-modern-siklik","9":"pa_brand-ahel","10":"pa_color-siyah","11":"pa_size-4446","12":"pa_size-4463","14":"first","15":"outofstock","16":"shipping-taxable","17":"product-type-variable"},"_links":{"self":[{"href":"https:\/\/mod.wisdar.net\/tr\/wp-json\/wp\/v2\/product\/164061","targetHints":{"allow":["GET"]}}],"collection":[{"href":"https:\/\/mod.wisdar.net\/tr\/wp-json\/wp\/v2\/product"}],"about":[{"href":"https:\/\/mod.wisdar.net\/tr\/wp-json\/wp\/v2\/types\/product"}],"replies":[{"embeddable":true,"href":"https:\/\/mod.wisdar.net\/tr\/wp-json\/wp\/v2\/comments?post=164061"}],"wp:featuredmedia":[{"embeddable":true,"href":"https:\/\/mod.wisdar.net\/tr\/wp-json\/wp\/v2\/media\/164050"}],"wp:attachment":[{"href":"https:\/\/mod.wisdar.net\/tr\/wp-json\/wp\/v2\/media?parent=164061"}],"wp:term":[{"taxonomy":"product_brand","embeddable":true,"href":"https:\/\/mod.wisdar.net\/tr\/wp-json\/wp\/v2\/product_brand?post=164061"},{"taxonomy":"product_cat","embeddable":true,"href":"https:\/\/mod.wisdar.net\/tr\/wp-json\/wp\/v2\/product_cat?post=164061"},{"taxonomy":"product_tag","embeddable":true,"href":"https:\/\/mod.wisdar.net\/tr\/wp-json\/wp\/v2\/product_tag?post=164061"}],"curies":[{"name":"wp","href":"https:\/\/api.w.org\/{rel}","templated":true}]}}