{"id":164371,"date":"2026-03-03T20:27:27","date_gmt":"2026-03-03T20:27:27","guid":{"rendered":"https:\/\/modesthanim.com\/product\/genis-yaka-gupurlu-dacron-gomlek-lacivert\/"},"modified":"2026-03-16T20:30:37","modified_gmt":"2026-03-16T20:30:37","slug":"genis-yaka-gupurlu-dacron-gomlek-lacivert","status":"publish","type":"product","link":"https:\/\/mod.wisdar.net\/tr\/urun\/genis-yaka-gupurlu-dacron-gomlek-lacivert\/","title":{"rendered":"Geni\u015f Yaka G\u00fcp\u00fcrl\u00fc Dacron G\u00f6mlek \u2013 Lacivert"},"content":{"rendered":"","protected":false},"excerpt":{"rendered":"","protected":false},"featured_media":164363,"comment_status":"open","ping_status":"closed","template":"","meta":[],"product_brand":[],"product_cat":[1909],"product_tag":[6823,7238,7959,6906],"class_list":{"0":"post-164371","1":"product","2":"type-product","3":"status-publish","4":"has-post-thumbnail","6":"product_cat-bluzlar-ve-gomlekler","7":"product_tag-genis-yaka","8":"product_tag-lacivert","9":"product_tag-resmi-giyim","10":"product_tag-zarif-moda","11":"pa_brand-ahel","12":"pa_color-lacivert","13":"pa_size-4446","14":"pa_size-4463","16":"first","17":"outofstock","18":"shipping-taxable","19":"product-type-variable"},"_links":{"self":[{"href":"https:\/\/mod.wisdar.net\/tr\/wp-json\/wp\/v2\/product\/164371","targetHints":{"allow":["GET"]}}],"collection":[{"href":"https:\/\/mod.wisdar.net\/tr\/wp-json\/wp\/v2\/product"}],"about":[{"href":"https:\/\/mod.wisdar.net\/tr\/wp-json\/wp\/v2\/types\/product"}],"replies":[{"embeddable":true,"href":"https:\/\/mod.wisdar.net\/tr\/wp-json\/wp\/v2\/comments?post=164371"}],"wp:featuredmedia":[{"embeddable":true,"href":"https:\/\/mod.wisdar.net\/tr\/wp-json\/wp\/v2\/media\/164363"}],"wp:attachment":[{"href":"https:\/\/mod.wisdar.net\/tr\/wp-json\/wp\/v2\/media?parent=164371"}],"wp:term":[{"taxonomy":"product_brand","embeddable":true,"href":"https:\/\/mod.wisdar.net\/tr\/wp-json\/wp\/v2\/product_brand?post=164371"},{"taxonomy":"product_cat","embeddable":true,"href":"https:\/\/mod.wisdar.net\/tr\/wp-json\/wp\/v2\/product_cat?post=164371"},{"taxonomy":"product_tag","embeddable":true,"href":"https:\/\/mod.wisdar.net\/tr\/wp-json\/wp\/v2\/product_tag?post=164371"}],"curies":[{"name":"wp","href":"https:\/\/api.w.org\/{rel}","templated":true}]}}