{"id":164378,"date":"2026-03-03T20:27:30","date_gmt":"2026-03-03T20:27:30","guid":{"rendered":"https:\/\/modesthanim.com\/product\/genis-yaka-gupurlu-dacron-gomlek-bebe-mavisi\/"},"modified":"2026-04-04T07:02:27","modified_gmt":"2026-04-04T07:02:27","slug":"genis-yaka-gupurlu-dacron-gomlek-bebe-mavisi","status":"publish","type":"product","link":"https:\/\/mod.wisdar.net\/tr\/urun\/genis-yaka-gupurlu-dacron-gomlek-bebe-mavisi\/","title":{"rendered":"Geni\u015f Yaka G\u00fcp\u00fcrl\u00fc Dacron G\u00f6mlek \u2013 bebe mavisi"},"content":{"rendered":"","protected":false},"excerpt":{"rendered":"","protected":false},"featured_media":164367,"comment_status":"open","ping_status":"closed","template":"","meta":[],"product_brand":[],"product_cat":[1909],"product_tag":[6823,7547],"class_list":{"0":"post-164378","1":"product","2":"type-product","3":"status-publish","4":"has-post-thumbnail","6":"product_cat-bluzlar-ve-gomlekler","7":"product_tag-genis-yaka","8":"product_tag-kadin-giyim","9":"pa_brand-ahel","10":"pa_color-bebe-mavisi","11":"pa_size-4446","12":"pa_size-4463","14":"first","15":"instock","16":"sale","17":"shipping-taxable","18":"purchasable","19":"product-type-variable"},"_links":{"self":[{"href":"https:\/\/mod.wisdar.net\/tr\/wp-json\/wp\/v2\/product\/164378","targetHints":{"allow":["GET"]}}],"collection":[{"href":"https:\/\/mod.wisdar.net\/tr\/wp-json\/wp\/v2\/product"}],"about":[{"href":"https:\/\/mod.wisdar.net\/tr\/wp-json\/wp\/v2\/types\/product"}],"replies":[{"embeddable":true,"href":"https:\/\/mod.wisdar.net\/tr\/wp-json\/wp\/v2\/comments?post=164378"}],"wp:featuredmedia":[{"embeddable":true,"href":"https:\/\/mod.wisdar.net\/tr\/wp-json\/wp\/v2\/media\/164367"}],"wp:attachment":[{"href":"https:\/\/mod.wisdar.net\/tr\/wp-json\/wp\/v2\/media?parent=164378"}],"wp:term":[{"taxonomy":"product_brand","embeddable":true,"href":"https:\/\/mod.wisdar.net\/tr\/wp-json\/wp\/v2\/product_brand?post=164378"},{"taxonomy":"product_cat","embeddable":true,"href":"https:\/\/mod.wisdar.net\/tr\/wp-json\/wp\/v2\/product_cat?post=164378"},{"taxonomy":"product_tag","embeddable":true,"href":"https:\/\/mod.wisdar.net\/tr\/wp-json\/wp\/v2\/product_tag?post=164378"}],"curies":[{"name":"wp","href":"https:\/\/api.w.org\/{rel}","templated":true}]}}