{"id":164438,"date":"2026-03-03T20:29:05","date_gmt":"2026-03-03T20:29:05","guid":{"rendered":"https:\/\/modesthanim.com\/product\/yaka-nakisli-dacron-gomlek-bordo\/"},"modified":"2026-03-16T20:28:30","modified_gmt":"2026-03-16T20:28:30","slug":"yaka-nakisli-dacron-gomlek-bordo","status":"publish","type":"product","link":"https:\/\/mod.wisdar.net\/tr\/urun\/yaka-nakisli-dacron-gomlek-bordo\/","title":{"rendered":"Yaka Nak\u0131\u015fl\u0131 Dacron G\u00f6mlek \u2013 Bordo"},"content":{"rendered":"","protected":false},"excerpt":{"rendered":"","protected":false},"featured_media":164423,"comment_status":"open","ping_status":"closed","template":"","meta":[],"product_brand":[],"product_cat":[1909],"product_tag":[7150,7426],"class_list":{"0":"post-164438","1":"product","2":"type-product","3":"status-publish","4":"has-post-thumbnail","6":"product_cat-bluzlar-ve-gomlekler","7":"product_tag-bordo","8":"product_tag-gunluk-giyim-3","9":"pa_brand-ahel","10":"pa_color-bordo","11":"pa_size-4446","12":"pa_size-4463","14":"first","15":"outofstock","16":"shipping-taxable","17":"product-type-variable"},"_links":{"self":[{"href":"https:\/\/mod.wisdar.net\/tr\/wp-json\/wp\/v2\/product\/164438","targetHints":{"allow":["GET"]}}],"collection":[{"href":"https:\/\/mod.wisdar.net\/tr\/wp-json\/wp\/v2\/product"}],"about":[{"href":"https:\/\/mod.wisdar.net\/tr\/wp-json\/wp\/v2\/types\/product"}],"replies":[{"embeddable":true,"href":"https:\/\/mod.wisdar.net\/tr\/wp-json\/wp\/v2\/comments?post=164438"}],"wp:featuredmedia":[{"embeddable":true,"href":"https:\/\/mod.wisdar.net\/tr\/wp-json\/wp\/v2\/media\/164423"}],"wp:attachment":[{"href":"https:\/\/mod.wisdar.net\/tr\/wp-json\/wp\/v2\/media?parent=164438"}],"wp:term":[{"taxonomy":"product_brand","embeddable":true,"href":"https:\/\/mod.wisdar.net\/tr\/wp-json\/wp\/v2\/product_brand?post=164438"},{"taxonomy":"product_cat","embeddable":true,"href":"https:\/\/mod.wisdar.net\/tr\/wp-json\/wp\/v2\/product_cat?post=164438"},{"taxonomy":"product_tag","embeddable":true,"href":"https:\/\/mod.wisdar.net\/tr\/wp-json\/wp\/v2\/product_tag?post=164438"}],"curies":[{"name":"wp","href":"https:\/\/api.w.org\/{rel}","templated":true}]}}