{"id":164661,"date":"2026-03-04T08:23:20","date_gmt":"2026-03-04T08:23:20","guid":{"rendered":"https:\/\/modesthanim.com\/product\/%100-pamuklu-kahverengi-etek\/"},"modified":"2026-03-06T22:47:05","modified_gmt":"2026-03-06T22:47:05","slug":"%100-pamuklu-kahverengi-etek","status":"publish","type":"product","link":"https:\/\/mod.wisdar.net\/tr\/urun\/%100-pamuklu-kahverengi-etek\/","title":{"rendered":"%100 Pamuklu Kahverengi Etek"},"content":{"rendered":"<p>%100 pamuk kuma\u015ftan \u00fcretilen bu etek, tamamen do\u011fal lifleri sayesinde nefes alabilen ve cilt dostu bir konfor sunar. Ka\u011f\u0131t efekti dokusu, hafif kal\u0131n yap\u0131s\u0131 ve do\u011fal k\u0131r\u0131\u015f\u0131kl\u0131klar\u0131yla tasar\u0131ma \u00f6zg\u00fcn bir karakter ve \u015f\u0131kl\u0131k katar; bu k\u0131r\u0131\u015f\u0131kl\u0131klar rahats\u0131z edici de\u011fildir. Kabartma detaylar ete\u011fe hareket ve zarif bir yap\u0131 kazand\u0131rarak g\u00fcnl\u00fck \u015f\u0131k kombinasyonlar\u0131n\u0131z\u0131 tamamlamay\u0131 kolayla\u015ft\u0131r\u0131r.<br \/>\nUyum bilgisi: Her zamanki bedeninizi se\u00e7in.<br \/>\nBak\u0131m talimatlar\u0131: Benzer renklerle 30\u00b0C&#8217;de y\u0131kay\u0131n. \u00c7ama\u015f\u0131r suyu kullanmay\u0131n. D\u00fc\u015f\u00fck s\u0131cakl\u0131kta \u00fct\u00fcleyin.<br \/>\n\u0130sterseniz bu \u00fcr\u00fcn\u00fc %100 pamuklu g\u00f6mleklerimizle e\u015fle\u015ftirebilirsiniz. \u0130lgili \u00fcr\u00fcnleri ke\u015ffetmek i\u00e7in l\u00fctfen a\u015fa\u011f\u0131daki \u201cTamamlay\u0131c\u0131 \u00dcr\u00fcnler\u201d b\u00f6l\u00fcm\u00fcn\u00fc kontrol edin.<br \/>\nUzunluk: 92 cm (\u00dcr\u00fcn uzunlu\u011fu \u00fcretim partileri aras\u0131nda 1-3 cm de\u011fi\u015fiklik g\u00f6sterebilir.)<\/p>\n<p>Beden Tablosu:<br \/>\nBel \u00d6l\u00e7\u00fcs\u00fc<br \/>\nBeden 36: 66 cm<br \/>\nBeden 38: 70 cm<br \/>\nBeden 40: 74 cm<br \/>\nBeden 42: 78 cm<\/p>\n<p>Modelin \u00d6l\u00e7\u00fcleri:<br \/>\nBoy: 176 cm<br \/>\nG\u00f6\u011f\u00fcs: 80 cm<br \/>\nBel: 60 cm<br \/>\nKal\u00e7a: 90 cm<br \/>\nModelin Giydi\u011fi Beden: 36<\/p>\n","protected":false},"excerpt":{"rendered":"<p>%100 pamuk kuma\u015ftan \u00fcretilen bu etek, tamamen do\u011fal lifleri sayesinde nefes alabilen ve cilt dostu bir konfor sunar. Ka\u011f\u0131t efekti dokusu, hafif kal\u0131n yap\u0131s\u0131 ve do\u011fal k\u0131r\u0131\u015f\u0131kl\u0131klar\u0131yla tasar\u0131ma \u00f6zg\u00fcn bir karakter ve \u015f\u0131kl\u0131k katar; bu k\u0131r\u0131\u015f\u0131kl\u0131klar rahats\u0131z edici de\u011fildir. Kabartma detaylar ete\u011fe hareket ve zarif bir yap\u0131 kazand\u0131rarak g\u00fcnl\u00fck \u015f\u0131k kombinasyonlar\u0131n\u0131z\u0131 tamamlamay\u0131 kolayla\u015ft\u0131r\u0131r. Uyum bilgisi: [&hellip;]<\/p>\n","protected":false},"featured_media":164648,"comment_status":"open","ping_status":"closed","template":"","meta":[],"product_brand":[],"product_cat":[1969],"product_tag":[],"class_list":{"0":"post-164661","1":"product","2":"type-product","3":"status-publish","4":"has-post-thumbnail","6":"product_cat-etekler","7":"pa_brand-he-qa","8":"pa_color-kahve","9":"pa_size-4701","10":"pa_size-4706","11":"pa_size-4711","12":"pa_size-4713","14":"first","15":"outofstock","16":"shipping-taxable","17":"product-type-variable"},"_links":{"self":[{"href":"https:\/\/mod.wisdar.net\/tr\/wp-json\/wp\/v2\/product\/164661","targetHints":{"allow":["GET"]}}],"collection":[{"href":"https:\/\/mod.wisdar.net\/tr\/wp-json\/wp\/v2\/product"}],"about":[{"href":"https:\/\/mod.wisdar.net\/tr\/wp-json\/wp\/v2\/types\/product"}],"replies":[{"embeddable":true,"href":"https:\/\/mod.wisdar.net\/tr\/wp-json\/wp\/v2\/comments?post=164661"}],"wp:featuredmedia":[{"embeddable":true,"href":"https:\/\/mod.wisdar.net\/tr\/wp-json\/wp\/v2\/media\/164648"}],"wp:attachment":[{"href":"https:\/\/mod.wisdar.net\/tr\/wp-json\/wp\/v2\/media?parent=164661"}],"wp:term":[{"taxonomy":"product_brand","embeddable":true,"href":"https:\/\/mod.wisdar.net\/tr\/wp-json\/wp\/v2\/product_brand?post=164661"},{"taxonomy":"product_cat","embeddable":true,"href":"https:\/\/mod.wisdar.net\/tr\/wp-json\/wp\/v2\/product_cat?post=164661"},{"taxonomy":"product_tag","embeddable":true,"href":"https:\/\/mod.wisdar.net\/tr\/wp-json\/wp\/v2\/product_tag?post=164661"}],"curies":[{"name":"wp","href":"https:\/\/api.w.org\/{rel}","templated":true}]}}