{"id":164719,"date":"2026-03-04T17:50:56","date_gmt":"2026-03-04T17:50:56","guid":{"rendered":"https:\/\/modesthanim.com\/product\/monogram-desenli-seher-hardal-sal-0106\/"},"modified":"2026-03-04T17:51:07","modified_gmt":"2026-03-04T17:51:07","slug":"monogram-desenli-seher-hardal-sal-0106","status":"publish","type":"product","link":"https:\/\/mod.wisdar.net\/tr\/urun\/monogram-desenli-seher-hardal-sal-0106\/","title":{"rendered":"Monogram Desenli Seher Hardal \u015eal 0106"},"content":{"rendered":"<p>Klasik ve modern \u00e7izgilerin bulu\u015ftu\u011fu monogram desenli Seher \u015fal modeli, yumu\u015fak dokusu ve zarif duru\u015fuyla stilinize zarafet katar. G\u00fcnl\u00fck kullan\u0131mdan \u00f6zel g\u00fcn kombinlerine kadar geni\u015f bir kullan\u0131m alan\u0131 sunar.<\/p>\n<p>\u00dcr\u00fcn Detaylar\u0131:<br \/>\nMonogram desenli, Yumu\u015fak dokulu, Dikd\u00f6rtgen form<\/p>\n<p>\u00dcr\u00fcn \u00d6l\u00e7\u00fcleri:<br \/>\n70 x 180 cm<\/p>\n<p>Kuma\u015f Bilgisi:<br \/>\n%70 Pamuk \u2013 %30 Polyester<\/p>\n<p>\u2014 Teknik Detaylar \u2014<br \/>\nBoyutlar: 70 x 180 cm<\/p>\n","protected":false},"excerpt":{"rendered":"<p>Klasik ve modern \u00e7izgilerin bulu\u015ftu\u011fu monogram desenli Seher \u015fal modeli, yumu\u015fak dokusu ve zarif duru\u015fuyla stilinize zarafet katar. G\u00fcnl\u00fck kullan\u0131mdan \u00f6zel g\u00fcn kombinlerine kadar geni\u015f bir kullan\u0131m alan\u0131 sunar. \u00dcr\u00fcn Detaylar\u0131: Monogram desenli, Yumu\u015fak dokulu, Dikd\u00f6rtgen form \u00dcr\u00fcn \u00d6l\u00e7\u00fcleri: 70 x 180 cm Kuma\u015f Bilgisi: %70 Pamuk \u2013 %30 Polyester \u2014 Teknik Detaylar \u2014 Boyutlar: [&hellip;]<\/p>\n","protected":false},"featured_media":164717,"comment_status":"open","ping_status":"closed","template":"","meta":[],"product_brand":[],"product_cat":[11122],"product_tag":[],"class_list":{"0":"post-164719","1":"product","2":"type-product","3":"status-publish","4":"has-post-thumbnail","6":"product_cat-esarp-sal","7":"pa_color-hardal","8":"pa_size-std","10":"first","11":"instock","12":"shipping-taxable","13":"purchasable","14":"product-type-variable"},"_links":{"self":[{"href":"https:\/\/mod.wisdar.net\/tr\/wp-json\/wp\/v2\/product\/164719","targetHints":{"allow":["GET"]}}],"collection":[{"href":"https:\/\/mod.wisdar.net\/tr\/wp-json\/wp\/v2\/product"}],"about":[{"href":"https:\/\/mod.wisdar.net\/tr\/wp-json\/wp\/v2\/types\/product"}],"replies":[{"embeddable":true,"href":"https:\/\/mod.wisdar.net\/tr\/wp-json\/wp\/v2\/comments?post=164719"}],"wp:featuredmedia":[{"embeddable":true,"href":"https:\/\/mod.wisdar.net\/tr\/wp-json\/wp\/v2\/media\/164717"}],"wp:attachment":[{"href":"https:\/\/mod.wisdar.net\/tr\/wp-json\/wp\/v2\/media?parent=164719"}],"wp:term":[{"taxonomy":"product_brand","embeddable":true,"href":"https:\/\/mod.wisdar.net\/tr\/wp-json\/wp\/v2\/product_brand?post=164719"},{"taxonomy":"product_cat","embeddable":true,"href":"https:\/\/mod.wisdar.net\/tr\/wp-json\/wp\/v2\/product_cat?post=164719"},{"taxonomy":"product_tag","embeddable":true,"href":"https:\/\/mod.wisdar.net\/tr\/wp-json\/wp\/v2\/product_tag?post=164719"}],"curies":[{"name":"wp","href":"https:\/\/api.w.org\/{rel}","templated":true}]}}