{"id":164770,"date":"2026-03-04T17:52:04","date_gmt":"2026-03-04T17:52:04","guid":{"rendered":"https:\/\/modesthanim.com\/product\/zuhre-koza-z-monogram-pudra-sal-0014\/"},"modified":"2026-04-15T22:14:44","modified_gmt":"2026-04-15T22:14:44","slug":"zuhre-koza-z-monogram-pudra-sal-0014","status":"publish","type":"product","link":"https:\/\/mod.wisdar.net\/tr\/urun\/zuhre-koza-z-monogram-pudra-sal-0014\/","title":{"rendered":"Z\u00fchre Koza Z Monogram Pudra \u015eal 0014"},"content":{"rendered":"<p>Zarif dokusu ve \u015f\u0131k deseniyle \u00f6ne \u00e7\u0131kan Koza \u015eal modelimiz, g\u00fcnl\u00fck kombinlerinize elegan bir hava katar. Hafif ve yumu\u015fak yap\u0131s\u0131 sayesinde konforlu bir kullan\u0131m sunar.<\/p>\n<p>\u00dcr\u00fcn Detaylar\u0131:<br \/>\nDokulu y\u00fczey, Monogram desenli, Hafif ve nefes alabilir yap\u0131<\/p>\n<p>\u00dcr\u00fcn \u00d6l\u00e7\u00fcleri:<br \/>\n200 x 74 cm<\/p>\n<p>Kuma\u015f Bilgisi:<br \/>\n%60 Flo\u015f \u2013 %40 Pamuk<\/p>\n<p>\u2014 Teknik Detaylar \u2014<br \/>\nBoyutlar: 200 x 74 cm<\/p>\n","protected":false},"excerpt":{"rendered":"<p>Zarif dokusu ve \u015f\u0131k deseniyle \u00f6ne \u00e7\u0131kan Koza \u015eal modelimiz, g\u00fcnl\u00fck kombinlerinize elegan bir hava katar. Hafif ve yumu\u015fak yap\u0131s\u0131 sayesinde konforlu bir kullan\u0131m sunar. \u00dcr\u00fcn Detaylar\u0131: Dokulu y\u00fczey, Monogram desenli, Hafif ve nefes alabilir yap\u0131 \u00dcr\u00fcn \u00d6l\u00e7\u00fcleri: 200 x 74 cm Kuma\u015f Bilgisi: %60 Flo\u015f \u2013 %40 Pamuk \u2014 Teknik Detaylar \u2014 Boyutlar: 200 [&hellip;]<\/p>\n","protected":false},"featured_media":164766,"comment_status":"open","ping_status":"closed","template":"","meta":[],"product_brand":[],"product_cat":[11122],"product_tag":[],"class_list":{"0":"post-164770","1":"product","2":"type-product","3":"status-publish","4":"has-post-thumbnail","6":"product_cat-esarp-sal","7":"pa_brand-zuhre-com-tr","8":"pa_color-pudra","9":"pa_size-std","11":"first","12":"outofstock","13":"shipping-taxable","14":"product-type-variable"},"_links":{"self":[{"href":"https:\/\/mod.wisdar.net\/tr\/wp-json\/wp\/v2\/product\/164770","targetHints":{"allow":["GET"]}}],"collection":[{"href":"https:\/\/mod.wisdar.net\/tr\/wp-json\/wp\/v2\/product"}],"about":[{"href":"https:\/\/mod.wisdar.net\/tr\/wp-json\/wp\/v2\/types\/product"}],"replies":[{"embeddable":true,"href":"https:\/\/mod.wisdar.net\/tr\/wp-json\/wp\/v2\/comments?post=164770"}],"wp:featuredmedia":[{"embeddable":true,"href":"https:\/\/mod.wisdar.net\/tr\/wp-json\/wp\/v2\/media\/164766"}],"wp:attachment":[{"href":"https:\/\/mod.wisdar.net\/tr\/wp-json\/wp\/v2\/media?parent=164770"}],"wp:term":[{"taxonomy":"product_brand","embeddable":true,"href":"https:\/\/mod.wisdar.net\/tr\/wp-json\/wp\/v2\/product_brand?post=164770"},{"taxonomy":"product_cat","embeddable":true,"href":"https:\/\/mod.wisdar.net\/tr\/wp-json\/wp\/v2\/product_cat?post=164770"},{"taxonomy":"product_tag","embeddable":true,"href":"https:\/\/mod.wisdar.net\/tr\/wp-json\/wp\/v2\/product_tag?post=164770"}],"curies":[{"name":"wp","href":"https:\/\/api.w.org\/{rel}","templated":true}]}}