{"id":164797,"date":"2026-03-04T17:53:00","date_gmt":"2026-03-04T17:53:00","guid":{"rendered":"https:\/\/modesthanim.com\/product\/zuhre-koza-z-monogram-gul-kurusu-sal-0014\/"},"modified":"2026-03-04T17:53:45","modified_gmt":"2026-03-04T17:53:45","slug":"zuhre-koza-z-monogram-gul-kurusu-sal-0014","status":"publish","type":"product","link":"https:\/\/mod.wisdar.net\/tr\/urun\/zuhre-koza-z-monogram-gul-kurusu-sal-0014\/","title":{"rendered":"Z\u00fchre Koza Z Monogram G\u00fcl Kurusu \u015eal 0014"},"content":{"rendered":"<p>Zarif dokusu ve \u015f\u0131k deseniyle \u00f6ne \u00e7\u0131kan Koza \u015eal modelimiz, g\u00fcnl\u00fck kombinlerinize elegan bir hava katar. Hafif ve yumu\u015fak yap\u0131s\u0131 sayesinde konforlu bir kullan\u0131m sunar.<br \/>\n\u00dcr\u00fcn Detaylar\u0131: Dokulu y\u00fczey, Monogram desenli, Hafif ve nefes alabilir yap\u0131<br \/>\n\u00dcr\u00fcn \u00d6l\u00e7\u00fcleri: 200 x 74 cm<br \/>\nKuma\u015f Bilgisi: %60 Flo\u015f \u2013 %40 Pamuk<\/p>\n","protected":false},"excerpt":{"rendered":"<p>Zarif dokusu ve \u015f\u0131k deseniyle \u00f6ne \u00e7\u0131kan Koza \u015eal modelimiz, g\u00fcnl\u00fck kombinlerinize elegan bir hava katar. Hafif ve yumu\u015fak yap\u0131s\u0131 sayesinde konforlu bir kullan\u0131m sunar. \u00dcr\u00fcn Detaylar\u0131: Dokulu y\u00fczey, Monogram desenli, Hafif ve nefes alabilir yap\u0131 \u00dcr\u00fcn \u00d6l\u00e7\u00fcleri: 200 x 74 cm Kuma\u015f Bilgisi: %60 Flo\u015f \u2013 %40 Pamuk<\/p>\n","protected":false},"featured_media":164795,"comment_status":"open","ping_status":"closed","template":"","meta":[],"product_brand":[],"product_cat":[11122],"product_tag":[8174,7145,6995],"class_list":{"0":"post-164797","1":"product","2":"type-product","3":"status-publish","4":"has-post-thumbnail","6":"product_cat-esarp-sal","7":"product_tag-atki","8":"product_tag-kadin-aksesuari","9":"product_tag-moda-aksesuari","10":"pa_color-gul-kurusu","11":"pa_size-std","13":"first","14":"instock","15":"shipping-taxable","16":"purchasable","17":"product-type-variable"},"_links":{"self":[{"href":"https:\/\/mod.wisdar.net\/tr\/wp-json\/wp\/v2\/product\/164797","targetHints":{"allow":["GET"]}}],"collection":[{"href":"https:\/\/mod.wisdar.net\/tr\/wp-json\/wp\/v2\/product"}],"about":[{"href":"https:\/\/mod.wisdar.net\/tr\/wp-json\/wp\/v2\/types\/product"}],"replies":[{"embeddable":true,"href":"https:\/\/mod.wisdar.net\/tr\/wp-json\/wp\/v2\/comments?post=164797"}],"wp:featuredmedia":[{"embeddable":true,"href":"https:\/\/mod.wisdar.net\/tr\/wp-json\/wp\/v2\/media\/164795"}],"wp:attachment":[{"href":"https:\/\/mod.wisdar.net\/tr\/wp-json\/wp\/v2\/media?parent=164797"}],"wp:term":[{"taxonomy":"product_brand","embeddable":true,"href":"https:\/\/mod.wisdar.net\/tr\/wp-json\/wp\/v2\/product_brand?post=164797"},{"taxonomy":"product_cat","embeddable":true,"href":"https:\/\/mod.wisdar.net\/tr\/wp-json\/wp\/v2\/product_cat?post=164797"},{"taxonomy":"product_tag","embeddable":true,"href":"https:\/\/mod.wisdar.net\/tr\/wp-json\/wp\/v2\/product_tag?post=164797"}],"curies":[{"name":"wp","href":"https:\/\/api.w.org\/{rel}","templated":true}]}}