{"id":164945,"date":"2026-03-04T19:42:25","date_gmt":"2026-03-04T19:42:25","guid":{"rendered":"https:\/\/modesthanim.com\/product\/12528-lesna-trenc-40-yesil-trenckot-12528\/"},"modified":"2026-04-01T08:28:41","modified_gmt":"2026-04-01T08:28:41","slug":"12528-lesna-trenc-40-yesil-trenckot-12528","status":"publish","type":"product","link":"https:\/\/mod.wisdar.net\/tr\/urun\/12528-lesna-trenc-40-yesil-trenckot-12528\/","title":{"rendered":"12528 LESNA TREN\u00c7 40- Ye\u015fil Tren\u00e7kot 12528"},"content":{"rendered":"<p>\u015e\u0131k ve rahat modelimiz 12528 LESNA TREN\u00c7 40- Ye\u015fil Tren\u00e7kot 12528 zuhre.com.tr&#8217;de sizleri bekliyor! \u00dcr\u00fcn\u00fcm\u00fcz\u00fc incelemek ve sat\u0131n almak i\u00e7in t\u0131klay\u0131n!<\/p>\n","protected":false},"excerpt":{"rendered":"<p>\u015e\u0131k ve rahat modelimiz 12528 LESNA TREN\u00c7 40- Ye\u015fil Tren\u00e7kot 12528 zuhre.com.tr&#8217;de sizleri bekliyor! \u00dcr\u00fcn\u00fcm\u00fcz\u00fc incelemek ve sat\u0131n almak i\u00e7in t\u0131klay\u0131n!<\/p>\n","protected":false},"featured_media":164929,"comment_status":"open","ping_status":"closed","template":"","meta":[],"product_brand":[],"product_cat":[2047],"product_tag":[4999,6751,8107,6776,7825],"class_list":{"0":"post-164945","1":"product","2":"type-product","3":"status-publish","4":"has-post-thumbnail","6":"product_cat-paltolar","7":"product_tag-outerwear","8":"product_tag-rahat","9":"product_tag-sik","10":"product_tag-trenckot","11":"product_tag-yesil","12":"pa_brand-zuhre-com-tr","13":"pa_color-yesil","14":"pa_size-4711","15":"pa_size-4713","16":"pa_size-4751","17":"pa_size-4749","18":"pa_size-4747","19":"pa_size-4746","21":"first","22":"instock","23":"sale","24":"shipping-taxable","25":"purchasable","26":"product-type-variable"},"_links":{"self":[{"href":"https:\/\/mod.wisdar.net\/tr\/wp-json\/wp\/v2\/product\/164945","targetHints":{"allow":["GET"]}}],"collection":[{"href":"https:\/\/mod.wisdar.net\/tr\/wp-json\/wp\/v2\/product"}],"about":[{"href":"https:\/\/mod.wisdar.net\/tr\/wp-json\/wp\/v2\/types\/product"}],"replies":[{"embeddable":true,"href":"https:\/\/mod.wisdar.net\/tr\/wp-json\/wp\/v2\/comments?post=164945"}],"wp:featuredmedia":[{"embeddable":true,"href":"https:\/\/mod.wisdar.net\/tr\/wp-json\/wp\/v2\/media\/164929"}],"wp:attachment":[{"href":"https:\/\/mod.wisdar.net\/tr\/wp-json\/wp\/v2\/media?parent=164945"}],"wp:term":[{"taxonomy":"product_brand","embeddable":true,"href":"https:\/\/mod.wisdar.net\/tr\/wp-json\/wp\/v2\/product_brand?post=164945"},{"taxonomy":"product_cat","embeddable":true,"href":"https:\/\/mod.wisdar.net\/tr\/wp-json\/wp\/v2\/product_cat?post=164945"},{"taxonomy":"product_tag","embeddable":true,"href":"https:\/\/mod.wisdar.net\/tr\/wp-json\/wp\/v2\/product_tag?post=164945"}],"curies":[{"name":"wp","href":"https:\/\/api.w.org\/{rel}","templated":true}]}}