{"id":165254,"date":"2026-03-04T19:46:32","date_gmt":"2026-03-04T19:46:32","guid":{"rendered":"https:\/\/modesthanim.com\/product\/c-0002-traphy-ceket-38-46-gri-mavi-ceket-0002\/"},"modified":"2026-03-04T19:46:57","modified_gmt":"2026-03-04T19:46:57","slug":"c-0002-traphy-ceket-38-46-gri-mavi-ceket-0002","status":"publish","type":"product","link":"https:\/\/mod.wisdar.net\/tr\/urun\/c-0002-traphy-ceket-38-46-gri-mavi-ceket-0002\/","title":{"rendered":"C-0002 TRAPHY CEKET 38-46 Gri\/Mavi Ceket 0002"},"content":{"rendered":"<p>\u015e\u0131k ve rahat tasar\u0131m\u0131yla C-0002 TRAPHY CEKET 38-46 Gri\/Mavi Ceket 0002, zuhre.com.tr&#8217;de sizlerle bulu\u015fuyor! \u00dcr\u00fcn\u00fcm\u00fcz\u00fc detayl\u0131 incelemek ve sat\u0131n almak i\u00e7in hemen t\u0131klay\u0131n!<\/p>\n","protected":false},"excerpt":{"rendered":"<p>\u015e\u0131k ve rahat tasar\u0131m\u0131yla C-0002 TRAPHY CEKET 38-46 Gri\/Mavi Ceket 0002, zuhre.com.tr&#8217;de sizlerle bulu\u015fuyor! \u00dcr\u00fcn\u00fcm\u00fcz\u00fc detayl\u0131 incelemek ve sat\u0131n almak i\u00e7in hemen t\u0131klay\u0131n!<\/p>\n","protected":false},"featured_media":165246,"comment_status":"open","ping_status":"closed","template":"","meta":[],"product_brand":[],"product_cat":[2044],"product_tag":[],"class_list":{"0":"post-165254","1":"product","2":"type-product","3":"status-publish","4":"has-post-thumbnail","6":"product_cat-ceketler","7":"pa_color-gri-mavi","8":"pa_size-4706","9":"pa_size-4711","10":"pa_size-4713","11":"pa_size-4751","12":"pa_size-4749","14":"first","15":"instock","16":"sale","17":"shipping-taxable","18":"purchasable","19":"product-type-variable"},"_links":{"self":[{"href":"https:\/\/mod.wisdar.net\/tr\/wp-json\/wp\/v2\/product\/165254","targetHints":{"allow":["GET"]}}],"collection":[{"href":"https:\/\/mod.wisdar.net\/tr\/wp-json\/wp\/v2\/product"}],"about":[{"href":"https:\/\/mod.wisdar.net\/tr\/wp-json\/wp\/v2\/types\/product"}],"replies":[{"embeddable":true,"href":"https:\/\/mod.wisdar.net\/tr\/wp-json\/wp\/v2\/comments?post=165254"}],"wp:featuredmedia":[{"embeddable":true,"href":"https:\/\/mod.wisdar.net\/tr\/wp-json\/wp\/v2\/media\/165246"}],"wp:attachment":[{"href":"https:\/\/mod.wisdar.net\/tr\/wp-json\/wp\/v2\/media?parent=165254"}],"wp:term":[{"taxonomy":"product_brand","embeddable":true,"href":"https:\/\/mod.wisdar.net\/tr\/wp-json\/wp\/v2\/product_brand?post=165254"},{"taxonomy":"product_cat","embeddable":true,"href":"https:\/\/mod.wisdar.net\/tr\/wp-json\/wp\/v2\/product_cat?post=165254"},{"taxonomy":"product_tag","embeddable":true,"href":"https:\/\/mod.wisdar.net\/tr\/wp-json\/wp\/v2\/product_tag?post=165254"}],"curies":[{"name":"wp","href":"https:\/\/api.w.org\/{rel}","templated":true}]}}