{"id":165348,"date":"2026-03-04T19:47:53","date_gmt":"2026-03-04T19:47:53","guid":{"rendered":"https:\/\/modesthanim.com\/product\/tk-1875-soleni-takim-38-44-cagla-takim-1875\/"},"modified":"2026-03-04T19:48:18","modified_gmt":"2026-03-04T19:48:18","slug":"tk-1875-soleni-takim-38-44-cagla-takim-1875","status":"publish","type":"product","link":"https:\/\/mod.wisdar.net\/tr\/urun\/tk-1875-soleni-takim-38-44-cagla-takim-1875\/","title":{"rendered":"TK-1875 SOLEN\u0130 TAKIM 38-44 \u00c7a\u011fla Tak\u0131m 1875"},"content":{"rendered":"<p>\u015e\u0131k ve rahat modelimiz TK-1875 SOLEN\u0130 TAKIM 38-44 \u00c7a\u011fla Tak\u0131m 1875 zuhre.com.tr&#8217;de sizleri bekliyor! \u00dcr\u00fcn\u00fcm\u00fcz\u00fc incelemek ve sat\u0131n almak i\u00e7in t\u0131klay\u0131n!<\/p>\n","protected":false},"excerpt":{"rendered":"<p>\u015e\u0131k ve rahat modelimiz TK-1875 SOLEN\u0130 TAKIM 38-44 \u00c7a\u011fla Tak\u0131m 1875 zuhre.com.tr&#8217;de sizleri bekliyor! \u00dcr\u00fcn\u00fcm\u00fcz\u00fc incelemek ve sat\u0131n almak i\u00e7in t\u0131klay\u0131n!<\/p>\n","protected":false},"featured_media":165334,"comment_status":"open","ping_status":"closed","template":"","meta":[],"product_brand":[],"product_cat":[1900],"product_tag":[6751,8107],"class_list":{"0":"post-165348","1":"product","2":"type-product","3":"status-publish","4":"has-post-thumbnail","6":"product_cat-koordinatlar-setler","7":"product_tag-rahat","8":"product_tag-sik","9":"pa_color-cagla","10":"pa_size-4706","11":"pa_size-4711","12":"pa_size-4713","13":"pa_size-4751","15":"first","16":"instock","17":"sale","18":"shipping-taxable","19":"purchasable","20":"product-type-variable"},"_links":{"self":[{"href":"https:\/\/mod.wisdar.net\/tr\/wp-json\/wp\/v2\/product\/165348","targetHints":{"allow":["GET"]}}],"collection":[{"href":"https:\/\/mod.wisdar.net\/tr\/wp-json\/wp\/v2\/product"}],"about":[{"href":"https:\/\/mod.wisdar.net\/tr\/wp-json\/wp\/v2\/types\/product"}],"replies":[{"embeddable":true,"href":"https:\/\/mod.wisdar.net\/tr\/wp-json\/wp\/v2\/comments?post=165348"}],"wp:featuredmedia":[{"embeddable":true,"href":"https:\/\/mod.wisdar.net\/tr\/wp-json\/wp\/v2\/media\/165334"}],"wp:attachment":[{"href":"https:\/\/mod.wisdar.net\/tr\/wp-json\/wp\/v2\/media?parent=165348"}],"wp:term":[{"taxonomy":"product_brand","embeddable":true,"href":"https:\/\/mod.wisdar.net\/tr\/wp-json\/wp\/v2\/product_brand?post=165348"},{"taxonomy":"product_cat","embeddable":true,"href":"https:\/\/mod.wisdar.net\/tr\/wp-json\/wp\/v2\/product_cat?post=165348"},{"taxonomy":"product_tag","embeddable":true,"href":"https:\/\/mod.wisdar.net\/tr\/wp-json\/wp\/v2\/product_tag?post=165348"}],"curies":[{"name":"wp","href":"https:\/\/api.w.org\/{rel}","templated":true}]}}