{"id":16553,"date":"2025-11-02T12:44:45","date_gmt":"2025-11-02T12:44:45","guid":{"rendered":"https:\/\/modesthanim.com\/product\/nervurlu-bel-lastikli-elbise-siyah\/"},"modified":"2026-04-03T17:51:20","modified_gmt":"2026-04-03T17:51:20","slug":"nervurlu-bel-lastikli-elbise-siyah","status":"publish","type":"product","link":"https:\/\/mod.wisdar.net\/tr\/urun\/nervurlu-bel-lastikli-elbise-siyah\/","title":{"rendered":"Nerv\u00fcrl\u00fc Bel Lastikli Elbise \u2013 Siyah"},"content":{"rendered":"<p>Nerv\u00fcr detaylar\u0131yla sofistike bir dokunu\u015f kazanan bu elbise, bel lasti\u011fi sayesinde siluetinizi nazik\u00e7e \u015fekillendirir. Hafif ve ak\u0131c\u0131 kuma\u015f\u0131, g\u00fcn boyu konfor sa\u011flarken, sade ama \u015f\u0131k tasar\u0131m\u0131 sayesinde g\u00fcnl\u00fck kullan\u0131mda da \u00f6zel g\u00fcnlerde de \u00f6ne \u00e7\u0131kar.<\/p>\n<p>\u2014 Technical Details \u2014<br \/>\nDesen: D\u00fcz<br \/>\nYaka Tipi: Hakim Yaka<br \/>\nKol Tipi: Uzun Kol<br \/>\nCep: Cepsiz<br \/>\nAstar: Astarl\u0131<br \/>\n\u00dcr\u00fcn Boyu: 143 cm<br \/>\nKal\u0131p Tipi: Rahat Kal\u0131p<br \/>\nMankenin Giydi\u011fi Beden: 36<br \/>\nManken \u00d6l\u00e7\u00fcleri: {&#8216;Boy&#8217;: &#8216;172 cm&#8217;, &#8216;G\u00f6\u011f\u00fcs&#8217;: &#8217;79 cm&#8217;, &#8216;Bel&#8217;: &#8217;61 cm&#8217;, &#8216;Basen&#8217;: &#8217;89 cm&#8217;}<br \/>\nBeden \u00d6l\u00e7\u00fcleri: {&#8217;36&#8217;: {&#8216;Omuz&#8217;: &#8217;38&#8217;, &#8216;G\u00f6\u011f\u00fcs&#8217;: &#8216;114&#8217;, &#8216;Bel&#8217;: &#8217;62&#8217;, &#8216;Boy&#8217;: &#8216;139.5&#8217;, &#8216;Kol Boyu&#8217;: &#8217;60&#8217;}, &#8217;38&#8217;: {&#8216;Omuz&#8217;: &#8217;39&#8217;, &#8216;G\u00f6\u011f\u00fcs&#8217;: &#8216;118&#8217;, &#8216;Bel&#8217;: &#8217;66&#8217;, &#8216;Boy&#8217;: &#8216;140&#8217;, &#8216;Kol Boyu&#8217;: &#8216;60.5&#8217;}, &#8217;40&#8217;: {&#8216;Omuz&#8217;: &#8217;40&#8217;, &#8216;G\u00f6\u011f\u00fcs&#8217;: &#8216;122&#8217;, &#8216;Bel&#8217;: &#8217;70&#8217;, &#8216;Boy&#8217;: &#8216;140.5&#8217;, &#8216;Kol Boyu&#8217;: &#8217;61&#8217;}, &#8217;42&#8217;: {&#8216;Omuz&#8217;: &#8217;41&#8217;, &#8216;G\u00f6\u011f\u00fcs&#8217;: &#8216;126&#8217;, &#8216;Bel&#8217;: &#8217;74&#8217;, &#8216;Boy&#8217;: &#8216;141&#8217;, &#8216;Kol Boyu&#8217;: &#8216;61.5&#8217;}, &#8217;44&#8217;: {&#8216;Omuz&#8217;: &#8217;42&#8217;, &#8216;G\u00f6\u011f\u00fcs&#8217;: &#8216;130&#8217;, &#8216;Bel&#8217;: &#8217;78&#8217;, &#8216;Boy&#8217;: &#8216;141.5&#8217;, &#8216;Kol Boyu&#8217;: &#8217;62&#8217;}}<\/p>\n","protected":false},"excerpt":{"rendered":"<p>Nerv\u00fcr detaylar\u0131yla sofistike bir dokunu\u015f kazanan bu elbise, bel lasti\u011fi sayesinde siluetinizi nazik\u00e7e \u015fekillendirir. Hafif ve ak\u0131c\u0131 kuma\u015f\u0131, g\u00fcn boyu konfor sa\u011flarken, sade ama \u015f\u0131k tasar\u0131m\u0131 sayesinde g\u00fcnl\u00fck kullan\u0131mda da \u00f6zel g\u00fcnlerde de \u00f6ne \u00e7\u0131kar. \u2014 Technical Details \u2014 Desen: D\u00fcz Yaka Tipi: Hakim Yaka Kol Tipi: Uzun Kol Cep: Cepsiz Astar: Astarl\u0131 \u00dcr\u00fcn Boyu: [&hellip;]<\/p>\n","protected":false},"featured_media":51929,"comment_status":"open","ping_status":"closed","template":"","meta":[],"product_brand":[],"product_cat":[6249,1933],"product_tag":[6936,5012,6759,8399],"class_list":{"0":"post-16553","1":"product","2":"type-product","3":"status-publish","4":"has-post-thumbnail","6":"product_cat-elbiseler","7":"product_cat-gunluk-ve-gunduz-elbiseleri","8":"product_tag-cok-yonlu","9":"product_tag-elegant","10":"product_tag-konfor","11":"product_tag-sik-2","12":"pa_brand-tugba","13":"pa_color-siyah","14":"pa_size-4701","15":"pa_size-4706","16":"pa_size-4711","17":"pa_size-4713","18":"pa_size-4751","20":"first","21":"instock","22":"sale","23":"shipping-taxable","24":"purchasable","25":"product-type-variable"},"_links":{"self":[{"href":"https:\/\/mod.wisdar.net\/tr\/wp-json\/wp\/v2\/product\/16553","targetHints":{"allow":["GET"]}}],"collection":[{"href":"https:\/\/mod.wisdar.net\/tr\/wp-json\/wp\/v2\/product"}],"about":[{"href":"https:\/\/mod.wisdar.net\/tr\/wp-json\/wp\/v2\/types\/product"}],"replies":[{"embeddable":true,"href":"https:\/\/mod.wisdar.net\/tr\/wp-json\/wp\/v2\/comments?post=16553"}],"wp:featuredmedia":[{"embeddable":true,"href":"https:\/\/mod.wisdar.net\/tr\/wp-json\/wp\/v2\/media\/51929"}],"wp:attachment":[{"href":"https:\/\/mod.wisdar.net\/tr\/wp-json\/wp\/v2\/media?parent=16553"}],"wp:term":[{"taxonomy":"product_brand","embeddable":true,"href":"https:\/\/mod.wisdar.net\/tr\/wp-json\/wp\/v2\/product_brand?post=16553"},{"taxonomy":"product_cat","embeddable":true,"href":"https:\/\/mod.wisdar.net\/tr\/wp-json\/wp\/v2\/product_cat?post=16553"},{"taxonomy":"product_tag","embeddable":true,"href":"https:\/\/mod.wisdar.net\/tr\/wp-json\/wp\/v2\/product_tag?post=16553"}],"curies":[{"name":"wp","href":"https:\/\/api.w.org\/{rel}","templated":true}]}}