{"id":165627,"date":"2026-03-04T19:51:56","date_gmt":"2026-03-04T19:51:56","guid":{"rendered":"https:\/\/modesthanim.com\/product\/tk-1876-elyra-takim-38-44-siyah-takim-1876\/"},"modified":"2026-04-11T06:14:56","modified_gmt":"2026-04-11T06:14:56","slug":"tk-1876-elyra-takim-38-44-siyah-takim-1876","status":"publish","type":"product","link":"https:\/\/mod.wisdar.net\/tr\/urun\/tk-1876-elyra-takim-38-44-siyah-takim-1876\/","title":{"rendered":"TK-1876 ELYRA TAKIM 38-44 Siyah Tak\u0131m 1876"},"content":{"rendered":"<p>\u015e\u0131k ve rahat modelimiz TK-1876 ELYRA TAKIM 38-44 Siyah Tak\u0131m 1876 zuhre.com.tr&#8217;de sizleri bekliyor! \u00dcr\u00fcn\u00fcm\u00fcz\u00fc incelemek ve sat\u0131n almak i\u00e7in t\u0131klay\u0131n!<\/p>\n","protected":false},"excerpt":{"rendered":"<p>\u015e\u0131k ve rahat modelimiz TK-1876 ELYRA TAKIM 38-44 Siyah Tak\u0131m 1876 zuhre.com.tr&#8217;de sizleri bekliyor! \u00dcr\u00fcn\u00fcm\u00fcz\u00fc incelemek ve sat\u0131n almak i\u00e7in t\u0131klay\u0131n!<\/p>\n","protected":false},"featured_media":165618,"comment_status":"open","ping_status":"closed","template":"","meta":[],"product_brand":[],"product_cat":[1900],"product_tag":[4258,5504,11305,4229],"class_list":{"0":"post-165627","1":"product","2":"type-product","3":"status-publish","4":"has-post-thumbnail","6":"product_cat-koordinatlar-setler","7":"product_tag-black-set","8":"product_tag-comfortable-outfit","9":"product_tag-elyra-set","10":"product_tag-fashion-set","11":"pa_brand-zuhre-com-tr","12":"pa_color-siyah","13":"pa_size-4706","14":"pa_size-4711","15":"pa_size-4713","16":"pa_size-4751","18":"first","19":"outofstock","20":"shipping-taxable","21":"product-type-variable"},"_links":{"self":[{"href":"https:\/\/mod.wisdar.net\/tr\/wp-json\/wp\/v2\/product\/165627","targetHints":{"allow":["GET"]}}],"collection":[{"href":"https:\/\/mod.wisdar.net\/tr\/wp-json\/wp\/v2\/product"}],"about":[{"href":"https:\/\/mod.wisdar.net\/tr\/wp-json\/wp\/v2\/types\/product"}],"replies":[{"embeddable":true,"href":"https:\/\/mod.wisdar.net\/tr\/wp-json\/wp\/v2\/comments?post=165627"}],"wp:featuredmedia":[{"embeddable":true,"href":"https:\/\/mod.wisdar.net\/tr\/wp-json\/wp\/v2\/media\/165618"}],"wp:attachment":[{"href":"https:\/\/mod.wisdar.net\/tr\/wp-json\/wp\/v2\/media?parent=165627"}],"wp:term":[{"taxonomy":"product_brand","embeddable":true,"href":"https:\/\/mod.wisdar.net\/tr\/wp-json\/wp\/v2\/product_brand?post=165627"},{"taxonomy":"product_cat","embeddable":true,"href":"https:\/\/mod.wisdar.net\/tr\/wp-json\/wp\/v2\/product_cat?post=165627"},{"taxonomy":"product_tag","embeddable":true,"href":"https:\/\/mod.wisdar.net\/tr\/wp-json\/wp\/v2\/product_tag?post=165627"}],"curies":[{"name":"wp","href":"https:\/\/api.w.org\/{rel}","templated":true}]}}