{"id":165710,"date":"2026-03-04T19:53:05","date_gmt":"2026-03-04T19:53:05","guid":{"rendered":"https:\/\/modesthanim.com\/product\/tk-1829-elyra-takim-38-46-siyah-takim-1829\/"},"modified":"2026-04-15T22:26:46","modified_gmt":"2026-04-15T22:26:46","slug":"tk-1829-elyra-takim-38-46-siyah-takim-1829","status":"publish","type":"product","link":"https:\/\/mod.wisdar.net\/tr\/urun\/tk-1829-elyra-takim-38-46-siyah-takim-1829\/","title":{"rendered":"TK-1829 ELYRA TAKIM 38-46 Siyah Tak\u0131m 1829"},"content":{"rendered":"<p>\u015e\u0131k ve rahat modelimiz TK-1829 ELYRA TAKIM 38-46 Siyah Tak\u0131m 1829 zuhre.com.tr&#8217;de sizleri bekliyor! \u00dcr\u00fcn\u00fcm\u00fcz\u00fc incelemek ve sat\u0131n almak i\u00e7in t\u0131klay\u0131n!<\/p>\n","protected":false},"excerpt":{"rendered":"<p>\u015e\u0131k ve rahat modelimiz TK-1829 ELYRA TAKIM 38-46 Siyah Tak\u0131m 1829 zuhre.com.tr&#8217;de sizleri bekliyor! \u00dcr\u00fcn\u00fcm\u00fcz\u00fc incelemek ve sat\u0131n almak i\u00e7in t\u0131klay\u0131n!<\/p>\n","protected":false},"featured_media":165693,"comment_status":"open","ping_status":"closed","template":"","meta":[],"product_brand":[],"product_cat":[1900],"product_tag":[],"class_list":{"0":"post-165710","1":"product","2":"type-product","3":"status-publish","4":"has-post-thumbnail","6":"product_cat-koordinatlar-setler","7":"pa_brand-zuhre-com-tr","8":"pa_color-siyah","9":"pa_size-4706","10":"pa_size-4711","11":"pa_size-4713","12":"pa_size-4751","13":"pa_size-4749","15":"first","16":"instock","17":"sale","18":"shipping-taxable","19":"purchasable","20":"product-type-variable"},"_links":{"self":[{"href":"https:\/\/mod.wisdar.net\/tr\/wp-json\/wp\/v2\/product\/165710","targetHints":{"allow":["GET"]}}],"collection":[{"href":"https:\/\/mod.wisdar.net\/tr\/wp-json\/wp\/v2\/product"}],"about":[{"href":"https:\/\/mod.wisdar.net\/tr\/wp-json\/wp\/v2\/types\/product"}],"replies":[{"embeddable":true,"href":"https:\/\/mod.wisdar.net\/tr\/wp-json\/wp\/v2\/comments?post=165710"}],"wp:featuredmedia":[{"embeddable":true,"href":"https:\/\/mod.wisdar.net\/tr\/wp-json\/wp\/v2\/media\/165693"}],"wp:attachment":[{"href":"https:\/\/mod.wisdar.net\/tr\/wp-json\/wp\/v2\/media?parent=165710"}],"wp:term":[{"taxonomy":"product_brand","embeddable":true,"href":"https:\/\/mod.wisdar.net\/tr\/wp-json\/wp\/v2\/product_brand?post=165710"},{"taxonomy":"product_cat","embeddable":true,"href":"https:\/\/mod.wisdar.net\/tr\/wp-json\/wp\/v2\/product_cat?post=165710"},{"taxonomy":"product_tag","embeddable":true,"href":"https:\/\/mod.wisdar.net\/tr\/wp-json\/wp\/v2\/product_tag?post=165710"}],"curies":[{"name":"wp","href":"https:\/\/api.w.org\/{rel}","templated":true}]}}