{"id":165787,"date":"2026-03-04T19:54:03","date_gmt":"2026-03-04T19:54:03","guid":{"rendered":"https:\/\/modesthanim.com\/product\/tk-1890-elyra-takim-1-4-vizon-takim-1890\/"},"modified":"2026-04-11T06:02:46","modified_gmt":"2026-04-11T06:02:46","slug":"tk-1890-elyra-takim-1-4-vizon-takim-1890","status":"publish","type":"product","link":"https:\/\/mod.wisdar.net\/tr\/urun\/tk-1890-elyra-takim-1-4-vizon-takim-1890\/","title":{"rendered":"TK-1890 ELYRA TAKIM 1-4 Vizon Tak\u0131m 1890"},"content":{"rendered":"<p>\u015e\u0131k ve rahat modelimiz TK-1890 ELYRA TAKIM 1-4 Vizon Tak\u0131m 1890 zuhre.com.tr&#8217;de sizleri bekliyor! \u00dcr\u00fcn\u00fcm\u00fcz\u00fc incelemek ve sat\u0131n almak i\u00e7in t\u0131klay\u0131n!<\/p>\n","protected":false},"excerpt":{"rendered":"<p>\u015e\u0131k ve rahat modelimiz TK-1890 ELYRA TAKIM 1-4 Vizon Tak\u0131m 1890 zuhre.com.tr&#8217;de sizleri bekliyor! \u00dcr\u00fcn\u00fcm\u00fcz\u00fc incelemek ve sat\u0131n almak i\u00e7in t\u0131klay\u0131n!<\/p>\n","protected":false},"featured_media":165777,"comment_status":"open","ping_status":"closed","template":"","meta":[],"product_brand":[],"product_cat":[1900],"product_tag":[],"class_list":{"0":"post-165787","1":"product","2":"type-product","3":"status-publish","4":"has-post-thumbnail","6":"product_cat-koordinatlar-setler","7":"pa_brand-zuhre-com-tr","8":"pa_color-vizon","9":"pa_size-4446","10":"pa_size-4463","11":"pa_size-4680","12":"pa_size-4694","14":"first","15":"outofstock","16":"shipping-taxable","17":"product-type-variable"},"_links":{"self":[{"href":"https:\/\/mod.wisdar.net\/tr\/wp-json\/wp\/v2\/product\/165787","targetHints":{"allow":["GET"]}}],"collection":[{"href":"https:\/\/mod.wisdar.net\/tr\/wp-json\/wp\/v2\/product"}],"about":[{"href":"https:\/\/mod.wisdar.net\/tr\/wp-json\/wp\/v2\/types\/product"}],"replies":[{"embeddable":true,"href":"https:\/\/mod.wisdar.net\/tr\/wp-json\/wp\/v2\/comments?post=165787"}],"wp:featuredmedia":[{"embeddable":true,"href":"https:\/\/mod.wisdar.net\/tr\/wp-json\/wp\/v2\/media\/165777"}],"wp:attachment":[{"href":"https:\/\/mod.wisdar.net\/tr\/wp-json\/wp\/v2\/media?parent=165787"}],"wp:term":[{"taxonomy":"product_brand","embeddable":true,"href":"https:\/\/mod.wisdar.net\/tr\/wp-json\/wp\/v2\/product_brand?post=165787"},{"taxonomy":"product_cat","embeddable":true,"href":"https:\/\/mod.wisdar.net\/tr\/wp-json\/wp\/v2\/product_cat?post=165787"},{"taxonomy":"product_tag","embeddable":true,"href":"https:\/\/mod.wisdar.net\/tr\/wp-json\/wp\/v2\/product_tag?post=165787"}],"curies":[{"name":"wp","href":"https:\/\/api.w.org\/{rel}","templated":true}]}}