{"id":165934,"date":"2026-03-04T19:56:01","date_gmt":"2026-03-04T19:56:01","guid":{"rendered":"https:\/\/modesthanim.com\/product\/e-0563-melure-elbise-38-44-bordo-elbise-0563\/"},"modified":"2026-04-11T05:53:24","modified_gmt":"2026-04-11T05:53:24","slug":"e-0563-melure-elbise-38-44-bordo-elbise-0563","status":"publish","type":"product","link":"https:\/\/mod.wisdar.net\/tr\/urun\/e-0563-melure-elbise-38-44-bordo-elbise-0563\/","title":{"rendered":"E-0563 MELURE ELB\u0130SE 38-44 Bordo Elbise 0563"},"content":{"rendered":"<p>\u015e\u0131k ve rahat modelimiz E-0563 MELURE ELB\u0130SE 38-44 Bordo Elbise 0563 zuhre.com.tr&#8217;de sizleri bekliyor! \u00dcr\u00fcn\u00fcm\u00fcz\u00fc incelemek ve sat\u0131n almak i\u00e7in t\u0131klay\u0131n!<\/p>\n","protected":false},"excerpt":{"rendered":"<p>\u015e\u0131k ve rahat modelimiz E-0563 MELURE ELB\u0130SE 38-44 Bordo Elbise 0563 zuhre.com.tr&#8217;de sizleri bekliyor! \u00dcr\u00fcn\u00fcm\u00fcz\u00fc incelemek ve sat\u0131n almak i\u00e7in t\u0131klay\u0131n!<\/p>\n","protected":false},"featured_media":165924,"comment_status":"open","ping_status":"closed","template":"","meta":[],"product_brand":[],"product_cat":[6249,1933],"product_tag":[],"class_list":{"0":"post-165934","1":"product","2":"type-product","3":"status-publish","4":"has-post-thumbnail","6":"product_cat-elbiseler","7":"product_cat-gunluk-ve-gunduz-elbiseleri","8":"pa_brand-zuhre-com-tr","9":"pa_color-bordo","10":"pa_size-4706","11":"pa_size-4711","12":"pa_size-4713","13":"pa_size-4751","15":"first","16":"outofstock","17":"shipping-taxable","18":"product-type-variable"},"_links":{"self":[{"href":"https:\/\/mod.wisdar.net\/tr\/wp-json\/wp\/v2\/product\/165934","targetHints":{"allow":["GET"]}}],"collection":[{"href":"https:\/\/mod.wisdar.net\/tr\/wp-json\/wp\/v2\/product"}],"about":[{"href":"https:\/\/mod.wisdar.net\/tr\/wp-json\/wp\/v2\/types\/product"}],"replies":[{"embeddable":true,"href":"https:\/\/mod.wisdar.net\/tr\/wp-json\/wp\/v2\/comments?post=165934"}],"wp:featuredmedia":[{"embeddable":true,"href":"https:\/\/mod.wisdar.net\/tr\/wp-json\/wp\/v2\/media\/165924"}],"wp:attachment":[{"href":"https:\/\/mod.wisdar.net\/tr\/wp-json\/wp\/v2\/media?parent=165934"}],"wp:term":[{"taxonomy":"product_brand","embeddable":true,"href":"https:\/\/mod.wisdar.net\/tr\/wp-json\/wp\/v2\/product_brand?post=165934"},{"taxonomy":"product_cat","embeddable":true,"href":"https:\/\/mod.wisdar.net\/tr\/wp-json\/wp\/v2\/product_cat?post=165934"},{"taxonomy":"product_tag","embeddable":true,"href":"https:\/\/mod.wisdar.net\/tr\/wp-json\/wp\/v2\/product_tag?post=165934"}],"curies":[{"name":"wp","href":"https:\/\/api.w.org\/{rel}","templated":true}]}}